
{"id":1082960,"date":"2024-01-12T11:12:03","date_gmt":"2024-01-12T10:12:03","guid":{"rendered":"https:\/\/www.q-bo.net\/ersatzteile-fuer-ibiscus-pavillons\/"},"modified":"2024-01-15T10:28:02","modified_gmt":"2024-01-15T09:28:02","slug":"ersatzteile-fuer-ibiscus-pavillons","status":"publish","type":"page","link":"https:\/\/www.q-bo.net\/de\/ersatzteile-fuer-ibiscus-pavillons\/","title":{"rendered":"Ersatzteile f\u00fcr Ibiscus-Pavillons"},"content":{"rendered":"\n<p>Im Laufe der Jahre wurden \u00c4nderungen und Verbesserungen an der Struktur des Ibiscus-Pavillons vorgenommen. <strong>Pr\u00fcfen Sie vor dem<\/strong> Kauf von Ersatzteilen sorgf\u00e4ltig, ob diese f\u00fcr Ihr Modell geeignet sind.<\/p>\n\n<h4 class=\"wp-block-heading\" id=\"h-ibiscus-prodotto-fino-al-2016-new-ibiscus-prodotto-dal-2017\"><a href=\"#ibiscus\">Ibiscus<\/a> produziert im Jahr 2016<br\/>Seit 2017 wird ein <a href=\"#new-ibiscus\">New Ibiscus<\/a> produziert<\/h4>\n\n<div style=\"height:100px\" aria-hidden=\"true\" class=\"wp-block-spacer\"><\/div>\n<div class=\"wp-block-image\">\n<figure class=\"aligncenter size-large\" id=\"ibiscus\"><img loading=\"lazy\" decoding=\"async\" width=\"1024\" height=\"341\" src=\"https:\/\/www.q-bo.net\/site\/wp-content\/uploads\/2024\/01\/copertina-ibiscus-tetto-e-laterali-1024x341.jpg\" alt=\"\" class=\"wp-image-1082725\" srcset=\"https:\/\/www.q-bo.net\/site\/wp-content\/uploads\/2024\/01\/copertina-ibiscus-tetto-e-laterali-1024x341.jpg 1024w, https:\/\/www.q-bo.net\/site\/wp-content\/uploads\/2024\/01\/copertina-ibiscus-tetto-e-laterali-300x100.jpg 300w, https:\/\/www.q-bo.net\/site\/wp-content\/uploads\/2024\/01\/copertina-ibiscus-tetto-e-laterali-768x256.jpg 768w, https:\/\/www.q-bo.net\/site\/wp-content\/uploads\/2024\/01\/copertina-ibiscus-tetto-e-laterali-416x139.jpg 416w, https:\/\/www.q-bo.net\/site\/wp-content\/uploads\/2024\/01\/copertina-ibiscus-tetto-e-laterali.jpg 1500w\" sizes=\"auto, (max-width: 1024px) 100vw, 1024px\" \/><\/figure>\n<\/div>\n<h3 class=\"wp-block-heading\" id=\"h-teli-tetto-tettoie-e-laterali\"><strong>Dach\/Vordach und Seitenbleche<\/strong><\/h3>\n\n<p id=\"Ibiscus\">\u2193 F\u00fcr <strong>Ibiscus<\/strong>-Pavillon Modell <strong>05611<\/strong>, hergestellt <strong>bis 2016<\/strong><\/p>\n<div data-block-name=\"woocommerce\/handpicked-products\" data-content-visibility=\"{&quot;image&quot;:true,&quot;title&quot;:true,&quot;price&quot;:false,&quot;rating&quot;:false,&quot;button&quot;:true}\" data-products=\"[812419,812420]\" class=\"wc-block-grid wp-block-handpicked-products wp-block-woocommerce-handpicked-products wc-block-handpicked-products has-3-columns has-multiple-rows\"><ul class=\"wc-block-grid__products\"><li class=\"wc-block-grid__product\">\n\t\t\t\t<a href=\"https:\/\/www.q-bo.net\/de\/produkt\/dachplane-vordachplane-ibiscus-05750\/\" class=\"wc-block-grid__product-link\">\n\t\t\t\t\t\n\t\t\t\t\t<div class=\"wc-block-grid__product-image\"><img loading=\"lazy\" decoding=\"async\" width=\"324\" height=\"324\" src=\"https:\/\/www.q-bo.net\/site\/wp-content\/uploads\/2023\/03\/05750-324x324.jpg\" class=\"attachment-woocommerce_thumbnail size-woocommerce_thumbnail\" alt=\"Dachplane \/Vordachplane Ibiscus\" srcset=\"https:\/\/www.q-bo.net\/site\/wp-content\/uploads\/2023\/03\/05750-324x324.jpg 324w, https:\/\/www.q-bo.net\/site\/wp-content\/uploads\/2023\/03\/05750-300x300.jpg 300w, https:\/\/www.q-bo.net\/site\/wp-content\/uploads\/2023\/03\/05750-1024x1024.jpg 1024w, https:\/\/www.q-bo.net\/site\/wp-content\/uploads\/2023\/03\/05750-150x150.jpg 150w, https:\/\/www.q-bo.net\/site\/wp-content\/uploads\/2023\/03\/05750-768x768.jpg 768w, https:\/\/www.q-bo.net\/site\/wp-content\/uploads\/2023\/03\/05750-416x416.jpg 416w, https:\/\/www.q-bo.net\/site\/wp-content\/uploads\/2023\/03\/05750-100x100.jpg 100w, https:\/\/www.q-bo.net\/site\/wp-content\/uploads\/2023\/03\/05750.jpg 1440w\" sizes=\"auto, (max-width: 324px) 100vw, 324px\" \/><\/div>\n\t\t\t\t\t<div class=\"wc-block-grid__product-title\">Dachplane \/Vordachplane Ibiscus<\/div>\n\t\t\t\t<\/a>\n\t\t\t\t\n\t\t\t\t\n\t\t\t\t<div class=\"wp-block-button wc-block-grid__product-add-to-cart\"><a href=\"\/de\/wp-json\/wp\/v2\/pages\/1082960?add-to-cart=812419\" aria-label=\"In den Warenkorb legen: \u201eDachplane \/Vordachplane Ibiscus\u201c\" data-quantity=\"1\" data-product_id=\"812419\" data-product_sku=\"05750\" data-price=\"114.99\" rel=\"nofollow\" class=\"wp-block-button__link  add_to_cart_button ajax_add_to_cart\">In den Warenkorb<\/a><\/div>\n\t\t\t<\/li><li class=\"wc-block-grid__product\">\n\t\t\t\t<a href=\"https:\/\/www.q-bo.net\/de\/produkt\/seitenteile-ibiscus-05751\/\" class=\"wc-block-grid__product-link\">\n\t\t\t\t\t\n\t\t\t\t\t<div class=\"wc-block-grid__product-image\"><img loading=\"lazy\" decoding=\"async\" width=\"324\" height=\"324\" src=\"https:\/\/www.q-bo.net\/site\/wp-content\/uploads\/2022\/05\/05751-324x324.jpg\" class=\"attachment-woocommerce_thumbnail size-woocommerce_thumbnail\" alt=\"Seitenteile Ibiscus\" srcset=\"https:\/\/www.q-bo.net\/site\/wp-content\/uploads\/2022\/05\/05751-324x324.jpg 324w, https:\/\/www.q-bo.net\/site\/wp-content\/uploads\/2022\/05\/05751-300x300.jpg 300w, https:\/\/www.q-bo.net\/site\/wp-content\/uploads\/2022\/05\/05751-1024x1024.jpg 1024w, https:\/\/www.q-bo.net\/site\/wp-content\/uploads\/2022\/05\/05751-150x150.jpg 150w, https:\/\/www.q-bo.net\/site\/wp-content\/uploads\/2022\/05\/05751-768x768.jpg 768w, https:\/\/www.q-bo.net\/site\/wp-content\/uploads\/2022\/05\/05751-416x416.jpg 416w, https:\/\/www.q-bo.net\/site\/wp-content\/uploads\/2022\/05\/05751-100x100.jpg 100w, https:\/\/www.q-bo.net\/site\/wp-content\/uploads\/2022\/05\/05751.jpg 1440w\" sizes=\"auto, (max-width: 324px) 100vw, 324px\" \/><\/div>\n\t\t\t\t\t<div class=\"wc-block-grid__product-title\">Seitenteile Ibiscus<\/div>\n\t\t\t\t<\/a>\n\t\t\t\t\n\t\t\t\t\n\t\t\t\t<div class=\"wp-block-button wc-block-grid__product-add-to-cart\"><a href=\"\/de\/wp-json\/wp\/v2\/pages\/1082960?add-to-cart=812420\" aria-label=\"In den Warenkorb legen: \u201eSeitenteile Ibiscus\u201c\" data-quantity=\"1\" data-product_id=\"812420\" data-product_sku=\"05751\" data-price=\"103.49\" rel=\"nofollow\" class=\"wp-block-button__link  add_to_cart_button ajax_add_to_cart\">In den Warenkorb<\/a><\/div>\n\t\t\t<\/li><\/ul><\/div>\n<div style=\"height:100px\" aria-hidden=\"true\" class=\"wp-block-spacer\"><\/div>\n\n<p id=\"new-ibiscus\">\u2193 F\u00fcr den <strong>New<\/strong> <strong>Ibiscus<\/strong>-Pavillon Modell <strong>05611<\/strong>, hergestellt <strong>ab 2017<\/strong><\/p>\n<div data-block-name=\"woocommerce\/handpicked-products\" data-content-visibility=\"{&quot;image&quot;:true,&quot;title&quot;:true,&quot;price&quot;:false,&quot;rating&quot;:false,&quot;button&quot;:true}\" data-products=\"[807824]\" class=\"wc-block-grid wp-block-handpicked-products wp-block-woocommerce-handpicked-products wc-block-handpicked-products has-3-columns has-multiple-rows\"><ul class=\"wc-block-grid__products\"><li class=\"wc-block-grid__product\">\n\t\t\t\t<a href=\"https:\/\/www.q-bo.net\/de\/produkt\/dach-vordachplane-new-ibiscus-20211\/\" class=\"wc-block-grid__product-link\">\n\t\t\t\t\t\n\t\t\t\t\t<div class=\"wc-block-grid__product-image\"><img loading=\"lazy\" decoding=\"async\" width=\"324\" height=\"324\" src=\"https:\/\/www.q-bo.net\/site\/wp-content\/uploads\/2020\/07\/20211-324x324.jpg\" class=\"attachment-woocommerce_thumbnail size-woocommerce_thumbnail\" alt=\"Dach\/Vordachplane New Ibiscus\" srcset=\"https:\/\/www.q-bo.net\/site\/wp-content\/uploads\/2020\/07\/20211-324x324.jpg 324w, https:\/\/www.q-bo.net\/site\/wp-content\/uploads\/2020\/07\/20211-300x300.jpg 300w, https:\/\/www.q-bo.net\/site\/wp-content\/uploads\/2020\/07\/20211-1024x1024.jpg 1024w, https:\/\/www.q-bo.net\/site\/wp-content\/uploads\/2020\/07\/20211-150x150.jpg 150w, https:\/\/www.q-bo.net\/site\/wp-content\/uploads\/2020\/07\/20211-768x768.jpg 768w, https:\/\/www.q-bo.net\/site\/wp-content\/uploads\/2020\/07\/20211-416x416.jpg 416w, https:\/\/www.q-bo.net\/site\/wp-content\/uploads\/2020\/07\/20211-100x100.jpg 100w, https:\/\/www.q-bo.net\/site\/wp-content\/uploads\/2020\/07\/20211.jpg 1440w\" sizes=\"auto, (max-width: 324px) 100vw, 324px\" \/><\/div>\n\t\t\t\t\t<div class=\"wc-block-grid__product-title\">Dach\/Vordachplane New Ibiscus<\/div>\n\t\t\t\t<\/a>\n\t\t\t\t\n\t\t\t\t\n\t\t\t\t<div class=\"wp-block-button wc-block-grid__product-add-to-cart\"><a href=\"\/de\/wp-json\/wp\/v2\/pages\/1082960?add-to-cart=807824\" aria-label=\"In den Warenkorb legen: \u201eDach\/Vordachplane New Ibiscus\u201c\" data-quantity=\"1\" data-product_id=\"807824\" data-product_sku=\"20211\" data-price=\"118.49\" rel=\"nofollow\" class=\"wp-block-button__link  add_to_cart_button ajax_add_to_cart\">In den Warenkorb<\/a><\/div>\n\t\t\t<\/li><\/ul><\/div>\n<div style=\"height:100px\" aria-hidden=\"true\" class=\"wp-block-spacer\"><\/div>\n","protected":false},"excerpt":{"rendered":"<p>Im Laufe der Jahre wurden \u00c4nderungen und Verbesserungen an der Struktur des Ibiscus-Pavillons vorgenommen. Pr\u00fcfen Sie vor dem Kauf von Ersatzteilen sorgf\u00e4ltig, ob diese f\u00fcr Ihr Modell geeignet sind. Ibiscus produziert im Jahr 2016Seit 2017 wird ein New Ibiscus produziert Dach\/Vordach und Seitenbleche \u2193 F\u00fcr Ibiscus-Pavillon Modell 05611, hergestellt bis 2016 \u2193 F\u00fcr den New [&hellip;]<\/p>\n","protected":false},"author":2406,"featured_media":0,"parent":0,"menu_order":0,"comment_status":"closed","ping_status":"closed","template":"","meta":{"jetpack_post_was_ever_published":false,"footnotes":""},"class_list":["post-1082960","page","type-page","status-publish","hentry"],"yoast_head":"<!-- This site is optimized with the Yoast SEO Premium plugin v27.5 (Yoast SEO v27.5) - https:\/\/yoast.com\/product\/yoast-seo-premium-wordpress\/ -->\n<title>Ersatzteile f\u00fcr Ibiscus-Pavillons - Q.bo<\/title>\n<meta name=\"robots\" content=\"index, follow, max-snippet:-1, max-image-preview:large, max-video-preview:-1\" \/>\n<link rel=\"canonical\" href=\"https:\/\/www.q-bo.net\/de\/ersatzteile-fuer-ibiscus-pavillons\/\" \/>\n<meta property=\"og:locale\" content=\"de_DE\" \/>\n<meta property=\"og:type\" content=\"article\" \/>\n<meta property=\"og:title\" content=\"Ersatzteile f\u00fcr Ibiscus-Pavillons\" \/>\n<meta property=\"og:description\" content=\"Im Laufe der Jahre wurden \u00c4nderungen und Verbesserungen an der Struktur des Ibiscus-Pavillons vorgenommen. Pr\u00fcfen Sie vor dem Kauf von Ersatzteilen\" \/>\n<meta property=\"og:url\" content=\"https:\/\/www.q-bo.net\/de\/ersatzteile-fuer-ibiscus-pavillons\/\" \/>\n<meta property=\"og:site_name\" content=\"Q.bo\" \/>\n<meta property=\"article:modified_time\" content=\"2024-01-15T09:28:02+00:00\" \/>\n<meta property=\"og:image\" content=\"https:\/\/www.q-bo.net\/site\/wp-content\/uploads\/2024\/01\/copertina-ibiscus-tetto-e-laterali-1024x341.jpg\" \/>\n<meta name=\"twitter:card\" content=\"summary_large_image\" \/>\n<meta name=\"twitter:site\" content=\"@qbo_srl\" \/>\n<script type=\"application\/ld+json\" class=\"yoast-schema-graph\">{\"@context\":\"https:\\\/\\\/schema.org\",\"@graph\":[{\"@type\":\"WebPage\",\"@id\":\"https:\\\/\\\/www.q-bo.net\\\/de\\\/ersatzteile-fuer-ibiscus-pavillons\\\/\",\"url\":\"https:\\\/\\\/www.q-bo.net\\\/de\\\/ersatzteile-fuer-ibiscus-pavillons\\\/\",\"name\":\"Ersatzteile f\u00fcr Ibiscus-Pavillons - Q.bo\",\"isPartOf\":{\"@id\":\"https:\\\/\\\/www.q-bo.net\\\/de\\\/#website\"},\"primaryImageOfPage\":{\"@id\":\"https:\\\/\\\/www.q-bo.net\\\/de\\\/ersatzteile-fuer-ibiscus-pavillons\\\/#primaryimage\"},\"image\":{\"@id\":\"https:\\\/\\\/www.q-bo.net\\\/de\\\/ersatzteile-fuer-ibiscus-pavillons\\\/#primaryimage\"},\"thumbnailUrl\":\"https:\\\/\\\/www.q-bo.net\\\/site\\\/wp-content\\\/uploads\\\/2024\\\/01\\\/copertina-ibiscus-tetto-e-laterali-1024x341.jpg\",\"datePublished\":\"2024-01-12T10:12:03+00:00\",\"dateModified\":\"2024-01-15T09:28:02+00:00\",\"breadcrumb\":{\"@id\":\"https:\\\/\\\/www.q-bo.net\\\/de\\\/ersatzteile-fuer-ibiscus-pavillons\\\/#breadcrumb\"},\"inLanguage\":\"de-DE\",\"potentialAction\":[{\"@type\":\"ReadAction\",\"target\":[\"https:\\\/\\\/www.q-bo.net\\\/de\\\/ersatzteile-fuer-ibiscus-pavillons\\\/\"]}]},{\"@type\":\"ImageObject\",\"inLanguage\":\"de-DE\",\"@id\":\"https:\\\/\\\/www.q-bo.net\\\/de\\\/ersatzteile-fuer-ibiscus-pavillons\\\/#primaryimage\",\"url\":\"https:\\\/\\\/www.q-bo.net\\\/site\\\/wp-content\\\/uploads\\\/2024\\\/01\\\/copertina-ibiscus-tetto-e-laterali-1024x341.jpg\",\"contentUrl\":\"https:\\\/\\\/www.q-bo.net\\\/site\\\/wp-content\\\/uploads\\\/2024\\\/01\\\/copertina-ibiscus-tetto-e-laterali-1024x341.jpg\"},{\"@type\":\"BreadcrumbList\",\"@id\":\"https:\\\/\\\/www.q-bo.net\\\/de\\\/ersatzteile-fuer-ibiscus-pavillons\\\/#breadcrumb\",\"itemListElement\":[{\"@type\":\"ListItem\",\"position\":1,\"name\":\"Home\",\"item\":\"https:\\\/\\\/www.q-bo.net\\\/de\\\/\"},{\"@type\":\"ListItem\",\"position\":2,\"name\":\"Ersatzteile f\u00fcr Ibiscus-Pavillons\"}]},{\"@type\":\"WebSite\",\"@id\":\"https:\\\/\\\/www.q-bo.net\\\/de\\\/#website\",\"url\":\"https:\\\/\\\/www.q-bo.net\\\/de\\\/\",\"name\":\"Q.bo\",\"description\":\"Camping \\\/ Garten \\\/ Strand \\\/ Freizeit\",\"publisher\":{\"@id\":\"https:\\\/\\\/www.q-bo.net\\\/de\\\/#organization\"},\"potentialAction\":[{\"@type\":\"SearchAction\",\"target\":{\"@type\":\"EntryPoint\",\"urlTemplate\":\"https:\\\/\\\/www.q-bo.net\\\/de\\\/?s={search_term_string}\"},\"query-input\":{\"@type\":\"PropertyValueSpecification\",\"valueRequired\":true,\"valueName\":\"search_term_string\"}}],\"inLanguage\":\"de-DE\"},{\"@type\":\"Organization\",\"@id\":\"https:\\\/\\\/www.q-bo.net\\\/de\\\/#organization\",\"name\":\"Q.bo s.r.l.\",\"url\":\"https:\\\/\\\/www.q-bo.net\\\/de\\\/\",\"logo\":{\"@type\":\"ImageObject\",\"inLanguage\":\"de-DE\",\"@id\":\"https:\\\/\\\/www.q-bo.net\\\/de\\\/#\\\/schema\\\/logo\\\/image\\\/\",\"url\":\"https:\\\/\\\/www.q-bo.net\\\/site\\\/wp-content\\\/uploads\\\/2022\\\/01\\\/logo-qbo.png\",\"contentUrl\":\"https:\\\/\\\/www.q-bo.net\\\/site\\\/wp-content\\\/uploads\\\/2022\\\/01\\\/logo-qbo.png\",\"width\":463,\"height\":108,\"caption\":\"Q.bo s.r.l.\"},\"image\":{\"@id\":\"https:\\\/\\\/www.q-bo.net\\\/de\\\/#\\\/schema\\\/logo\\\/image\\\/\"},\"sameAs\":[\"https:\\\/\\\/x.com\\\/qbo_srl\"]}]}<\/script>\n<!-- \/ Yoast SEO Premium plugin. -->","yoast_head_json":{"title":"Ersatzteile f\u00fcr Ibiscus-Pavillons - Q.bo","robots":{"index":"index","follow":"follow","max-snippet":"max-snippet:-1","max-image-preview":"max-image-preview:large","max-video-preview":"max-video-preview:-1"},"canonical":"https:\/\/www.q-bo.net\/de\/ersatzteile-fuer-ibiscus-pavillons\/","og_locale":"de_DE","og_type":"article","og_title":"Ersatzteile f\u00fcr Ibiscus-Pavillons","og_description":"Im Laufe der Jahre wurden \u00c4nderungen und Verbesserungen an der Struktur des Ibiscus-Pavillons vorgenommen. Pr\u00fcfen Sie vor dem Kauf von Ersatzteilen","og_url":"https:\/\/www.q-bo.net\/de\/ersatzteile-fuer-ibiscus-pavillons\/","og_site_name":"Q.bo","article_modified_time":"2024-01-15T09:28:02+00:00","og_image":[{"url":"https:\/\/www.q-bo.net\/site\/wp-content\/uploads\/2024\/01\/copertina-ibiscus-tetto-e-laterali-1024x341.jpg","type":"","width":"","height":""}],"twitter_card":"summary_large_image","twitter_site":"@qbo_srl","schema":{"@context":"https:\/\/schema.org","@graph":[{"@type":"WebPage","@id":"https:\/\/www.q-bo.net\/de\/ersatzteile-fuer-ibiscus-pavillons\/","url":"https:\/\/www.q-bo.net\/de\/ersatzteile-fuer-ibiscus-pavillons\/","name":"Ersatzteile f\u00fcr Ibiscus-Pavillons - Q.bo","isPartOf":{"@id":"https:\/\/www.q-bo.net\/de\/#website"},"primaryImageOfPage":{"@id":"https:\/\/www.q-bo.net\/de\/ersatzteile-fuer-ibiscus-pavillons\/#primaryimage"},"image":{"@id":"https:\/\/www.q-bo.net\/de\/ersatzteile-fuer-ibiscus-pavillons\/#primaryimage"},"thumbnailUrl":"https:\/\/www.q-bo.net\/site\/wp-content\/uploads\/2024\/01\/copertina-ibiscus-tetto-e-laterali-1024x341.jpg","datePublished":"2024-01-12T10:12:03+00:00","dateModified":"2024-01-15T09:28:02+00:00","breadcrumb":{"@id":"https:\/\/www.q-bo.net\/de\/ersatzteile-fuer-ibiscus-pavillons\/#breadcrumb"},"inLanguage":"de-DE","potentialAction":[{"@type":"ReadAction","target":["https:\/\/www.q-bo.net\/de\/ersatzteile-fuer-ibiscus-pavillons\/"]}]},{"@type":"ImageObject","inLanguage":"de-DE","@id":"https:\/\/www.q-bo.net\/de\/ersatzteile-fuer-ibiscus-pavillons\/#primaryimage","url":"https:\/\/www.q-bo.net\/site\/wp-content\/uploads\/2024\/01\/copertina-ibiscus-tetto-e-laterali-1024x341.jpg","contentUrl":"https:\/\/www.q-bo.net\/site\/wp-content\/uploads\/2024\/01\/copertina-ibiscus-tetto-e-laterali-1024x341.jpg"},{"@type":"BreadcrumbList","@id":"https:\/\/www.q-bo.net\/de\/ersatzteile-fuer-ibiscus-pavillons\/#breadcrumb","itemListElement":[{"@type":"ListItem","position":1,"name":"Home","item":"https:\/\/www.q-bo.net\/de\/"},{"@type":"ListItem","position":2,"name":"Ersatzteile f\u00fcr Ibiscus-Pavillons"}]},{"@type":"WebSite","@id":"https:\/\/www.q-bo.net\/de\/#website","url":"https:\/\/www.q-bo.net\/de\/","name":"Q.bo","description":"Camping \/ Garten \/ Strand \/ Freizeit","publisher":{"@id":"https:\/\/www.q-bo.net\/de\/#organization"},"potentialAction":[{"@type":"SearchAction","target":{"@type":"EntryPoint","urlTemplate":"https:\/\/www.q-bo.net\/de\/?s={search_term_string}"},"query-input":{"@type":"PropertyValueSpecification","valueRequired":true,"valueName":"search_term_string"}}],"inLanguage":"de-DE"},{"@type":"Organization","@id":"https:\/\/www.q-bo.net\/de\/#organization","name":"Q.bo s.r.l.","url":"https:\/\/www.q-bo.net\/de\/","logo":{"@type":"ImageObject","inLanguage":"de-DE","@id":"https:\/\/www.q-bo.net\/de\/#\/schema\/logo\/image\/","url":"https:\/\/www.q-bo.net\/site\/wp-content\/uploads\/2022\/01\/logo-qbo.png","contentUrl":"https:\/\/www.q-bo.net\/site\/wp-content\/uploads\/2022\/01\/logo-qbo.png","width":463,"height":108,"caption":"Q.bo s.r.l."},"image":{"@id":"https:\/\/www.q-bo.net\/de\/#\/schema\/logo\/image\/"},"sameAs":["https:\/\/x.com\/qbo_srl"]}]}},"jetpack_sharing_enabled":true,"jetpack_shortlink":"https:\/\/wp.me\/PaNnHi-4xJ6","_links":{"self":[{"href":"https:\/\/www.q-bo.net\/de\/wp-json\/wp\/v2\/pages\/1082960","targetHints":{"allow":["GET"]}}],"collection":[{"href":"https:\/\/www.q-bo.net\/de\/wp-json\/wp\/v2\/pages"}],"about":[{"href":"https:\/\/www.q-bo.net\/de\/wp-json\/wp\/v2\/types\/page"}],"author":[{"embeddable":true,"href":"https:\/\/www.q-bo.net\/de\/wp-json\/wp\/v2\/users\/2406"}],"replies":[{"embeddable":true,"href":"https:\/\/www.q-bo.net\/de\/wp-json\/wp\/v2\/comments?post=1082960"}],"version-history":[{"count":0,"href":"https:\/\/www.q-bo.net\/de\/wp-json\/wp\/v2\/pages\/1082960\/revisions"}],"wp:attachment":[{"href":"https:\/\/www.q-bo.net\/de\/wp-json\/wp\/v2\/media?parent=1082960"}],"curies":[{"name":"wp","href":"https:\/\/api.w.org\/{rel}","templated":true}]}}