
{"id":1108466,"date":"2025-08-26T13:19:24","date_gmt":"2025-08-26T11:19:24","guid":{"rendered":"https:\/\/www.q-bo.net\/recycling\/"},"modified":"2025-08-26T13:19:41","modified_gmt":"2025-08-26T11:19:41","slug":"recycling","status":"publish","type":"page","link":"https:\/\/www.q-bo.net\/de\/recycling\/","title":{"rendered":"Recycling"},"content":{"rendered":"\n<p><strong>Abfallrecycling <\/strong>umfasst Strategien und Methoden, die darauf abzielen, aus Abf\u00e4llen n\u00fctzliche Materialien f\u00fcr die Wiederverwendung zur\u00fcckzugewinnen, anstatt sie direkt auf Deponien oder in Verbrennungsanlagen zu entsorgen. Recycelte Materialien verhindern somit die Verschwendung potenziell n\u00fctzlicher Materialien, sorgen f\u00fcr mehr Nachhaltigkeit im Produktions- und Nutzungszyklus und reduzieren den Rohstoffverbrauch, den Energieverbrauch und die damit verbundenen Treibhausgasemissionen. <\/p>\n\n<p>Als recycelbare Materialien gelten alle Abf\u00e4lle, die zur Herstellung neuer, mit den Abf\u00e4llen identischer Gegenst\u00e4nde (Glas, Papier) oder zur Herstellung neuer Materialien (Holz, Textilien) wiederverwendet werden k\u00f6nnen.<\/p>\n\n<p>Die Materialien, die recycelt werden k\u00f6nnen, sind:<\/p>\n\n<p><strong>Holz<br\/>Glas<br\/>Papier und Pappe<br\/>Stoff<br\/>Reifen<br\/>Aluminium<br\/>Stahl<br\/>Kunststoff<br\/>Biom\u00fcll<\/strong><\/p>\n\n<p>Besonderes Augenmerk gilt dabei Kunststoff. Da er h\u00e4ufig f\u00fcr Verpackungen verwendet wird, ist er ein Hauptbestandteil von festem Abfall. Zudem ist er nicht biologisch abbaubar, da er \u00fcber 1.000 Jahre im Boden zersetzt ist. Manche Kunststoffarten sind beim Verbrennen giftig; daher ist es wichtig, sie so weit wie m\u00f6glich zu recyceln. Viele Kunststoffarten lassen sich problemlos recyceln, bei anderen ist der Prozess komplexer.   <\/p>\n\n<p><strong>Aus Sicht des Umweltschutzes ist es daher notwendig, alle Produkte am Ende ihres Lebenszyklus fachgerecht zu entsorgen.<\/strong><\/p>\n\n<p>Unsere Benutzerhandb\u00fccher enthalten Anweisungen zur ordnungsgem\u00e4\u00dfen Entsorgung des Produkts. Sollten Sie das Benutzerhandbuch nicht mehr besitzen, k\u00f6nnen Sie es von der Seite \u201e<a href=\"https:\/\/www.q-bo.net\/tag\/manuali\/\">Handb\u00fccher<\/a>\u201c herunterladen.  <\/p>\n\n<h4 class=\"wp-block-heading\" id=\"h-necessiti-di-maggiori-informazioni-circa-lo-smaltimento-del-tuo-prodotto-contattaci\"><strong>Ben\u00f6tigen Sie weitere Informationen zur Entsorgung Ihres Produkts? <a href=\"https:\/\/www.q-bo.net\/de\/kontakt\/\"><strong>Kontaktieren Sie uns<\/strong><\/a><\/strong><\/h4>\n","protected":false},"excerpt":{"rendered":"<p>Abfallrecycling umfasst Strategien und Methoden, die darauf abzielen, aus Abf\u00e4llen n\u00fctzliche Materialien f\u00fcr die Wiederverwendung zur\u00fcckzugewinnen, anstatt sie direkt auf Deponien oder in Verbrennungsanlagen zu entsorgen. Recycelte Materialien verhindern somit die Verschwendung potenziell n\u00fctzlicher Materialien, sorgen f\u00fcr mehr Nachhaltigkeit im Produktions- und Nutzungszyklus und reduzieren den Rohstoffverbrauch, den Energieverbrauch und die damit verbundenen Treibhausgasemissionen. Als [&hellip;]<\/p>\n","protected":false},"author":936,"featured_media":0,"parent":0,"menu_order":0,"comment_status":"closed","ping_status":"closed","template":"","meta":{"jetpack_post_was_ever_published":false,"footnotes":""},"class_list":["post-1108466","page","type-page","status-publish","hentry"],"yoast_head":"<!-- This site is optimized with the Yoast SEO Premium plugin v27.5 (Yoast SEO v27.5) - https:\/\/yoast.com\/product\/yoast-seo-premium-wordpress\/ -->\n<title>Recycling - Q.bo<\/title>\n<meta name=\"robots\" content=\"index, follow, max-snippet:-1, max-image-preview:large, max-video-preview:-1\" \/>\n<link rel=\"canonical\" href=\"https:\/\/www.q-bo.net\/de\/recycling\/\" \/>\n<meta property=\"og:locale\" content=\"de_DE\" \/>\n<meta property=\"og:type\" content=\"article\" \/>\n<meta property=\"og:title\" content=\"Recycling\" \/>\n<meta property=\"og:description\" content=\"Abfallrecycling umfasst Strategien und Methoden, die darauf abzielen, aus Abf\u00e4llen n\u00fctzliche Materialien f\u00fcr die Wiederverwendung zur\u00fcckzugewinnen,\" \/>\n<meta property=\"og:url\" content=\"https:\/\/www.q-bo.net\/de\/recycling\/\" \/>\n<meta property=\"og:site_name\" content=\"Q.bo\" \/>\n<meta property=\"article:modified_time\" content=\"2025-08-26T11:19:41+00:00\" \/>\n<meta name=\"twitter:card\" content=\"summary_large_image\" \/>\n<meta name=\"twitter:site\" content=\"@qbo_srl\" \/>\n<meta name=\"twitter:label1\" content=\"Est. reading time\" \/>\n\t<meta name=\"twitter:data1\" content=\"1 minute\" \/>\n<script type=\"application\/ld+json\" class=\"yoast-schema-graph\">{\"@context\":\"https:\\\/\\\/schema.org\",\"@graph\":[{\"@type\":\"WebPage\",\"@id\":\"https:\\\/\\\/www.q-bo.net\\\/de\\\/recycling\\\/\",\"url\":\"https:\\\/\\\/www.q-bo.net\\\/de\\\/recycling\\\/\",\"name\":\"Recycling - Q.bo\",\"isPartOf\":{\"@id\":\"https:\\\/\\\/www.q-bo.net\\\/de\\\/#website\"},\"datePublished\":\"2025-08-26T11:19:24+00:00\",\"dateModified\":\"2025-08-26T11:19:41+00:00\",\"breadcrumb\":{\"@id\":\"https:\\\/\\\/www.q-bo.net\\\/de\\\/recycling\\\/#breadcrumb\"},\"inLanguage\":\"de-DE\",\"potentialAction\":[{\"@type\":\"ReadAction\",\"target\":[\"https:\\\/\\\/www.q-bo.net\\\/de\\\/recycling\\\/\"]}]},{\"@type\":\"BreadcrumbList\",\"@id\":\"https:\\\/\\\/www.q-bo.net\\\/de\\\/recycling\\\/#breadcrumb\",\"itemListElement\":[{\"@type\":\"ListItem\",\"position\":1,\"name\":\"Home\",\"item\":\"https:\\\/\\\/www.q-bo.net\\\/de\\\/\"},{\"@type\":\"ListItem\",\"position\":2,\"name\":\"Recycling\"}]},{\"@type\":\"WebSite\",\"@id\":\"https:\\\/\\\/www.q-bo.net\\\/de\\\/#website\",\"url\":\"https:\\\/\\\/www.q-bo.net\\\/de\\\/\",\"name\":\"Q.bo\",\"description\":\"Camping \\\/ Garten \\\/ Strand \\\/ Freizeit\",\"publisher\":{\"@id\":\"https:\\\/\\\/www.q-bo.net\\\/de\\\/#organization\"},\"potentialAction\":[{\"@type\":\"SearchAction\",\"target\":{\"@type\":\"EntryPoint\",\"urlTemplate\":\"https:\\\/\\\/www.q-bo.net\\\/de\\\/?s={search_term_string}\"},\"query-input\":{\"@type\":\"PropertyValueSpecification\",\"valueRequired\":true,\"valueName\":\"search_term_string\"}}],\"inLanguage\":\"de-DE\"},{\"@type\":\"Organization\",\"@id\":\"https:\\\/\\\/www.q-bo.net\\\/de\\\/#organization\",\"name\":\"Q.bo s.r.l.\",\"url\":\"https:\\\/\\\/www.q-bo.net\\\/de\\\/\",\"logo\":{\"@type\":\"ImageObject\",\"inLanguage\":\"de-DE\",\"@id\":\"https:\\\/\\\/www.q-bo.net\\\/de\\\/#\\\/schema\\\/logo\\\/image\\\/\",\"url\":\"https:\\\/\\\/www.q-bo.net\\\/site\\\/wp-content\\\/uploads\\\/2022\\\/01\\\/logo-qbo.png\",\"contentUrl\":\"https:\\\/\\\/www.q-bo.net\\\/site\\\/wp-content\\\/uploads\\\/2022\\\/01\\\/logo-qbo.png\",\"width\":463,\"height\":108,\"caption\":\"Q.bo s.r.l.\"},\"image\":{\"@id\":\"https:\\\/\\\/www.q-bo.net\\\/de\\\/#\\\/schema\\\/logo\\\/image\\\/\"},\"sameAs\":[\"https:\\\/\\\/x.com\\\/qbo_srl\"]}]}<\/script>\n<!-- \/ Yoast SEO Premium plugin. -->","yoast_head_json":{"title":"Recycling - Q.bo","robots":{"index":"index","follow":"follow","max-snippet":"max-snippet:-1","max-image-preview":"max-image-preview:large","max-video-preview":"max-video-preview:-1"},"canonical":"https:\/\/www.q-bo.net\/de\/recycling\/","og_locale":"de_DE","og_type":"article","og_title":"Recycling","og_description":"Abfallrecycling umfasst Strategien und Methoden, die darauf abzielen, aus Abf\u00e4llen n\u00fctzliche Materialien f\u00fcr die Wiederverwendung zur\u00fcckzugewinnen,","og_url":"https:\/\/www.q-bo.net\/de\/recycling\/","og_site_name":"Q.bo","article_modified_time":"2025-08-26T11:19:41+00:00","twitter_card":"summary_large_image","twitter_site":"@qbo_srl","twitter_misc":{"Est. reading time":"1 minute"},"schema":{"@context":"https:\/\/schema.org","@graph":[{"@type":"WebPage","@id":"https:\/\/www.q-bo.net\/de\/recycling\/","url":"https:\/\/www.q-bo.net\/de\/recycling\/","name":"Recycling - Q.bo","isPartOf":{"@id":"https:\/\/www.q-bo.net\/de\/#website"},"datePublished":"2025-08-26T11:19:24+00:00","dateModified":"2025-08-26T11:19:41+00:00","breadcrumb":{"@id":"https:\/\/www.q-bo.net\/de\/recycling\/#breadcrumb"},"inLanguage":"de-DE","potentialAction":[{"@type":"ReadAction","target":["https:\/\/www.q-bo.net\/de\/recycling\/"]}]},{"@type":"BreadcrumbList","@id":"https:\/\/www.q-bo.net\/de\/recycling\/#breadcrumb","itemListElement":[{"@type":"ListItem","position":1,"name":"Home","item":"https:\/\/www.q-bo.net\/de\/"},{"@type":"ListItem","position":2,"name":"Recycling"}]},{"@type":"WebSite","@id":"https:\/\/www.q-bo.net\/de\/#website","url":"https:\/\/www.q-bo.net\/de\/","name":"Q.bo","description":"Camping \/ Garten \/ Strand \/ Freizeit","publisher":{"@id":"https:\/\/www.q-bo.net\/de\/#organization"},"potentialAction":[{"@type":"SearchAction","target":{"@type":"EntryPoint","urlTemplate":"https:\/\/www.q-bo.net\/de\/?s={search_term_string}"},"query-input":{"@type":"PropertyValueSpecification","valueRequired":true,"valueName":"search_term_string"}}],"inLanguage":"de-DE"},{"@type":"Organization","@id":"https:\/\/www.q-bo.net\/de\/#organization","name":"Q.bo s.r.l.","url":"https:\/\/www.q-bo.net\/de\/","logo":{"@type":"ImageObject","inLanguage":"de-DE","@id":"https:\/\/www.q-bo.net\/de\/#\/schema\/logo\/image\/","url":"https:\/\/www.q-bo.net\/site\/wp-content\/uploads\/2022\/01\/logo-qbo.png","contentUrl":"https:\/\/www.q-bo.net\/site\/wp-content\/uploads\/2022\/01\/logo-qbo.png","width":463,"height":108,"caption":"Q.bo s.r.l."},"image":{"@id":"https:\/\/www.q-bo.net\/de\/#\/schema\/logo\/image\/"},"sameAs":["https:\/\/x.com\/qbo_srl"]}]}},"jetpack_sharing_enabled":true,"jetpack_shortlink":"https:\/\/wp.me\/PaNnHi-4Emu","_links":{"self":[{"href":"https:\/\/www.q-bo.net\/de\/wp-json\/wp\/v2\/pages\/1108466","targetHints":{"allow":["GET"]}}],"collection":[{"href":"https:\/\/www.q-bo.net\/de\/wp-json\/wp\/v2\/pages"}],"about":[{"href":"https:\/\/www.q-bo.net\/de\/wp-json\/wp\/v2\/types\/page"}],"author":[{"embeddable":true,"href":"https:\/\/www.q-bo.net\/de\/wp-json\/wp\/v2\/users\/936"}],"replies":[{"embeddable":true,"href":"https:\/\/www.q-bo.net\/de\/wp-json\/wp\/v2\/comments?post=1108466"}],"version-history":[{"count":1,"href":"https:\/\/www.q-bo.net\/de\/wp-json\/wp\/v2\/pages\/1108466\/revisions"}],"predecessor-version":[{"id":1108467,"href":"https:\/\/www.q-bo.net\/de\/wp-json\/wp\/v2\/pages\/1108466\/revisions\/1108467"}],"wp:attachment":[{"href":"https:\/\/www.q-bo.net\/de\/wp-json\/wp\/v2\/media?parent=1108466"}],"curies":[{"name":"wp","href":"https:\/\/api.w.org\/{rel}","templated":true}]}}