
{"id":19735,"date":"2018-07-23T18:31:28","date_gmt":"2018-07-23T16:31:28","guid":{"rendered":"https:\/\/www.q-bo.net\/?page_id=19735"},"modified":"2018-09-21T12:54:42","modified_gmt":"2018-09-21T10:54:42","slug":"datenschutz-cookies","status":"publish","type":"page","link":"https:\/\/www.q-bo.net\/de\/datenschutz-cookies\/","title":{"rendered":"Datenschutz &#038; Cookies"},"content":{"rendered":"<p>&nbsp;<\/p>\n<p>Der Schutz Ihrer personenbezogenen Daten ist f\u00fcr uns ein wichtiges Anliegen. In diesen Datenschutzhinweisen erkl\u00e4ren wir, wie wir Ihre personenbezogenen Daten erheben, was wir damit tun, f\u00fcr welche Zwecke und auf welchen Rechtsgrundlagen dies geschieht, und welche Rechte und Anspr\u00fcche sich damit f\u00fcr Sie verbinden.<\/p>\n<p>&nbsp;<\/p>\n<p><strong>Die vollst\u00e4ndige \u00dcbersetzung ist in Bearbeitung.<\/strong><br \/>\nBitte besuchen Sie diese Seite sp\u00e4ter.<\/p>\n<p>Sie k\u00f6nnen die vollst\u00e4ndige Datenschutzrichtlinie auf Italienisch <a href=\"\/privacy-informativa-cookies\/\">hier<\/a> einsehen.<\/p>\n<p>&nbsp;<\/p>\n","protected":false},"excerpt":{"rendered":"<p>&nbsp; Der Schutz Ihrer personenbezogenen Daten ist f\u00fcr uns ein wichtiges Anliegen. In diesen Datenschutzhinweisen erkl\u00e4ren wir, wie wir Ihre personenbezogenen Daten erheben, was wir damit tun, f\u00fcr welche Zwecke und auf welchen Rechtsgrundlagen dies geschieht, und welche Rechte und Anspr\u00fcche sich damit f\u00fcr Sie verbinden. &nbsp; Die vollst\u00e4ndige \u00dcbersetzung ist in Bearbeitung. Bitte besuchen [&hellip;]<\/p>\n","protected":false},"author":936,"featured_media":0,"parent":0,"menu_order":0,"comment_status":"closed","ping_status":"closed","template":"","meta":{"jetpack_post_was_ever_published":false,"footnotes":""},"class_list":["post-19735","page","type-page","status-publish","hentry"],"yoast_head":"<!-- This site is optimized with the Yoast SEO Premium plugin v27.5 (Yoast SEO v27.5) - https:\/\/yoast.com\/product\/yoast-seo-premium-wordpress\/ -->\n<title>Datenschutz &amp; Cookies - Q.bo<\/title>\n<meta name=\"robots\" content=\"index, follow, max-snippet:-1, max-image-preview:large, max-video-preview:-1\" \/>\n<link rel=\"canonical\" href=\"https:\/\/www.q-bo.net\/de\/datenschutz-cookies\/\" \/>\n<meta property=\"og:locale\" content=\"de_DE\" \/>\n<meta property=\"og:type\" content=\"article\" \/>\n<meta property=\"og:title\" content=\"Datenschutz &amp; Cookies\" \/>\n<meta property=\"og:description\" content=\"&nbsp; Der Schutz Ihrer personenbezogenen Daten ist f\u00fcr uns ein wichtiges Anliegen. In diesen Datenschutzhinweisen erkl\u00e4ren wir, wie wir Ihre\" \/>\n<meta property=\"og:url\" content=\"https:\/\/www.q-bo.net\/de\/datenschutz-cookies\/\" \/>\n<meta property=\"og:site_name\" content=\"Q.bo\" \/>\n<meta property=\"article:modified_time\" content=\"2018-09-21T10:54:42+00:00\" \/>\n<meta name=\"twitter:card\" content=\"summary_large_image\" \/>\n<meta name=\"twitter:site\" content=\"@qbo_srl\" \/>\n<script type=\"application\/ld+json\" class=\"yoast-schema-graph\">{\"@context\":\"https:\\\/\\\/schema.org\",\"@graph\":[{\"@type\":\"WebPage\",\"@id\":\"https:\\\/\\\/www.q-bo.net\\\/de\\\/datenschutz-cookies\\\/\",\"url\":\"https:\\\/\\\/www.q-bo.net\\\/de\\\/datenschutz-cookies\\\/\",\"name\":\"Datenschutz & Cookies - Q.bo\",\"isPartOf\":{\"@id\":\"https:\\\/\\\/www.q-bo.net\\\/de\\\/#website\"},\"datePublished\":\"2018-07-23T16:31:28+00:00\",\"dateModified\":\"2018-09-21T10:54:42+00:00\",\"breadcrumb\":{\"@id\":\"https:\\\/\\\/www.q-bo.net\\\/de\\\/datenschutz-cookies\\\/#breadcrumb\"},\"inLanguage\":\"de-DE\",\"potentialAction\":[{\"@type\":\"ReadAction\",\"target\":[\"https:\\\/\\\/www.q-bo.net\\\/de\\\/datenschutz-cookies\\\/\"]}]},{\"@type\":\"BreadcrumbList\",\"@id\":\"https:\\\/\\\/www.q-bo.net\\\/de\\\/datenschutz-cookies\\\/#breadcrumb\",\"itemListElement\":[{\"@type\":\"ListItem\",\"position\":1,\"name\":\"Home\",\"item\":\"https:\\\/\\\/www.q-bo.net\\\/de\\\/\"},{\"@type\":\"ListItem\",\"position\":2,\"name\":\"Datenschutz &#038; Cookies\"}]},{\"@type\":\"WebSite\",\"@id\":\"https:\\\/\\\/www.q-bo.net\\\/de\\\/#website\",\"url\":\"https:\\\/\\\/www.q-bo.net\\\/de\\\/\",\"name\":\"Q.bo\",\"description\":\"Camping \\\/ Garten \\\/ Strand \\\/ Freizeit\",\"publisher\":{\"@id\":\"https:\\\/\\\/www.q-bo.net\\\/de\\\/#organization\"},\"potentialAction\":[{\"@type\":\"SearchAction\",\"target\":{\"@type\":\"EntryPoint\",\"urlTemplate\":\"https:\\\/\\\/www.q-bo.net\\\/de\\\/?s={search_term_string}\"},\"query-input\":{\"@type\":\"PropertyValueSpecification\",\"valueRequired\":true,\"valueName\":\"search_term_string\"}}],\"inLanguage\":\"de-DE\"},{\"@type\":\"Organization\",\"@id\":\"https:\\\/\\\/www.q-bo.net\\\/de\\\/#organization\",\"name\":\"Q.bo s.r.l.\",\"url\":\"https:\\\/\\\/www.q-bo.net\\\/de\\\/\",\"logo\":{\"@type\":\"ImageObject\",\"inLanguage\":\"de-DE\",\"@id\":\"https:\\\/\\\/www.q-bo.net\\\/de\\\/#\\\/schema\\\/logo\\\/image\\\/\",\"url\":\"https:\\\/\\\/www.q-bo.net\\\/site\\\/wp-content\\\/uploads\\\/2022\\\/01\\\/logo-qbo.png\",\"contentUrl\":\"https:\\\/\\\/www.q-bo.net\\\/site\\\/wp-content\\\/uploads\\\/2022\\\/01\\\/logo-qbo.png\",\"width\":463,\"height\":108,\"caption\":\"Q.bo s.r.l.\"},\"image\":{\"@id\":\"https:\\\/\\\/www.q-bo.net\\\/de\\\/#\\\/schema\\\/logo\\\/image\\\/\"},\"sameAs\":[\"https:\\\/\\\/x.com\\\/qbo_srl\"]}]}<\/script>\n<!-- \/ Yoast SEO Premium plugin. -->","yoast_head_json":{"title":"Datenschutz & Cookies - Q.bo","robots":{"index":"index","follow":"follow","max-snippet":"max-snippet:-1","max-image-preview":"max-image-preview:large","max-video-preview":"max-video-preview:-1"},"canonical":"https:\/\/www.q-bo.net\/de\/datenschutz-cookies\/","og_locale":"de_DE","og_type":"article","og_title":"Datenschutz & Cookies","og_description":"&nbsp; Der Schutz Ihrer personenbezogenen Daten ist f\u00fcr uns ein wichtiges Anliegen. In diesen Datenschutzhinweisen erkl\u00e4ren wir, wie wir Ihre","og_url":"https:\/\/www.q-bo.net\/de\/datenschutz-cookies\/","og_site_name":"Q.bo","article_modified_time":"2018-09-21T10:54:42+00:00","twitter_card":"summary_large_image","twitter_site":"@qbo_srl","schema":{"@context":"https:\/\/schema.org","@graph":[{"@type":"WebPage","@id":"https:\/\/www.q-bo.net\/de\/datenschutz-cookies\/","url":"https:\/\/www.q-bo.net\/de\/datenschutz-cookies\/","name":"Datenschutz & Cookies - Q.bo","isPartOf":{"@id":"https:\/\/www.q-bo.net\/de\/#website"},"datePublished":"2018-07-23T16:31:28+00:00","dateModified":"2018-09-21T10:54:42+00:00","breadcrumb":{"@id":"https:\/\/www.q-bo.net\/de\/datenschutz-cookies\/#breadcrumb"},"inLanguage":"de-DE","potentialAction":[{"@type":"ReadAction","target":["https:\/\/www.q-bo.net\/de\/datenschutz-cookies\/"]}]},{"@type":"BreadcrumbList","@id":"https:\/\/www.q-bo.net\/de\/datenschutz-cookies\/#breadcrumb","itemListElement":[{"@type":"ListItem","position":1,"name":"Home","item":"https:\/\/www.q-bo.net\/de\/"},{"@type":"ListItem","position":2,"name":"Datenschutz &#038; Cookies"}]},{"@type":"WebSite","@id":"https:\/\/www.q-bo.net\/de\/#website","url":"https:\/\/www.q-bo.net\/de\/","name":"Q.bo","description":"Camping \/ Garten \/ Strand \/ Freizeit","publisher":{"@id":"https:\/\/www.q-bo.net\/de\/#organization"},"potentialAction":[{"@type":"SearchAction","target":{"@type":"EntryPoint","urlTemplate":"https:\/\/www.q-bo.net\/de\/?s={search_term_string}"},"query-input":{"@type":"PropertyValueSpecification","valueRequired":true,"valueName":"search_term_string"}}],"inLanguage":"de-DE"},{"@type":"Organization","@id":"https:\/\/www.q-bo.net\/de\/#organization","name":"Q.bo s.r.l.","url":"https:\/\/www.q-bo.net\/de\/","logo":{"@type":"ImageObject","inLanguage":"de-DE","@id":"https:\/\/www.q-bo.net\/de\/#\/schema\/logo\/image\/","url":"https:\/\/www.q-bo.net\/site\/wp-content\/uploads\/2022\/01\/logo-qbo.png","contentUrl":"https:\/\/www.q-bo.net\/site\/wp-content\/uploads\/2022\/01\/logo-qbo.png","width":463,"height":108,"caption":"Q.bo s.r.l."},"image":{"@id":"https:\/\/www.q-bo.net\/de\/#\/schema\/logo\/image\/"},"sameAs":["https:\/\/x.com\/qbo_srl"]}]}},"jetpack_sharing_enabled":true,"jetpack_shortlink":"https:\/\/wp.me\/PaNnHi-58j","_links":{"self":[{"href":"https:\/\/www.q-bo.net\/de\/wp-json\/wp\/v2\/pages\/19735","targetHints":{"allow":["GET"]}}],"collection":[{"href":"https:\/\/www.q-bo.net\/de\/wp-json\/wp\/v2\/pages"}],"about":[{"href":"https:\/\/www.q-bo.net\/de\/wp-json\/wp\/v2\/types\/page"}],"author":[{"embeddable":true,"href":"https:\/\/www.q-bo.net\/de\/wp-json\/wp\/v2\/users\/936"}],"replies":[{"embeddable":true,"href":"https:\/\/www.q-bo.net\/de\/wp-json\/wp\/v2\/comments?post=19735"}],"version-history":[{"count":0,"href":"https:\/\/www.q-bo.net\/de\/wp-json\/wp\/v2\/pages\/19735\/revisions"}],"wp:attachment":[{"href":"https:\/\/www.q-bo.net\/de\/wp-json\/wp\/v2\/media?parent=19735"}],"curies":[{"name":"wp","href":"https:\/\/api.w.org\/{rel}","templated":true}]}}