
{"id":958578,"date":"2022-04-29T09:39:51","date_gmt":"2022-04-29T07:39:51","guid":{"rendered":"https:\/\/www.q-bo.net\/?page_id=958578"},"modified":"2024-01-12T12:43:31","modified_gmt":"2024-01-12T11:43:31","slug":"kontakt-teile-anfordern","status":"publish","type":"page","link":"https:\/\/www.q-bo.net\/de\/kontakt-teile-anfordern\/","title":{"rendered":"Ersatzteilanfrage"},"content":{"rendered":"\n<p>Compila il modulo sotto per richiedere parti di ricambio per un <strong>prodotto non&nbsp;pi\u00f9 coperto da garanzia<\/strong>.<br>Se il tuo prodotto \u00e8 ancora coperto da garanzia legale, apri una richiesta di <a title=\"Assistenza in garanzia\" href=\"\/assistenza\/\">Assistenza in garanzia<\/a>.<\/p>\n\n\n\n<div style=\"background-color: #ffffcc; padding: 20px;\">Utilizzando il browser Apple Safari potresti riscontrare difficolt\u00e0 al momento dell&#8217;invio della tua richiesta; se dovesse accadere utilizza <a title=\"Scarica Fire Fox\" href=\"https:\/\/www.mozilla.org\/it\/firefox\/\" target=\"_blank\" rel=\"noopener\">Fire Fox<\/a> o <a title=\"Scarica Chrome\" href=\"https:\/\/www.google.com\/chrome\/\" target=\"_blank\" rel=\"noopener\">Chrome<\/a>.<\/div>\n\n\n\n<div style=\"height:50px\" aria-hidden=\"true\" class=\"wp-block-spacer\"><\/div>\n\n\n\n<div class=\"wp-block-contact-form-7-contact-form-selector\">\n<div class=\"wpcf7 no-js\" id=\"wpcf7-f964539-o1\" lang=\"de-DE\" dir=\"ltr\" data-wpcf7-id=\"964539\">\n<div class=\"screen-reader-response\"><p role=\"status\" aria-live=\"polite\" aria-atomic=\"true\"><\/p> <ul><\/ul><\/div>\n<form action=\"\/de\/wp-json\/wp\/v2\/pages\/958578#wpcf7-f964539-o1\" method=\"post\" class=\"wpcf7-form init\" aria-label=\"Contact form\" enctype=\"multipart\/form-data\" novalidate=\"novalidate\" data-status=\"init\">\n<fieldset class=\"hidden-fields-container\"><input type=\"hidden\" name=\"_wpcf7\" value=\"964539\" \/><input type=\"hidden\" name=\"_wpcf7_version\" value=\"6.1.5\" \/><input type=\"hidden\" name=\"_wpcf7_locale\" value=\"de_DE\" \/><input type=\"hidden\" name=\"_wpcf7_unit_tag\" value=\"wpcf7-f964539-o1\" \/><input type=\"hidden\" name=\"_wpcf7_container_post\" value=\"0\" \/><input type=\"hidden\" name=\"_wpcf7_posted_data_hash\" value=\"\" \/><input type=\"hidden\" name=\"_wpcf7_recaptcha_response\" value=\"\" \/>\n<\/fieldset>\n<p style=\"color:#ff9900;\"><strong>! Alle Felder sind erforderlich<\/strong>\n<\/p>\n<p><strong>Dein Name<\/strong><br \/>\n<span class=\"wpcf7-form-control-wrap\" data-name=\"your-name\"><input size=\"40\" maxlength=\"50\" class=\"wpcf7-form-control wpcf7-text wpcf7-validates-as-required\" aria-required=\"true\" aria-invalid=\"false\" value=\"\" type=\"text\" name=\"your-name\" \/><\/span>\n<\/p>\n<p><strong>Registergericht und Handelsregisternummer<\/strong><br \/>\n<span class=\"wpcf7-form-control-wrap\" data-name=\"vat-taxID\"><input size=\"40\" maxlength=\"30\" class=\"wpcf7-form-control wpcf7-text wpcf7-validates-as-required\" aria-required=\"true\" aria-invalid=\"false\" value=\"\" type=\"text\" name=\"vat-taxID\" \/><\/span>\n<\/p>\n<p><strong>Str\u00e1\u00dfe<\/strong><br \/>\n<span class=\"wpcf7-form-control-wrap\" data-name=\"text-street\"><input size=\"40\" maxlength=\"50\" class=\"wpcf7-form-control wpcf7-text wpcf7-validates-as-required\" aria-required=\"true\" aria-invalid=\"false\" placeholder=\"Stra\u00dfe, Allee, Kurs\" value=\"\" type=\"text\" name=\"text-street\" \/><\/span>\n<\/p>\n<p><span class=\"wpcf7-form-control-wrap\" data-name=\"text-zip\"><input size=\"40\" maxlength=\"50\" class=\"wpcf7-form-control wpcf7-text wpcf7-validates-as-required\" aria-required=\"true\" aria-invalid=\"false\" placeholder=\"PLZ\" value=\"\" type=\"text\" name=\"text-zip\" \/><\/span>\n<\/p>\n<p><span class=\"wpcf7-form-control-wrap\" data-name=\"text-province\"><input size=\"40\" maxlength=\"50\" class=\"wpcf7-form-control wpcf7-text wpcf7-validates-as-required\" aria-required=\"true\" aria-invalid=\"false\" placeholder=\"Stadt\" value=\"\" type=\"text\" name=\"text-province\" \/><\/span>\n<\/p>\n<p><span class=\"wpcf7-form-control-wrap\" data-name=\"text-state\"><input size=\"40\" maxlength=\"50\" class=\"wpcf7-form-control wpcf7-text wpcf7-validates-as-required\" aria-required=\"true\" aria-invalid=\"false\" placeholder=\"Nation\" value=\"\" type=\"text\" name=\"text-state\" \/><\/span>\n<\/p>\n<p><strong>E-Mail-Adresse<\/strong><br \/>\n<span class=\"wpcf7-form-control-wrap\" data-name=\"your-email\"><input size=\"40\" maxlength=\"50\" class=\"wpcf7-form-control wpcf7-email wpcf7-validates-as-required wpcf7-text wpcf7-validates-as-email\" aria-required=\"true\" aria-invalid=\"false\" value=\"\" type=\"email\" name=\"your-email\" \/><\/span>\n<\/p>\n<p><strong>Mobilnummer<\/strong><br \/>\n<span class=\"wpcf7-form-control-wrap\" data-name=\"your-phone\"><input size=\"40\" maxlength=\"30\" class=\"wpcf7-form-control wpcf7-tel wpcf7-validates-as-required wpcf7-text wpcf7-validates-as-tel\" aria-required=\"true\" aria-invalid=\"false\" value=\"\" type=\"tel\" name=\"your-phone\" \/><\/span>\n<\/p>\n<hr \/>\n<p><strong>Produktcode<\/strong><br \/>\nGeben Sie den Code des Produkts ein, f\u00fcr das Sie Ersatzteile ben\u00f6tigen.<br \/>\nAlle unsere Produkte sind durch einen eindeutigen Code identifizierbar, der auf der Verpackung oder auf einem Stoffetikett oder auf einem am Produkt h\u00e4ngenden Anh\u00e4nger oder auf einem am Produkt angebrachten Aufkleber aufgedruckt ist.\n<\/p>\n<p><span class=\"wpcf7-form-control-wrap\" data-name=\"item-code\"><input size=\"40\" maxlength=\"10\" class=\"wpcf7-form-control wpcf7-text wpcf7-validates-as-required\" aria-required=\"true\" aria-invalid=\"false\" value=\"\" type=\"text\" name=\"item-code\" \/><\/span>\n<\/p>\n<p><strong>Ben\u00f6tigte Ersatzteile<\/strong> (max. 1000 Zeichen)<br \/>\nSuchen Sie die Ersatzteile in der im Lieferumfang enthaltenen Bedienungsanleitung (falls vorhanden) und tragen Sie den Ersatzteilcode in das Feld unten ein. Das Handbuch ist m\u00f6glicherweise auch auf der <a href=\"\/de\/manuali-duso-e-istruzioni_de\/\" alt=\"Suchen Sie nach Benutzerhandb\u00fcchern und Anweisungen\" title=\"Suchen Sie nach Benutzerhandb\u00fcchern und Anweisungen\"<\/a>Seite Benutzerhandb\u00fccher und Anleitungen verf\u00fcgbar<\/a>. Wenn das Handbuch nicht verf\u00fcgbar ist, versuchen Sie, die ben\u00f6tigten Ersatzteile so genau wie m\u00f6glich und mit Hilfe einiger Fotos zu beschreiben.<br \/>\n<span class=\"wpcf7-form-control-wrap\" data-name=\"your-message\"><textarea cols=\"40\" rows=\"10\" maxlength=\"1000\" class=\"wpcf7-form-control wpcf7-textarea wpcf7-validates-as-required\" aria-required=\"true\" aria-invalid=\"false\" name=\"your-message\"><\/textarea><\/span>\n<\/p>\n<p><strong>Ersatzteilfotos erforderlich<\/strong><br \/>\nF\u00fcgen Sie Fotos bei, auf denen die ben\u00f6tigten Ersatzteile erkennbar sind.<br \/>\nAkzeptierte Formate .PDF .JPG .PNG .MP4 .MOV (max. 2 MB pro Datei).\n<\/p>\n<div id=\"image-resize\" style=\"padding: 0 0 20px 20px;\">\n\t<p><em>Um das Gewicht eines Fotos oder die Gr\u00f6\u00dfe eines Videos zu reduzieren, k\u00f6nnen Sie eine der vielen online verf\u00fcgbaren Anleitungen konsultieren <a href=\"https:\/\/www.aranzulla.it\/come-ridurre-il-peso-di-una-foto-19223.html\" alt=\"How to reduce the weight of a photo\" title=\"How to reduce the weight of a photo\" target=\"_blank\">So reduzieren Sie das Gewicht eines Fotos<\/a> | <a href=\"https:\/\/www.aranzulla.it\/come-ridurre-le-dimensioni-di-un-video-29285.html\" alt=\"So reduzieren Sie das Gewicht eines Fotos\" title=\"So reduzieren Sie das Gewicht eines Fotos\" target=\"_blank\">So reduzieren Sie die Gr\u00f6\u00dfe eines Videos<\/a>.<\/em>\n\t<\/p>\n<\/div>\n<div style=\"background-color:#ffffcc; padding:20px; margin-bottom:30px;\">\n\t<p><strong>Wir sind nicht verantwortlich f\u00fcr Sach- und\/oder Personensch\u00e4den, die sich aus der Verwendung von Software und\/oder Online-Diensten ergeben, die in den von uns vorgeschlagenen Anleitungen empfohlen werden und deren Verwendung in Ihrer alleinigen Verantwortung bleibt.<\/strong>\n\t<\/p>\n<\/div>\n<div style=\"background-color:#f2f2f2; padding:20px; margin-bottom:30px; border-top: solid 1px #cccccc;\">\n\t<p><strong>Angebracht 1<\/strong><br \/>\n<span class=\"wpcf7-form-control-wrap\" data-name=\"attach-01\"><input size=\"40\" class=\"wpcf7-form-control wpcf7-file wpcf7-validates-as-required\" accept=\".pdf,.jpg,.jpeg,.png,.mp4,.mov\" aria-required=\"true\" aria-invalid=\"false\" type=\"file\" name=\"attach-01\" \/><\/span><br \/>\n\t<hr \/><strong>Angebracht 2<\/strong><br \/>\n<span class=\"wpcf7-form-control-wrap\" data-name=\"attach-02\"><input size=\"40\" class=\"wpcf7-form-control wpcf7-file wpcf7-validates-as-required\" accept=\".pdf,.jpg,.jpeg,.png,.mp4,.mov\" aria-required=\"true\" aria-invalid=\"false\" type=\"file\" name=\"attach-02\" \/><\/span><br \/>\n\t<hr \/><strong>Angebracht 3<\/strong><br \/>\n<span class=\"wpcf7-form-control-wrap\" data-name=\"attach-03\"><input size=\"40\" class=\"wpcf7-form-control wpcf7-file wpcf7-validates-as-required\" accept=\".pdf,.jpg,.jpeg,.png,.mp4,.mov\" aria-required=\"true\" aria-invalid=\"false\" type=\"file\" name=\"attach-03\" \/><\/span>\n\t<\/p>\n<\/div>\n<p><span class=\"wpcf7-form-control-wrap\" data-name=\"Privacy\"><span class=\"wpcf7-form-control wpcf7-checkbox wpcf7-validates-as-required\"><span class=\"wpcf7-list-item first last\"><input type=\"checkbox\" name=\"Privacy[]\" value=\"Ich erkl\u00e4re, dass ich die Informationen zur Verarbeitung personenbezogener Daten gelesen und akzeptiert habe\" \/><span class=\"wpcf7-list-item-label\">Ich erkl\u00e4re, dass ich die Informationen zur Verarbeitung personenbezogener Daten gelesen und akzeptiert habe<\/span><\/span><\/span><\/span><a href=\"\/de\/datenschutz-cookies\/\" target=\"_parent\" \/>Rechtsvorschriften<\/a>\n<\/p>\n<p><input class=\"wpcf7-form-control wpcf7-submit has-spinner\" type=\"submit\" value=\"Senden\" \/>\n<\/p><input type='hidden' class='wpcf7-pum' value='{\"closepopup\":false,\"closedelay\":0,\"openpopup\":false,\"openpopup_id\":0}' \/><div class=\"wpcf7-response-output\" aria-hidden=\"true\"><\/div>\n<\/form>\n<\/div>\n<\/div>\n","protected":false},"excerpt":{"rendered":"<p>Compila il modulo sotto per richiedere parti di ricambio per un prodotto non&nbsp;pi\u00f9 coperto da garanzia.Se il tuo prodotto \u00e8 ancora coperto da garanzia legale, apri una richiesta di Assistenza in garanzia. Utilizzando il browser Apple Safari potresti riscontrare difficolt\u00e0 al momento dell&#8217;invio della tua richiesta; se dovesse accadere utilizza Fire Fox o Chrome.<\/p>\n","protected":false},"author":936,"featured_media":0,"parent":0,"menu_order":0,"comment_status":"closed","ping_status":"closed","template":"","meta":{"jetpack_post_was_ever_published":false,"footnotes":""},"class_list":["post-958578","page","type-page","status-publish","hentry"],"yoast_head":"<!-- This site is optimized with the Yoast SEO Premium plugin v27.5 (Yoast SEO v27.5) - https:\/\/yoast.com\/product\/yoast-seo-premium-wordpress\/ -->\n<title>Ersatzteilanfrage - Q.bo<\/title>\n<meta name=\"robots\" content=\"index, follow, max-snippet:-1, max-image-preview:large, max-video-preview:-1\" \/>\n<link rel=\"canonical\" href=\"https:\/\/www.q-bo.net\/de\/kontakt-teile-anfordern\/\" \/>\n<meta property=\"og:locale\" content=\"de_DE\" \/>\n<meta property=\"og:type\" content=\"article\" \/>\n<meta property=\"og:title\" content=\"Ersatzteilanfrage\" \/>\n<meta property=\"og:description\" content=\"Compila il modulo sotto per richiedere parti di ricambio per un prodotto non&nbsp;pi\u00f9 coperto da garanzia.Se il tuo prodotto \u00e8 ancora coperto da garanzia\" \/>\n<meta property=\"og:url\" content=\"https:\/\/www.q-bo.net\/de\/kontakt-teile-anfordern\/\" \/>\n<meta property=\"og:site_name\" content=\"Q.bo\" \/>\n<meta property=\"article:modified_time\" content=\"2024-01-12T11:43:31+00:00\" \/>\n<meta name=\"twitter:card\" content=\"summary_large_image\" \/>\n<meta name=\"twitter:site\" content=\"@qbo_srl\" \/>\n<meta name=\"twitter:label1\" content=\"Est. reading time\" \/>\n\t<meta name=\"twitter:data1\" content=\"1 minute\" \/>\n<script type=\"application\/ld+json\" class=\"yoast-schema-graph\">{\"@context\":\"https:\\\/\\\/schema.org\",\"@graph\":[{\"@type\":\"WebPage\",\"@id\":\"https:\\\/\\\/www.q-bo.net\\\/de\\\/kontakt-teile-anfordern\\\/\",\"url\":\"https:\\\/\\\/www.q-bo.net\\\/de\\\/kontakt-teile-anfordern\\\/\",\"name\":\"Ersatzteilanfrage - Q.bo\",\"isPartOf\":{\"@id\":\"https:\\\/\\\/www.q-bo.net\\\/de\\\/#website\"},\"datePublished\":\"2022-04-29T07:39:51+00:00\",\"dateModified\":\"2024-01-12T11:43:31+00:00\",\"breadcrumb\":{\"@id\":\"https:\\\/\\\/www.q-bo.net\\\/de\\\/kontakt-teile-anfordern\\\/#breadcrumb\"},\"inLanguage\":\"de-DE\",\"potentialAction\":[{\"@type\":\"ReadAction\",\"target\":[\"https:\\\/\\\/www.q-bo.net\\\/de\\\/kontakt-teile-anfordern\\\/\"]}]},{\"@type\":\"BreadcrumbList\",\"@id\":\"https:\\\/\\\/www.q-bo.net\\\/de\\\/kontakt-teile-anfordern\\\/#breadcrumb\",\"itemListElement\":[{\"@type\":\"ListItem\",\"position\":1,\"name\":\"Home\",\"item\":\"https:\\\/\\\/www.q-bo.net\\\/de\\\/\"},{\"@type\":\"ListItem\",\"position\":2,\"name\":\"Ersatzteilanfrage\"}]},{\"@type\":\"WebSite\",\"@id\":\"https:\\\/\\\/www.q-bo.net\\\/de\\\/#website\",\"url\":\"https:\\\/\\\/www.q-bo.net\\\/de\\\/\",\"name\":\"Q.bo\",\"description\":\"Camping \\\/ Garten \\\/ Strand \\\/ Freizeit\",\"publisher\":{\"@id\":\"https:\\\/\\\/www.q-bo.net\\\/de\\\/#organization\"},\"potentialAction\":[{\"@type\":\"SearchAction\",\"target\":{\"@type\":\"EntryPoint\",\"urlTemplate\":\"https:\\\/\\\/www.q-bo.net\\\/de\\\/?s={search_term_string}\"},\"query-input\":{\"@type\":\"PropertyValueSpecification\",\"valueRequired\":true,\"valueName\":\"search_term_string\"}}],\"inLanguage\":\"de-DE\"},{\"@type\":\"Organization\",\"@id\":\"https:\\\/\\\/www.q-bo.net\\\/de\\\/#organization\",\"name\":\"Q.bo s.r.l.\",\"url\":\"https:\\\/\\\/www.q-bo.net\\\/de\\\/\",\"logo\":{\"@type\":\"ImageObject\",\"inLanguage\":\"de-DE\",\"@id\":\"https:\\\/\\\/www.q-bo.net\\\/de\\\/#\\\/schema\\\/logo\\\/image\\\/\",\"url\":\"https:\\\/\\\/www.q-bo.net\\\/site\\\/wp-content\\\/uploads\\\/2022\\\/01\\\/logo-qbo.png\",\"contentUrl\":\"https:\\\/\\\/www.q-bo.net\\\/site\\\/wp-content\\\/uploads\\\/2022\\\/01\\\/logo-qbo.png\",\"width\":463,\"height\":108,\"caption\":\"Q.bo s.r.l.\"},\"image\":{\"@id\":\"https:\\\/\\\/www.q-bo.net\\\/de\\\/#\\\/schema\\\/logo\\\/image\\\/\"},\"sameAs\":[\"https:\\\/\\\/x.com\\\/qbo_srl\"]}]}<\/script>\n<!-- \/ Yoast SEO Premium plugin. -->","yoast_head_json":{"title":"Ersatzteilanfrage - Q.bo","robots":{"index":"index","follow":"follow","max-snippet":"max-snippet:-1","max-image-preview":"max-image-preview:large","max-video-preview":"max-video-preview:-1"},"canonical":"https:\/\/www.q-bo.net\/de\/kontakt-teile-anfordern\/","og_locale":"de_DE","og_type":"article","og_title":"Ersatzteilanfrage","og_description":"Compila il modulo sotto per richiedere parti di ricambio per un prodotto non&nbsp;pi\u00f9 coperto da garanzia.Se il tuo prodotto \u00e8 ancora coperto da garanzia","og_url":"https:\/\/www.q-bo.net\/de\/kontakt-teile-anfordern\/","og_site_name":"Q.bo","article_modified_time":"2024-01-12T11:43:31+00:00","twitter_card":"summary_large_image","twitter_site":"@qbo_srl","twitter_misc":{"Est. reading time":"1 minute"},"schema":{"@context":"https:\/\/schema.org","@graph":[{"@type":"WebPage","@id":"https:\/\/www.q-bo.net\/de\/kontakt-teile-anfordern\/","url":"https:\/\/www.q-bo.net\/de\/kontakt-teile-anfordern\/","name":"Ersatzteilanfrage - Q.bo","isPartOf":{"@id":"https:\/\/www.q-bo.net\/de\/#website"},"datePublished":"2022-04-29T07:39:51+00:00","dateModified":"2024-01-12T11:43:31+00:00","breadcrumb":{"@id":"https:\/\/www.q-bo.net\/de\/kontakt-teile-anfordern\/#breadcrumb"},"inLanguage":"de-DE","potentialAction":[{"@type":"ReadAction","target":["https:\/\/www.q-bo.net\/de\/kontakt-teile-anfordern\/"]}]},{"@type":"BreadcrumbList","@id":"https:\/\/www.q-bo.net\/de\/kontakt-teile-anfordern\/#breadcrumb","itemListElement":[{"@type":"ListItem","position":1,"name":"Home","item":"https:\/\/www.q-bo.net\/de\/"},{"@type":"ListItem","position":2,"name":"Ersatzteilanfrage"}]},{"@type":"WebSite","@id":"https:\/\/www.q-bo.net\/de\/#website","url":"https:\/\/www.q-bo.net\/de\/","name":"Q.bo","description":"Camping \/ Garten \/ Strand \/ Freizeit","publisher":{"@id":"https:\/\/www.q-bo.net\/de\/#organization"},"potentialAction":[{"@type":"SearchAction","target":{"@type":"EntryPoint","urlTemplate":"https:\/\/www.q-bo.net\/de\/?s={search_term_string}"},"query-input":{"@type":"PropertyValueSpecification","valueRequired":true,"valueName":"search_term_string"}}],"inLanguage":"de-DE"},{"@type":"Organization","@id":"https:\/\/www.q-bo.net\/de\/#organization","name":"Q.bo s.r.l.","url":"https:\/\/www.q-bo.net\/de\/","logo":{"@type":"ImageObject","inLanguage":"de-DE","@id":"https:\/\/www.q-bo.net\/de\/#\/schema\/logo\/image\/","url":"https:\/\/www.q-bo.net\/site\/wp-content\/uploads\/2022\/01\/logo-qbo.png","contentUrl":"https:\/\/www.q-bo.net\/site\/wp-content\/uploads\/2022\/01\/logo-qbo.png","width":463,"height":108,"caption":"Q.bo s.r.l."},"image":{"@id":"https:\/\/www.q-bo.net\/de\/#\/schema\/logo\/image\/"},"sameAs":["https:\/\/x.com\/qbo_srl"]}]}},"jetpack_sharing_enabled":true,"jetpack_shortlink":"https:\/\/wp.me\/PaNnHi-41mW","_links":{"self":[{"href":"https:\/\/www.q-bo.net\/de\/wp-json\/wp\/v2\/pages\/958578","targetHints":{"allow":["GET"]}}],"collection":[{"href":"https:\/\/www.q-bo.net\/de\/wp-json\/wp\/v2\/pages"}],"about":[{"href":"https:\/\/www.q-bo.net\/de\/wp-json\/wp\/v2\/types\/page"}],"author":[{"embeddable":true,"href":"https:\/\/www.q-bo.net\/de\/wp-json\/wp\/v2\/users\/936"}],"replies":[{"embeddable":true,"href":"https:\/\/www.q-bo.net\/de\/wp-json\/wp\/v2\/comments?post=958578"}],"version-history":[{"count":0,"href":"https:\/\/www.q-bo.net\/de\/wp-json\/wp\/v2\/pages\/958578\/revisions"}],"wp:attachment":[{"href":"https:\/\/www.q-bo.net\/de\/wp-json\/wp\/v2\/media?parent=958578"}],"curies":[{"name":"wp","href":"https:\/\/api.w.org\/{rel}","templated":true}]}}