
{"id":958600,"date":"2022-04-29T10:48:26","date_gmt":"2022-04-29T08:48:26","guid":{"rendered":"https:\/\/www.q-bo.net\/?page_id=958600"},"modified":"2022-04-29T10:48:29","modified_gmt":"2022-04-29T08:48:29","slug":"aktualisierte-inhalte-anzeigen","status":"publish","type":"page","link":"https:\/\/www.q-bo.net\/de\/aktualisierte-inhalte-anzeigen\/","title":{"rendered":"Aktualisierte Inhalte anzeigen"},"content":{"rendered":"\n<p>Um die aktuellsten Informationen auf einer Webseite anzuzeigen, ist es in einigen F\u00e4llen erforderlich, die Aktualisierung zu erzwingen, indem Sie mit dem L\u00f6schen des j\u00fcngsten Verlaufs fortfahren.<\/p>\n\n\n\n<p>Die Vorgehensweise variiert je nach verwendetem Browser.<\/p>\n\n\n\n<h2 class=\"wp-block-heading\" id=\"h-fire-fox\">Fire Fox<\/h2>\n\n\n\n<p>So l\u00f6schen Sie den Verlauf einer bestimmten Website.<\/p>\n\n\n\n<p><a href=\"https:\/\/support.mozilla.org\/de\/kb\/Cancellare%20la%20cronologia%20recente\">https:\/\/support.mozilla.org\/de\/kb\/Cancellare%20la%20cronologia%20recente<\/a><\/p>\n\n\n\n<h2 class=\"wp-block-heading\" id=\"h-safari\">Safari<\/h2>\n\n\n\n<p>So l\u00f6schen Sie den Verlauf.<\/p>\n\n\n\n<p><a href=\"https:\/\/support.apple.com\/de-de\/guide\/safari\/sfri47acf5d6\/mac\">https:\/\/support.apple.com\/de-de\/guide\/safari\/sfri47acf5d6\/mac<\/a><\/p>\n\n\n\n<h2 class=\"wp-block-heading\" id=\"h-microsoft-internet-explorer\">Microsoft internet Explorer<\/h2>\n\n\n\n<p>So l\u00f6schen Sie den Verlauf.<\/p>\n\n\n\n<p><a href=\"https:\/\/support.microsoft.com\/de-de\/windows\/anzeigen-und-l\u00f6schen-des-browserverlaufs-in-internet-explorer-098ffe52-5ac9-a449-c296-c735c32c8678\">https:\/\/support.microsoft.com\/de-de\/windows\/anzeigen-und-l\u00f6schen-des-browserverlaufs-in-internet-explorer-098ffe52-5ac9-a449-c296-c735c32c8678<\/a><\/p>\n\n\n\n<h2 class=\"wp-block-heading\" id=\"h-google-chrome\">Google Chrome<\/h2>\n\n\n\n<p>So l\u00f6schen Sie den Verlauf.<\/p>\n\n\n\n<p><a href=\"https:\/\/support.google.com\/chrome\/answer\/95589?co=GENIE.Platform%3DDesktop&amp;hl=de\">https:\/\/support.google.com\/chrome\/answer\/95589?co=GENIE.Platform%3DDesktop&amp;hl=de <\/a><\/p>\n\n\n\n<div style=\"height:100px\" aria-hidden=\"true\" class=\"wp-block-spacer\"><\/div>\n","protected":false},"excerpt":{"rendered":"<p>Um die aktuellsten Informationen auf einer Webseite anzuzeigen, ist es in einigen F\u00e4llen erforderlich, die Aktualisierung zu erzwingen, indem Sie mit dem L\u00f6schen des j\u00fcngsten Verlaufs fortfahren. Die Vorgehensweise variiert je nach verwendetem Browser. Fire Fox So l\u00f6schen Sie den Verlauf einer bestimmten Website. https:\/\/support.mozilla.org\/de\/kb\/Cancellare%20la%20cronologia%20recente Safari So l\u00f6schen Sie den Verlauf. https:\/\/support.apple.com\/de-de\/guide\/safari\/sfri47acf5d6\/mac Microsoft internet Explorer [&hellip;]<\/p>\n","protected":false},"author":2406,"featured_media":0,"parent":0,"menu_order":0,"comment_status":"closed","ping_status":"closed","template":"","meta":{"jetpack_post_was_ever_published":false,"footnotes":""},"class_list":["post-958600","page","type-page","status-publish","hentry"],"yoast_head":"<!-- This site is optimized with the Yoast SEO Premium plugin v27.5 (Yoast SEO v27.5) - https:\/\/yoast.com\/product\/yoast-seo-premium-wordpress\/ -->\n<title>Aktualisierte Inhalte anzeigen - Q.bo<\/title>\n<meta name=\"robots\" content=\"index, follow, max-snippet:-1, max-image-preview:large, max-video-preview:-1\" \/>\n<link rel=\"canonical\" href=\"https:\/\/www.q-bo.net\/de\/aktualisierte-inhalte-anzeigen\/\" \/>\n<meta property=\"og:locale\" content=\"de_DE\" \/>\n<meta property=\"og:type\" content=\"article\" \/>\n<meta property=\"og:title\" content=\"Aktualisierte Inhalte anzeigen\" \/>\n<meta property=\"og:description\" content=\"Um die aktuellsten Informationen auf einer Webseite anzuzeigen, ist es in einigen F\u00e4llen erforderlich, die Aktualisierung zu erzwingen, indem Sie mit dem\" \/>\n<meta property=\"og:url\" content=\"https:\/\/www.q-bo.net\/de\/aktualisierte-inhalte-anzeigen\/\" \/>\n<meta property=\"og:site_name\" content=\"Q.bo\" \/>\n<meta property=\"article:modified_time\" content=\"2022-04-29T08:48:29+00:00\" \/>\n<meta name=\"twitter:card\" content=\"summary_large_image\" \/>\n<meta name=\"twitter:site\" content=\"@qbo_srl\" \/>\n<meta name=\"twitter:label1\" content=\"Est. reading time\" \/>\n\t<meta name=\"twitter:data1\" content=\"1 minute\" \/>\n<script type=\"application\/ld+json\" class=\"yoast-schema-graph\">{\"@context\":\"https:\\\/\\\/schema.org\",\"@graph\":[{\"@type\":\"WebPage\",\"@id\":\"https:\\\/\\\/www.q-bo.net\\\/de\\\/aktualisierte-inhalte-anzeigen\\\/\",\"url\":\"https:\\\/\\\/www.q-bo.net\\\/de\\\/aktualisierte-inhalte-anzeigen\\\/\",\"name\":\"Aktualisierte Inhalte anzeigen - Q.bo\",\"isPartOf\":{\"@id\":\"https:\\\/\\\/www.q-bo.net\\\/de\\\/#website\"},\"datePublished\":\"2022-04-29T08:48:26+00:00\",\"dateModified\":\"2022-04-29T08:48:29+00:00\",\"breadcrumb\":{\"@id\":\"https:\\\/\\\/www.q-bo.net\\\/de\\\/aktualisierte-inhalte-anzeigen\\\/#breadcrumb\"},\"inLanguage\":\"de-DE\",\"potentialAction\":[{\"@type\":\"ReadAction\",\"target\":[\"https:\\\/\\\/www.q-bo.net\\\/de\\\/aktualisierte-inhalte-anzeigen\\\/\"]}]},{\"@type\":\"BreadcrumbList\",\"@id\":\"https:\\\/\\\/www.q-bo.net\\\/de\\\/aktualisierte-inhalte-anzeigen\\\/#breadcrumb\",\"itemListElement\":[{\"@type\":\"ListItem\",\"position\":1,\"name\":\"Home\",\"item\":\"https:\\\/\\\/www.q-bo.net\\\/de\\\/\"},{\"@type\":\"ListItem\",\"position\":2,\"name\":\"Aktualisierte Inhalte anzeigen\"}]},{\"@type\":\"WebSite\",\"@id\":\"https:\\\/\\\/www.q-bo.net\\\/de\\\/#website\",\"url\":\"https:\\\/\\\/www.q-bo.net\\\/de\\\/\",\"name\":\"Q.bo\",\"description\":\"Camping \\\/ Garten \\\/ Strand \\\/ Freizeit\",\"publisher\":{\"@id\":\"https:\\\/\\\/www.q-bo.net\\\/de\\\/#organization\"},\"potentialAction\":[{\"@type\":\"SearchAction\",\"target\":{\"@type\":\"EntryPoint\",\"urlTemplate\":\"https:\\\/\\\/www.q-bo.net\\\/de\\\/?s={search_term_string}\"},\"query-input\":{\"@type\":\"PropertyValueSpecification\",\"valueRequired\":true,\"valueName\":\"search_term_string\"}}],\"inLanguage\":\"de-DE\"},{\"@type\":\"Organization\",\"@id\":\"https:\\\/\\\/www.q-bo.net\\\/de\\\/#organization\",\"name\":\"Q.bo s.r.l.\",\"url\":\"https:\\\/\\\/www.q-bo.net\\\/de\\\/\",\"logo\":{\"@type\":\"ImageObject\",\"inLanguage\":\"de-DE\",\"@id\":\"https:\\\/\\\/www.q-bo.net\\\/de\\\/#\\\/schema\\\/logo\\\/image\\\/\",\"url\":\"https:\\\/\\\/www.q-bo.net\\\/site\\\/wp-content\\\/uploads\\\/2022\\\/01\\\/logo-qbo.png\",\"contentUrl\":\"https:\\\/\\\/www.q-bo.net\\\/site\\\/wp-content\\\/uploads\\\/2022\\\/01\\\/logo-qbo.png\",\"width\":463,\"height\":108,\"caption\":\"Q.bo s.r.l.\"},\"image\":{\"@id\":\"https:\\\/\\\/www.q-bo.net\\\/de\\\/#\\\/schema\\\/logo\\\/image\\\/\"},\"sameAs\":[\"https:\\\/\\\/x.com\\\/qbo_srl\"]}]}<\/script>\n<!-- \/ Yoast SEO Premium plugin. -->","yoast_head_json":{"title":"Aktualisierte Inhalte anzeigen - Q.bo","robots":{"index":"index","follow":"follow","max-snippet":"max-snippet:-1","max-image-preview":"max-image-preview:large","max-video-preview":"max-video-preview:-1"},"canonical":"https:\/\/www.q-bo.net\/de\/aktualisierte-inhalte-anzeigen\/","og_locale":"de_DE","og_type":"article","og_title":"Aktualisierte Inhalte anzeigen","og_description":"Um die aktuellsten Informationen auf einer Webseite anzuzeigen, ist es in einigen F\u00e4llen erforderlich, die Aktualisierung zu erzwingen, indem Sie mit dem","og_url":"https:\/\/www.q-bo.net\/de\/aktualisierte-inhalte-anzeigen\/","og_site_name":"Q.bo","article_modified_time":"2022-04-29T08:48:29+00:00","twitter_card":"summary_large_image","twitter_site":"@qbo_srl","twitter_misc":{"Est. reading time":"1 minute"},"schema":{"@context":"https:\/\/schema.org","@graph":[{"@type":"WebPage","@id":"https:\/\/www.q-bo.net\/de\/aktualisierte-inhalte-anzeigen\/","url":"https:\/\/www.q-bo.net\/de\/aktualisierte-inhalte-anzeigen\/","name":"Aktualisierte Inhalte anzeigen - Q.bo","isPartOf":{"@id":"https:\/\/www.q-bo.net\/de\/#website"},"datePublished":"2022-04-29T08:48:26+00:00","dateModified":"2022-04-29T08:48:29+00:00","breadcrumb":{"@id":"https:\/\/www.q-bo.net\/de\/aktualisierte-inhalte-anzeigen\/#breadcrumb"},"inLanguage":"de-DE","potentialAction":[{"@type":"ReadAction","target":["https:\/\/www.q-bo.net\/de\/aktualisierte-inhalte-anzeigen\/"]}]},{"@type":"BreadcrumbList","@id":"https:\/\/www.q-bo.net\/de\/aktualisierte-inhalte-anzeigen\/#breadcrumb","itemListElement":[{"@type":"ListItem","position":1,"name":"Home","item":"https:\/\/www.q-bo.net\/de\/"},{"@type":"ListItem","position":2,"name":"Aktualisierte Inhalte anzeigen"}]},{"@type":"WebSite","@id":"https:\/\/www.q-bo.net\/de\/#website","url":"https:\/\/www.q-bo.net\/de\/","name":"Q.bo","description":"Camping \/ Garten \/ Strand \/ Freizeit","publisher":{"@id":"https:\/\/www.q-bo.net\/de\/#organization"},"potentialAction":[{"@type":"SearchAction","target":{"@type":"EntryPoint","urlTemplate":"https:\/\/www.q-bo.net\/de\/?s={search_term_string}"},"query-input":{"@type":"PropertyValueSpecification","valueRequired":true,"valueName":"search_term_string"}}],"inLanguage":"de-DE"},{"@type":"Organization","@id":"https:\/\/www.q-bo.net\/de\/#organization","name":"Q.bo s.r.l.","url":"https:\/\/www.q-bo.net\/de\/","logo":{"@type":"ImageObject","inLanguage":"de-DE","@id":"https:\/\/www.q-bo.net\/de\/#\/schema\/logo\/image\/","url":"https:\/\/www.q-bo.net\/site\/wp-content\/uploads\/2022\/01\/logo-qbo.png","contentUrl":"https:\/\/www.q-bo.net\/site\/wp-content\/uploads\/2022\/01\/logo-qbo.png","width":463,"height":108,"caption":"Q.bo s.r.l."},"image":{"@id":"https:\/\/www.q-bo.net\/de\/#\/schema\/logo\/image\/"},"sameAs":["https:\/\/x.com\/qbo_srl"]}]}},"jetpack_sharing_enabled":true,"jetpack_shortlink":"https:\/\/wp.me\/PaNnHi-41ni","_links":{"self":[{"href":"https:\/\/www.q-bo.net\/de\/wp-json\/wp\/v2\/pages\/958600","targetHints":{"allow":["GET"]}}],"collection":[{"href":"https:\/\/www.q-bo.net\/de\/wp-json\/wp\/v2\/pages"}],"about":[{"href":"https:\/\/www.q-bo.net\/de\/wp-json\/wp\/v2\/types\/page"}],"author":[{"embeddable":true,"href":"https:\/\/www.q-bo.net\/de\/wp-json\/wp\/v2\/users\/2406"}],"replies":[{"embeddable":true,"href":"https:\/\/www.q-bo.net\/de\/wp-json\/wp\/v2\/comments?post=958600"}],"version-history":[{"count":0,"href":"https:\/\/www.q-bo.net\/de\/wp-json\/wp\/v2\/pages\/958600\/revisions"}],"wp:attachment":[{"href":"https:\/\/www.q-bo.net\/de\/wp-json\/wp\/v2\/media?parent=958600"}],"curies":[{"name":"wp","href":"https:\/\/api.w.org\/{rel}","templated":true}]}}