
{"id":960434,"date":"2022-05-23T15:53:16","date_gmt":"2022-05-23T13:53:16","guid":{"rendered":"https:\/\/www.q-bo.net\/?page_id=960434"},"modified":"2026-04-14T19:46:05","modified_gmt":"2026-04-14T17:46:05","slug":"versand","status":"publish","type":"page","link":"https:\/\/www.q-bo.net\/de\/versand\/","title":{"rendered":"Versand"},"content":{"rendered":"\n<p>Wir versenden per Expresskurier in 24 Stunden und \/ oder nationalem Kurier in 3\/5 Werktagen im ganzen Land, einschlie\u00dflich der Inseln. Sendungen au\u00dferhalb des italienischen Hoheitsgebiets in 7-8 Werktagen (per nationalem und \/ oder internationalem Kurier).<\/p>\n\n\n\n<div class=\"wp-block-columns is-layout-flex wp-container-core-columns-is-layout-28f84493 wp-block-columns-is-layout-flex\">\n<div class=\"wp-block-column is-layout-flow wp-block-column-is-layout-flow\">\n<figure class=\"wp-block-image size-large\"><img decoding=\"async\" src=\"https:\/\/www.q-bo.net\/site\/wp-content\/uploads\/qbo\/images\/icons\/courier-icon-fedex.png\" alt=\"\"\/><\/figure>\n<\/div>\n\n\n\n<div class=\"wp-block-column is-layout-flow wp-block-column-is-layout-flow\">\n<figure class=\"wp-block-image size-large\"><img decoding=\"async\" src=\"https:\/\/www.q-bo.net\/site\/wp-content\/uploads\/qbo\/images\/icons\/courier-icon-gls.png\" alt=\"\"\/><\/figure>\n<\/div>\n\n\n\n<div class=\"wp-block-column is-layout-flow wp-block-column-is-layout-flow\">\n<figure class=\"wp-block-image size-large\"><img decoding=\"async\" src=\"https:\/\/www.q-bo.net\/site\/wp-content\/uploads\/qbo\/images\/icons\/courier-icon-brt.png\" alt=\"\"\/><\/figure>\n<\/div>\n\n\n\n<div class=\"wp-block-column is-layout-flow wp-block-column-is-layout-flow\">\n<figure class=\"wp-block-image size-large\"><img decoding=\"async\" src=\"https:\/\/www.q-bo.net\/site\/wp-content\/uploads\/qbo\/images\/icons\/courier-icon-dhl.png\" alt=\"\"\/><\/figure>\n<\/div>\n\n\n\n<div class=\"wp-block-column is-layout-flow wp-block-column-is-layout-flow\">\n<figure class=\"wp-block-image size-large\"><img decoding=\"async\" src=\"https:\/\/www.q-bo.net\/site\/wp-content\/uploads\/qbo\/images\/icons\/courier-icon-sda.png\" alt=\"\"\/><\/figure>\n<\/div>\n<\/div>\n\n\n\n<p>Die Versandkosten variieren je nach Gewicht und Gr\u00f6\u00dfe der Produkte. Sie k\u00f6nnen die Versandkosten berechnen, bevor Sie Ihre Bestellung auf der Seite best\u00e4tigen&nbsp;<a href=\"https:\/\/www.q-bo.net\/de\/wagen\/\">Wagen<\/a>.<\/p>\n\n\n\n<p>Lieferung per Expresskurier in 24 Stunden ab \u20ac 7,90<br><strong>Kostenloser Versand f\u00fcr Bestellungen \u00fcber 120,00&nbsp;\u20ac<\/strong> (nur f\u00fcr Lieferungen innerhalb Italiens).<\/p>\n\n\n\n<p>Lesen Sie die vollst\u00e4ndigen <a href=\"https:\/\/www.q-bo.net\/de\/allgemeine-geschaeftsbedingungen\/\">Informationen zu Versand und Liefermethoden<\/a>.<\/p>\n\n\n\n<p>Wenn Sie weitere Informationen zu Sendungen und Liefermethoden ben\u00f6tigen, <a href=\"https:\/\/www.q-bo.net\/de\/kontakt\/\">kontaktieren<\/a> Sie uns bitte.<\/p>\n","protected":false},"excerpt":{"rendered":"<p>Wir versenden per Expresskurier in 24 Stunden und \/ oder nationalem Kurier in 3\/5 Werktagen im ganzen Land, einschlie\u00dflich der Inseln. Sendungen au\u00dferhalb des italienischen Hoheitsgebiets in 7-8 Werktagen (per nationalem und \/ oder internationalem Kurier). Die Versandkosten variieren je nach Gewicht und Gr\u00f6\u00dfe der Produkte. Sie k\u00f6nnen die Versandkosten berechnen, bevor Sie Ihre Bestellung [&hellip;]<\/p>\n","protected":false},"author":2406,"featured_media":0,"parent":0,"menu_order":0,"comment_status":"closed","ping_status":"closed","template":"","meta":{"jetpack_post_was_ever_published":false,"footnotes":""},"class_list":["post-960434","page","type-page","status-publish","hentry"],"yoast_head":"<!-- This site is optimized with the Yoast SEO Premium plugin v27.5 (Yoast SEO v27.5) - https:\/\/yoast.com\/product\/yoast-seo-premium-wordpress\/ -->\n<title>Versand - Q.bo<\/title>\n<meta name=\"robots\" content=\"index, follow, max-snippet:-1, max-image-preview:large, max-video-preview:-1\" \/>\n<link rel=\"canonical\" href=\"https:\/\/www.q-bo.net\/de\/versand\/\" \/>\n<meta property=\"og:locale\" content=\"de_DE\" \/>\n<meta property=\"og:type\" content=\"article\" \/>\n<meta property=\"og:title\" content=\"Versand\" \/>\n<meta property=\"og:description\" content=\"Wir versenden per Expresskurier in 24 Stunden und \/ oder nationalem Kurier in 3\/5 Werktagen im ganzen Land, einschlie\u00dflich der Inseln. Sendungen au\u00dferhalb\" \/>\n<meta property=\"og:url\" content=\"https:\/\/www.q-bo.net\/de\/versand\/\" \/>\n<meta property=\"og:site_name\" content=\"Q.bo\" \/>\n<meta property=\"article:modified_time\" content=\"2026-04-14T17:46:05+00:00\" \/>\n<meta property=\"og:image\" content=\"https:\/\/www.q-bo.net\/site\/wp-content\/uploads\/qbo\/images\/icons\/courier-icon-fedex.png\" \/>\n<meta name=\"twitter:card\" content=\"summary_large_image\" \/>\n<meta name=\"twitter:site\" content=\"@qbo_srl\" \/>\n<meta name=\"twitter:label1\" content=\"Est. reading time\" \/>\n\t<meta name=\"twitter:data1\" content=\"2 minutes\" \/>\n<script type=\"application\/ld+json\" class=\"yoast-schema-graph\">{\"@context\":\"https:\\\/\\\/schema.org\",\"@graph\":[{\"@type\":\"WebPage\",\"@id\":\"https:\\\/\\\/www.q-bo.net\\\/de\\\/versand\\\/\",\"url\":\"https:\\\/\\\/www.q-bo.net\\\/de\\\/versand\\\/\",\"name\":\"Versand - Q.bo\",\"isPartOf\":{\"@id\":\"https:\\\/\\\/www.q-bo.net\\\/de\\\/#website\"},\"primaryImageOfPage\":{\"@id\":\"https:\\\/\\\/www.q-bo.net\\\/de\\\/versand\\\/#primaryimage\"},\"image\":{\"@id\":\"https:\\\/\\\/www.q-bo.net\\\/de\\\/versand\\\/#primaryimage\"},\"thumbnailUrl\":\"https:\\\/\\\/www.q-bo.net\\\/site\\\/wp-content\\\/uploads\\\/qbo\\\/images\\\/icons\\\/courier-icon-fedex.png\",\"datePublished\":\"2022-05-23T13:53:16+00:00\",\"dateModified\":\"2026-04-14T17:46:05+00:00\",\"breadcrumb\":{\"@id\":\"https:\\\/\\\/www.q-bo.net\\\/de\\\/versand\\\/#breadcrumb\"},\"inLanguage\":\"de-DE\",\"potentialAction\":[{\"@type\":\"ReadAction\",\"target\":[\"https:\\\/\\\/www.q-bo.net\\\/de\\\/versand\\\/\"]}]},{\"@type\":\"ImageObject\",\"inLanguage\":\"de-DE\",\"@id\":\"https:\\\/\\\/www.q-bo.net\\\/de\\\/versand\\\/#primaryimage\",\"url\":\"https:\\\/\\\/www.q-bo.net\\\/site\\\/wp-content\\\/uploads\\\/qbo\\\/images\\\/icons\\\/courier-icon-fedex.png\",\"contentUrl\":\"https:\\\/\\\/www.q-bo.net\\\/site\\\/wp-content\\\/uploads\\\/qbo\\\/images\\\/icons\\\/courier-icon-fedex.png\"},{\"@type\":\"BreadcrumbList\",\"@id\":\"https:\\\/\\\/www.q-bo.net\\\/de\\\/versand\\\/#breadcrumb\",\"itemListElement\":[{\"@type\":\"ListItem\",\"position\":1,\"name\":\"Home\",\"item\":\"https:\\\/\\\/www.q-bo.net\\\/de\\\/\"},{\"@type\":\"ListItem\",\"position\":2,\"name\":\"Versand\"}]},{\"@type\":\"WebSite\",\"@id\":\"https:\\\/\\\/www.q-bo.net\\\/de\\\/#website\",\"url\":\"https:\\\/\\\/www.q-bo.net\\\/de\\\/\",\"name\":\"Q.bo\",\"description\":\"Camping \\\/ Garten \\\/ Strand \\\/ Freizeit\",\"publisher\":{\"@id\":\"https:\\\/\\\/www.q-bo.net\\\/de\\\/#organization\"},\"potentialAction\":[{\"@type\":\"SearchAction\",\"target\":{\"@type\":\"EntryPoint\",\"urlTemplate\":\"https:\\\/\\\/www.q-bo.net\\\/de\\\/?s={search_term_string}\"},\"query-input\":{\"@type\":\"PropertyValueSpecification\",\"valueRequired\":true,\"valueName\":\"search_term_string\"}}],\"inLanguage\":\"de-DE\"},{\"@type\":\"Organization\",\"@id\":\"https:\\\/\\\/www.q-bo.net\\\/de\\\/#organization\",\"name\":\"Q.bo s.r.l.\",\"url\":\"https:\\\/\\\/www.q-bo.net\\\/de\\\/\",\"logo\":{\"@type\":\"ImageObject\",\"inLanguage\":\"de-DE\",\"@id\":\"https:\\\/\\\/www.q-bo.net\\\/de\\\/#\\\/schema\\\/logo\\\/image\\\/\",\"url\":\"https:\\\/\\\/www.q-bo.net\\\/site\\\/wp-content\\\/uploads\\\/2022\\\/01\\\/logo-qbo.png\",\"contentUrl\":\"https:\\\/\\\/www.q-bo.net\\\/site\\\/wp-content\\\/uploads\\\/2022\\\/01\\\/logo-qbo.png\",\"width\":463,\"height\":108,\"caption\":\"Q.bo s.r.l.\"},\"image\":{\"@id\":\"https:\\\/\\\/www.q-bo.net\\\/de\\\/#\\\/schema\\\/logo\\\/image\\\/\"},\"sameAs\":[\"https:\\\/\\\/x.com\\\/qbo_srl\"]}]}<\/script>\n<!-- \/ Yoast SEO Premium plugin. -->","yoast_head_json":{"title":"Versand - Q.bo","robots":{"index":"index","follow":"follow","max-snippet":"max-snippet:-1","max-image-preview":"max-image-preview:large","max-video-preview":"max-video-preview:-1"},"canonical":"https:\/\/www.q-bo.net\/de\/versand\/","og_locale":"de_DE","og_type":"article","og_title":"Versand","og_description":"Wir versenden per Expresskurier in 24 Stunden und \/ oder nationalem Kurier in 3\/5 Werktagen im ganzen Land, einschlie\u00dflich der Inseln. Sendungen au\u00dferhalb","og_url":"https:\/\/www.q-bo.net\/de\/versand\/","og_site_name":"Q.bo","article_modified_time":"2026-04-14T17:46:05+00:00","og_image":[{"url":"https:\/\/www.q-bo.net\/site\/wp-content\/uploads\/qbo\/images\/icons\/courier-icon-fedex.png","type":"","width":"","height":""}],"twitter_card":"summary_large_image","twitter_site":"@qbo_srl","twitter_misc":{"Est. reading time":"2 minutes"},"schema":{"@context":"https:\/\/schema.org","@graph":[{"@type":"WebPage","@id":"https:\/\/www.q-bo.net\/de\/versand\/","url":"https:\/\/www.q-bo.net\/de\/versand\/","name":"Versand - Q.bo","isPartOf":{"@id":"https:\/\/www.q-bo.net\/de\/#website"},"primaryImageOfPage":{"@id":"https:\/\/www.q-bo.net\/de\/versand\/#primaryimage"},"image":{"@id":"https:\/\/www.q-bo.net\/de\/versand\/#primaryimage"},"thumbnailUrl":"https:\/\/www.q-bo.net\/site\/wp-content\/uploads\/qbo\/images\/icons\/courier-icon-fedex.png","datePublished":"2022-05-23T13:53:16+00:00","dateModified":"2026-04-14T17:46:05+00:00","breadcrumb":{"@id":"https:\/\/www.q-bo.net\/de\/versand\/#breadcrumb"},"inLanguage":"de-DE","potentialAction":[{"@type":"ReadAction","target":["https:\/\/www.q-bo.net\/de\/versand\/"]}]},{"@type":"ImageObject","inLanguage":"de-DE","@id":"https:\/\/www.q-bo.net\/de\/versand\/#primaryimage","url":"https:\/\/www.q-bo.net\/site\/wp-content\/uploads\/qbo\/images\/icons\/courier-icon-fedex.png","contentUrl":"https:\/\/www.q-bo.net\/site\/wp-content\/uploads\/qbo\/images\/icons\/courier-icon-fedex.png"},{"@type":"BreadcrumbList","@id":"https:\/\/www.q-bo.net\/de\/versand\/#breadcrumb","itemListElement":[{"@type":"ListItem","position":1,"name":"Home","item":"https:\/\/www.q-bo.net\/de\/"},{"@type":"ListItem","position":2,"name":"Versand"}]},{"@type":"WebSite","@id":"https:\/\/www.q-bo.net\/de\/#website","url":"https:\/\/www.q-bo.net\/de\/","name":"Q.bo","description":"Camping \/ Garten \/ Strand \/ Freizeit","publisher":{"@id":"https:\/\/www.q-bo.net\/de\/#organization"},"potentialAction":[{"@type":"SearchAction","target":{"@type":"EntryPoint","urlTemplate":"https:\/\/www.q-bo.net\/de\/?s={search_term_string}"},"query-input":{"@type":"PropertyValueSpecification","valueRequired":true,"valueName":"search_term_string"}}],"inLanguage":"de-DE"},{"@type":"Organization","@id":"https:\/\/www.q-bo.net\/de\/#organization","name":"Q.bo s.r.l.","url":"https:\/\/www.q-bo.net\/de\/","logo":{"@type":"ImageObject","inLanguage":"de-DE","@id":"https:\/\/www.q-bo.net\/de\/#\/schema\/logo\/image\/","url":"https:\/\/www.q-bo.net\/site\/wp-content\/uploads\/2022\/01\/logo-qbo.png","contentUrl":"https:\/\/www.q-bo.net\/site\/wp-content\/uploads\/2022\/01\/logo-qbo.png","width":463,"height":108,"caption":"Q.bo s.r.l."},"image":{"@id":"https:\/\/www.q-bo.net\/de\/#\/schema\/logo\/image\/"},"sameAs":["https:\/\/x.com\/qbo_srl"]}]}},"jetpack_sharing_enabled":true,"jetpack_shortlink":"https:\/\/wp.me\/PaNnHi-41QS","_links":{"self":[{"href":"https:\/\/www.q-bo.net\/de\/wp-json\/wp\/v2\/pages\/960434","targetHints":{"allow":["GET"]}}],"collection":[{"href":"https:\/\/www.q-bo.net\/de\/wp-json\/wp\/v2\/pages"}],"about":[{"href":"https:\/\/www.q-bo.net\/de\/wp-json\/wp\/v2\/types\/page"}],"author":[{"embeddable":true,"href":"https:\/\/www.q-bo.net\/de\/wp-json\/wp\/v2\/users\/2406"}],"replies":[{"embeddable":true,"href":"https:\/\/www.q-bo.net\/de\/wp-json\/wp\/v2\/comments?post=960434"}],"version-history":[{"count":3,"href":"https:\/\/www.q-bo.net\/de\/wp-json\/wp\/v2\/pages\/960434\/revisions"}],"predecessor-version":[{"id":1115491,"href":"https:\/\/www.q-bo.net\/de\/wp-json\/wp\/v2\/pages\/960434\/revisions\/1115491"}],"wp:attachment":[{"href":"https:\/\/www.q-bo.net\/de\/wp-json\/wp\/v2\/media?parent=960434"}],"curies":[{"name":"wp","href":"https:\/\/api.w.org\/{rel}","templated":true}]}}