
{"id":967659,"date":"2022-08-01T14:23:36","date_gmt":"2022-08-01T12:23:36","guid":{"rendered":"https:\/\/www.q-bo.net\/smart-pavillon-ersatzteile-05826\/"},"modified":"2024-01-12T09:27:50","modified_gmt":"2024-01-12T08:27:50","slug":"smart-pavillon-ersatzteile-05826","status":"publish","type":"page","link":"https:\/\/www.q-bo.net\/de\/smart-pavillon-ersatzteile-05826\/","title":{"rendered":"Smart Pavillon Ersatzteile 05826"},"content":{"rendered":"\n<h4 class=\"wp-block-heading\" id=\"h-durante-gli-anni-sono-state-apportate-modifiche-e-migliorie-alla-struttura-del-gazebo-smart-prima-di-effettuare-l-acquisto-delle-parti-di-ricambio-verifica-attentamente-che-siano-adatte-al-modello-che-possiedi\" style=\"font-size:20px\">Im Laufe der Jahre wurden \u00c4nderungen und Verbesserungen an der Struktur des Smart-Pavillons vorgenommen. <strong>Pr\u00fcfen Sie vor<\/strong> dem Kauf von Ersatzteilen sorgf\u00e4ltig, ob diese f\u00fcr Ihr Modell geeignet sind.<\/h4>\n\n<div style=\"height:100px\" aria-hidden=\"true\" class=\"wp-block-spacer\"><\/div>\n\n<div class=\"wp-block-columns is-not-stacked-on-mobile is-layout-flex wp-container-core-columns-is-layout-28f84493 wp-block-columns-is-layout-flex\">\n<div class=\"wp-block-column is-layout-flow wp-block-column-is-layout-flow\">\n<h4 class=\"wp-block-heading has-text-align-center\">Produktion<br\/><strong>bis 2016<\/strong><\/h4>\n\n\n<div class=\"wp-block-image\">\n<figure class=\"aligncenter size-large\"><img loading=\"lazy\" decoding=\"async\" width=\"1024\" height=\"584\" src=\"https:\/\/www.q-bo.net\/site\/wp-content\/uploads\/2022\/07\/05826_2016-1024x584.jpg\" alt=\"\" class=\"wp-image-966164\" srcset=\"https:\/\/www.q-bo.net\/site\/wp-content\/uploads\/2022\/07\/05826_2016-1024x584.jpg 1024w, https:\/\/www.q-bo.net\/site\/wp-content\/uploads\/2022\/07\/05826_2016-300x171.jpg 300w, https:\/\/www.q-bo.net\/site\/wp-content\/uploads\/2022\/07\/05826_2016-768x438.jpg 768w, https:\/\/www.q-bo.net\/site\/wp-content\/uploads\/2022\/07\/05826_2016-416x237.jpg 416w, https:\/\/www.q-bo.net\/site\/wp-content\/uploads\/2022\/07\/05826_2016.jpg 1098w\" sizes=\"auto, (max-width: 1024px) 100vw, 1024px\" \/><\/figure>\n<\/div>\n\n\n<div class=\"wp-block-buttons is-content-justification-center is-layout-flex wp-container-core-buttons-is-layout-23a043ba wp-block-buttons-is-layout-flex\">\n<div class=\"wp-block-button\"><a class=\"wp-block-button__link wp-element-button\" href=\"https:\/\/www.q-bo.net\/en\/spare-parts-smart-gazebo-05826-2\/\">Siehe Ersatzteile<\/a><\/div>\n<\/div>\n<\/div>\n\n\n\n<div class=\"wp-block-column is-layout-flow wp-block-column-is-layout-flow\">\n<h4 class=\"wp-block-heading has-text-align-center\">Produktion<br\/><strong>seit 2017<\/strong><\/h4>\n\n\n<div class=\"wp-block-image\">\n<figure class=\"aligncenter size-large\"><img loading=\"lazy\" decoding=\"async\" width=\"1024\" height=\"584\" src=\"https:\/\/www.q-bo.net\/site\/wp-content\/uploads\/2022\/07\/05826_2017-1024x584.jpg\" alt=\"\" class=\"wp-image-966167\" srcset=\"https:\/\/www.q-bo.net\/site\/wp-content\/uploads\/2022\/07\/05826_2017-1024x584.jpg 1024w, https:\/\/www.q-bo.net\/site\/wp-content\/uploads\/2022\/07\/05826_2017-300x171.jpg 300w, https:\/\/www.q-bo.net\/site\/wp-content\/uploads\/2022\/07\/05826_2017-768x438.jpg 768w, https:\/\/www.q-bo.net\/site\/wp-content\/uploads\/2022\/07\/05826_2017-416x237.jpg 416w, https:\/\/www.q-bo.net\/site\/wp-content\/uploads\/2022\/07\/05826_2017.jpg 1098w\" sizes=\"auto, (max-width: 1024px) 100vw, 1024px\" \/><\/figure>\n<\/div>\n\n\n<div class=\"wp-block-buttons is-content-justification-center is-layout-flex wp-container-core-buttons-is-layout-a89b3969 wp-block-buttons-is-layout-flex\">\n<div class=\"wp-block-button\"><a class=\"wp-block-button__link wp-element-button\" href=\"https:\/\/www.q-bo.net\/en\/spare-parts-smart-gazebo-05826-3\/\">Siehe Ersatzteile<\/a><\/div>\n<\/div>\n<\/div>\n<\/div>\n\n<div style=\"height:200px\" aria-hidden=\"true\" class=\"wp-block-spacer\"><\/div>\n","protected":false},"excerpt":{"rendered":"<p>Im Laufe der Jahre wurden \u00c4nderungen und Verbesserungen an der Struktur des Smart-Pavillons vorgenommen. Pr\u00fcfen Sie vor dem Kauf von Ersatzteilen sorgf\u00e4ltig, ob diese f\u00fcr Ihr Modell geeignet sind. Produktionbis 2016 Produktionseit 2017<\/p>\n","protected":false},"author":2406,"featured_media":0,"parent":0,"menu_order":0,"comment_status":"closed","ping_status":"closed","template":"","meta":{"jetpack_post_was_ever_published":false,"footnotes":""},"class_list":["post-967659","page","type-page","status-publish","hentry"],"yoast_head":"<!-- This site is optimized with the Yoast SEO Premium plugin v27.5 (Yoast SEO v27.5) - https:\/\/yoast.com\/product\/yoast-seo-premium-wordpress\/ -->\n<title>Smart Pavillon Ersatzteile 05826 - Q.bo<\/title>\n<meta name=\"robots\" content=\"index, follow, max-snippet:-1, max-image-preview:large, max-video-preview:-1\" \/>\n<link rel=\"canonical\" href=\"https:\/\/www.q-bo.net\/de\/smart-pavillon-ersatzteile-05826\/\" \/>\n<meta property=\"og:locale\" content=\"de_DE\" \/>\n<meta property=\"og:type\" content=\"article\" \/>\n<meta property=\"og:title\" content=\"Smart Pavillon Ersatzteile 05826\" \/>\n<meta property=\"og:description\" content=\"Im Laufe der Jahre wurden \u00c4nderungen und Verbesserungen an der Struktur des Smart-Pavillons vorgenommen. Pr\u00fcfen Sie vor dem Kauf von Ersatzteilen\" \/>\n<meta property=\"og:url\" content=\"https:\/\/www.q-bo.net\/de\/smart-pavillon-ersatzteile-05826\/\" \/>\n<meta property=\"og:site_name\" content=\"Q.bo\" \/>\n<meta property=\"article:modified_time\" content=\"2024-01-12T08:27:50+00:00\" \/>\n<meta property=\"og:image\" content=\"https:\/\/www.q-bo.net\/site\/wp-content\/uploads\/2022\/07\/05826_2016-1024x584.jpg\" \/>\n<meta name=\"twitter:card\" content=\"summary_large_image\" \/>\n<meta name=\"twitter:site\" content=\"@qbo_srl\" \/>\n<script type=\"application\/ld+json\" class=\"yoast-schema-graph\">{\"@context\":\"https:\\\/\\\/schema.org\",\"@graph\":[{\"@type\":\"WebPage\",\"@id\":\"https:\\\/\\\/www.q-bo.net\\\/de\\\/smart-pavillon-ersatzteile-05826\\\/\",\"url\":\"https:\\\/\\\/www.q-bo.net\\\/de\\\/smart-pavillon-ersatzteile-05826\\\/\",\"name\":\"Smart Pavillon Ersatzteile 05826 - Q.bo\",\"isPartOf\":{\"@id\":\"https:\\\/\\\/www.q-bo.net\\\/de\\\/#website\"},\"primaryImageOfPage\":{\"@id\":\"https:\\\/\\\/www.q-bo.net\\\/de\\\/smart-pavillon-ersatzteile-05826\\\/#primaryimage\"},\"image\":{\"@id\":\"https:\\\/\\\/www.q-bo.net\\\/de\\\/smart-pavillon-ersatzteile-05826\\\/#primaryimage\"},\"thumbnailUrl\":\"https:\\\/\\\/www.q-bo.net\\\/site\\\/wp-content\\\/uploads\\\/2022\\\/07\\\/05826_2016-1024x584.jpg\",\"datePublished\":\"2022-08-01T12:23:36+00:00\",\"dateModified\":\"2024-01-12T08:27:50+00:00\",\"breadcrumb\":{\"@id\":\"https:\\\/\\\/www.q-bo.net\\\/de\\\/smart-pavillon-ersatzteile-05826\\\/#breadcrumb\"},\"inLanguage\":\"de-DE\",\"potentialAction\":[{\"@type\":\"ReadAction\",\"target\":[\"https:\\\/\\\/www.q-bo.net\\\/de\\\/smart-pavillon-ersatzteile-05826\\\/\"]}]},{\"@type\":\"ImageObject\",\"inLanguage\":\"de-DE\",\"@id\":\"https:\\\/\\\/www.q-bo.net\\\/de\\\/smart-pavillon-ersatzteile-05826\\\/#primaryimage\",\"url\":\"https:\\\/\\\/www.q-bo.net\\\/site\\\/wp-content\\\/uploads\\\/2022\\\/07\\\/05826_2016-1024x584.jpg\",\"contentUrl\":\"https:\\\/\\\/www.q-bo.net\\\/site\\\/wp-content\\\/uploads\\\/2022\\\/07\\\/05826_2016-1024x584.jpg\"},{\"@type\":\"BreadcrumbList\",\"@id\":\"https:\\\/\\\/www.q-bo.net\\\/de\\\/smart-pavillon-ersatzteile-05826\\\/#breadcrumb\",\"itemListElement\":[{\"@type\":\"ListItem\",\"position\":1,\"name\":\"Home\",\"item\":\"https:\\\/\\\/www.q-bo.net\\\/de\\\/\"},{\"@type\":\"ListItem\",\"position\":2,\"name\":\"Smart Pavillon Ersatzteile 05826\"}]},{\"@type\":\"WebSite\",\"@id\":\"https:\\\/\\\/www.q-bo.net\\\/de\\\/#website\",\"url\":\"https:\\\/\\\/www.q-bo.net\\\/de\\\/\",\"name\":\"Q.bo\",\"description\":\"Camping \\\/ Garten \\\/ Strand \\\/ Freizeit\",\"publisher\":{\"@id\":\"https:\\\/\\\/www.q-bo.net\\\/de\\\/#organization\"},\"potentialAction\":[{\"@type\":\"SearchAction\",\"target\":{\"@type\":\"EntryPoint\",\"urlTemplate\":\"https:\\\/\\\/www.q-bo.net\\\/de\\\/?s={search_term_string}\"},\"query-input\":{\"@type\":\"PropertyValueSpecification\",\"valueRequired\":true,\"valueName\":\"search_term_string\"}}],\"inLanguage\":\"de-DE\"},{\"@type\":\"Organization\",\"@id\":\"https:\\\/\\\/www.q-bo.net\\\/de\\\/#organization\",\"name\":\"Q.bo s.r.l.\",\"url\":\"https:\\\/\\\/www.q-bo.net\\\/de\\\/\",\"logo\":{\"@type\":\"ImageObject\",\"inLanguage\":\"de-DE\",\"@id\":\"https:\\\/\\\/www.q-bo.net\\\/de\\\/#\\\/schema\\\/logo\\\/image\\\/\",\"url\":\"https:\\\/\\\/www.q-bo.net\\\/site\\\/wp-content\\\/uploads\\\/2022\\\/01\\\/logo-qbo.png\",\"contentUrl\":\"https:\\\/\\\/www.q-bo.net\\\/site\\\/wp-content\\\/uploads\\\/2022\\\/01\\\/logo-qbo.png\",\"width\":463,\"height\":108,\"caption\":\"Q.bo s.r.l.\"},\"image\":{\"@id\":\"https:\\\/\\\/www.q-bo.net\\\/de\\\/#\\\/schema\\\/logo\\\/image\\\/\"},\"sameAs\":[\"https:\\\/\\\/x.com\\\/qbo_srl\"]}]}<\/script>\n<!-- \/ Yoast SEO Premium plugin. -->","yoast_head_json":{"title":"Smart Pavillon Ersatzteile 05826 - Q.bo","robots":{"index":"index","follow":"follow","max-snippet":"max-snippet:-1","max-image-preview":"max-image-preview:large","max-video-preview":"max-video-preview:-1"},"canonical":"https:\/\/www.q-bo.net\/de\/smart-pavillon-ersatzteile-05826\/","og_locale":"de_DE","og_type":"article","og_title":"Smart Pavillon Ersatzteile 05826","og_description":"Im Laufe der Jahre wurden \u00c4nderungen und Verbesserungen an der Struktur des Smart-Pavillons vorgenommen. Pr\u00fcfen Sie vor dem Kauf von Ersatzteilen","og_url":"https:\/\/www.q-bo.net\/de\/smart-pavillon-ersatzteile-05826\/","og_site_name":"Q.bo","article_modified_time":"2024-01-12T08:27:50+00:00","og_image":[{"url":"https:\/\/www.q-bo.net\/site\/wp-content\/uploads\/2022\/07\/05826_2016-1024x584.jpg","type":"","width":"","height":""}],"twitter_card":"summary_large_image","twitter_site":"@qbo_srl","schema":{"@context":"https:\/\/schema.org","@graph":[{"@type":"WebPage","@id":"https:\/\/www.q-bo.net\/de\/smart-pavillon-ersatzteile-05826\/","url":"https:\/\/www.q-bo.net\/de\/smart-pavillon-ersatzteile-05826\/","name":"Smart Pavillon Ersatzteile 05826 - Q.bo","isPartOf":{"@id":"https:\/\/www.q-bo.net\/de\/#website"},"primaryImageOfPage":{"@id":"https:\/\/www.q-bo.net\/de\/smart-pavillon-ersatzteile-05826\/#primaryimage"},"image":{"@id":"https:\/\/www.q-bo.net\/de\/smart-pavillon-ersatzteile-05826\/#primaryimage"},"thumbnailUrl":"https:\/\/www.q-bo.net\/site\/wp-content\/uploads\/2022\/07\/05826_2016-1024x584.jpg","datePublished":"2022-08-01T12:23:36+00:00","dateModified":"2024-01-12T08:27:50+00:00","breadcrumb":{"@id":"https:\/\/www.q-bo.net\/de\/smart-pavillon-ersatzteile-05826\/#breadcrumb"},"inLanguage":"de-DE","potentialAction":[{"@type":"ReadAction","target":["https:\/\/www.q-bo.net\/de\/smart-pavillon-ersatzteile-05826\/"]}]},{"@type":"ImageObject","inLanguage":"de-DE","@id":"https:\/\/www.q-bo.net\/de\/smart-pavillon-ersatzteile-05826\/#primaryimage","url":"https:\/\/www.q-bo.net\/site\/wp-content\/uploads\/2022\/07\/05826_2016-1024x584.jpg","contentUrl":"https:\/\/www.q-bo.net\/site\/wp-content\/uploads\/2022\/07\/05826_2016-1024x584.jpg"},{"@type":"BreadcrumbList","@id":"https:\/\/www.q-bo.net\/de\/smart-pavillon-ersatzteile-05826\/#breadcrumb","itemListElement":[{"@type":"ListItem","position":1,"name":"Home","item":"https:\/\/www.q-bo.net\/de\/"},{"@type":"ListItem","position":2,"name":"Smart Pavillon Ersatzteile 05826"}]},{"@type":"WebSite","@id":"https:\/\/www.q-bo.net\/de\/#website","url":"https:\/\/www.q-bo.net\/de\/","name":"Q.bo","description":"Camping \/ Garten \/ Strand \/ Freizeit","publisher":{"@id":"https:\/\/www.q-bo.net\/de\/#organization"},"potentialAction":[{"@type":"SearchAction","target":{"@type":"EntryPoint","urlTemplate":"https:\/\/www.q-bo.net\/de\/?s={search_term_string}"},"query-input":{"@type":"PropertyValueSpecification","valueRequired":true,"valueName":"search_term_string"}}],"inLanguage":"de-DE"},{"@type":"Organization","@id":"https:\/\/www.q-bo.net\/de\/#organization","name":"Q.bo s.r.l.","url":"https:\/\/www.q-bo.net\/de\/","logo":{"@type":"ImageObject","inLanguage":"de-DE","@id":"https:\/\/www.q-bo.net\/de\/#\/schema\/logo\/image\/","url":"https:\/\/www.q-bo.net\/site\/wp-content\/uploads\/2022\/01\/logo-qbo.png","contentUrl":"https:\/\/www.q-bo.net\/site\/wp-content\/uploads\/2022\/01\/logo-qbo.png","width":463,"height":108,"caption":"Q.bo s.r.l."},"image":{"@id":"https:\/\/www.q-bo.net\/de\/#\/schema\/logo\/image\/"},"sameAs":["https:\/\/x.com\/qbo_srl"]}]}},"jetpack_sharing_enabled":true,"jetpack_shortlink":"https:\/\/wp.me\/PaNnHi-43Jp","_links":{"self":[{"href":"https:\/\/www.q-bo.net\/de\/wp-json\/wp\/v2\/pages\/967659","targetHints":{"allow":["GET"]}}],"collection":[{"href":"https:\/\/www.q-bo.net\/de\/wp-json\/wp\/v2\/pages"}],"about":[{"href":"https:\/\/www.q-bo.net\/de\/wp-json\/wp\/v2\/types\/page"}],"author":[{"embeddable":true,"href":"https:\/\/www.q-bo.net\/de\/wp-json\/wp\/v2\/users\/2406"}],"replies":[{"embeddable":true,"href":"https:\/\/www.q-bo.net\/de\/wp-json\/wp\/v2\/comments?post=967659"}],"version-history":[{"count":0,"href":"https:\/\/www.q-bo.net\/de\/wp-json\/wp\/v2\/pages\/967659\/revisions"}],"wp:attachment":[{"href":"https:\/\/www.q-bo.net\/de\/wp-json\/wp\/v2\/media?parent=967659"}],"curies":[{"name":"wp","href":"https:\/\/api.w.org\/{rel}","templated":true}]}}