
{"id":969566,"date":"2022-09-05T11:04:00","date_gmt":"2022-09-05T09:04:00","guid":{"rendered":"https:\/\/www.q-bo.net\/ersatzteile-fuer-rimini-kinderbett\/"},"modified":"2024-01-12T12:29:28","modified_gmt":"2024-01-12T11:29:28","slug":"ersatzteile-fuer-rimini-kinderbett","status":"publish","type":"page","link":"https:\/\/www.q-bo.net\/de\/ersatzteile-fuer-rimini-kinderbett\/","title":{"rendered":"Ersatzteile f\u00fcr Rimini Kinderbett"},"content":{"rendered":"\n<h4 class=\"wp-block-heading\" id=\"componenti-in-plastica\"><strong><a href=\"#componenti-in-plastica\">Kunststoffteile<\/a><br\/><a href=\"#ricambi-telo\">Kinderbetthandt\u00fccher<\/a><\/strong><\/h4>\n\n<div style=\"height:100px\" aria-hidden=\"true\" class=\"wp-block-spacer\"><\/div>\n<div class=\"wp-block-image\">\n<figure class=\"aligncenter size-large\" id=\"componenti-in-plastica\"><img loading=\"lazy\" decoding=\"async\" width=\"1024\" height=\"341\" src=\"https:\/\/www.q-bo.net\/site\/wp-content\/uploads\/2022\/09\/Copertina-Rimini-1-1024x341.jpg\" alt=\"\" class=\"wp-image-969926\" srcset=\"https:\/\/www.q-bo.net\/site\/wp-content\/uploads\/2022\/09\/Copertina-Rimini-1-1024x341.jpg 1024w, https:\/\/www.q-bo.net\/site\/wp-content\/uploads\/2022\/09\/Copertina-Rimini-1-300x100.jpg 300w, https:\/\/www.q-bo.net\/site\/wp-content\/uploads\/2022\/09\/Copertina-Rimini-1-768x256.jpg 768w, https:\/\/www.q-bo.net\/site\/wp-content\/uploads\/2022\/09\/Copertina-Rimini-1-416x139.jpg 416w, https:\/\/www.q-bo.net\/site\/wp-content\/uploads\/2022\/09\/Copertina-Rimini-1.jpg 1500w\" sizes=\"auto, (max-width: 1024px) 100vw, 1024px\" \/><\/figure>\n<\/div>\n<h3 class=\"wp-block-heading\" id=\"h-componenti-in-plastica\"><strong>Kunststoffteile<\/strong><\/h3>\n\n<p>\u2193 Ersatz-Kunststoffteile f\u00fcr <strong>Rimini T<\/strong> <strong><a href=\"https:\/\/www.q-bo.net\/de\/produkt\/liege-rimini-t-05102\/\">05102<\/a>, <a href=\"https:\/\/www.q-bo.net\/de\/produkt\/liege-rimini-t-05103\/\">05103<\/a>, <a href=\"https:\/\/www.q-bo.net\/de\/produkt\/liege-rimini-t-05104\/\">05104<\/a><\/strong> e <strong>Rimini T Maxi <\/strong><a href=\"https:\/\/www.q-bo.net\/prodotto\/lettino-maxi-rimini-t-05109\/\"><strong>05109<\/strong><\/a>.<\/p>\n\n<div style=\"height:100px\" aria-hidden=\"true\" class=\"wp-block-spacer\"><\/div>\n\n<div class=\"wp-block-columns is-layout-flex wp-container-core-columns-is-layout-28f84493 wp-block-columns-is-layout-flex\">\n<div class=\"wp-block-column is-layout-flow wp-block-column-is-layout-flow\" style=\"flex-basis:66.66%\">\n<figure class=\"wp-block-image size-large\"><img loading=\"lazy\" decoding=\"async\" width=\"1024\" height=\"683\" src=\"https:\/\/www.q-bo.net\/site\/wp-content\/uploads\/2023\/02\/Mappa-Rimini_03-1024x683.jpg\" alt=\"\" class=\"wp-image-983385\" srcset=\"https:\/\/www.q-bo.net\/site\/wp-content\/uploads\/2023\/02\/Mappa-Rimini_03-1024x683.jpg 1024w, https:\/\/www.q-bo.net\/site\/wp-content\/uploads\/2023\/02\/Mappa-Rimini_03-300x200.jpg 300w, https:\/\/www.q-bo.net\/site\/wp-content\/uploads\/2023\/02\/Mappa-Rimini_03-768x512.jpg 768w, https:\/\/www.q-bo.net\/site\/wp-content\/uploads\/2023\/02\/Mappa-Rimini_03-416x277.jpg 416w, https:\/\/www.q-bo.net\/site\/wp-content\/uploads\/2023\/02\/Mappa-Rimini_03.jpg 1500w\" sizes=\"auto, (max-width: 1024px) 100vw, 1024px\" \/><\/figure>\n<\/div>\n\n\n\n<div class=\"wp-block-column is-layout-flow wp-block-column-is-layout-flow\" style=\"flex-basis:33.33%\">\n<p><strong>00616  <\/strong><br\/>Endkappe f\u00fcr Baldachinarm<br\/><a href=\"https:\/\/www.q-bo.net\/de\/produkt\/rimini-mtze-b-00616\/\">Siehe Produkt<\/a><\/p>\n\n\n\n<p><strong>00617  <\/strong><br\/>Beinprofilkappe (F\u00fc\u00dfe)<br\/><a href=\"https:\/\/www.q-bo.net\/de\/produkt\/rimini-mtze-c-00617\/\">Siehe Produkt<\/a><\/p>\n\n\n\n<p><strong>00660  <\/strong><br\/>Stange, die den Stoff an der langen Seite verankert<br\/><a href=\"https:\/\/www.q-bo.net\/de\/produkt\/stab-verankerungstuch-an-der-langen-seite-00660\/\">Siehe Produkt<\/a><\/p>\n<\/div>\n<\/div>\n\n<div style=\"height:100px\" aria-hidden=\"true\" class=\"wp-block-spacer\"><\/div>\n\n<div class=\"wp-block-columns is-layout-flex wp-container-core-columns-is-layout-28f84493 wp-block-columns-is-layout-flex\">\n<div class=\"wp-block-column is-layout-flow wp-block-column-is-layout-flow\" style=\"flex-basis:66.66%\">\n<figure class=\"wp-block-image size-large\"><img loading=\"lazy\" decoding=\"async\" width=\"1024\" height=\"683\" src=\"https:\/\/www.q-bo.net\/site\/wp-content\/uploads\/2023\/02\/Mappa-Rimini_02-1024x683.jpg\" alt=\"\" class=\"wp-image-983382\" srcset=\"https:\/\/www.q-bo.net\/site\/wp-content\/uploads\/2023\/02\/Mappa-Rimini_02-1024x683.jpg 1024w, https:\/\/www.q-bo.net\/site\/wp-content\/uploads\/2023\/02\/Mappa-Rimini_02-300x200.jpg 300w, https:\/\/www.q-bo.net\/site\/wp-content\/uploads\/2023\/02\/Mappa-Rimini_02-768x512.jpg 768w, https:\/\/www.q-bo.net\/site\/wp-content\/uploads\/2023\/02\/Mappa-Rimini_02-416x277.jpg 416w, https:\/\/www.q-bo.net\/site\/wp-content\/uploads\/2023\/02\/Mappa-Rimini_02.jpg 1500w\" sizes=\"auto, (max-width: 1024px) 100vw, 1024px\" \/><\/figure>\n<\/div>\n\n\n\n<div class=\"wp-block-column is-layout-flow wp-block-column-is-layout-flow\" style=\"flex-basis:33.33%\">\n<p><strong>00619<\/strong><br\/>Teleskopschraube <br\/><a href=\"https:\/\/www.q-bo.net\/de\/produkt\/teleskopschraube-00619\/\">Siehe Produkt<\/a><\/p>\n\n\n\n<p><strong>00662<\/strong><br\/>Dachstange<br\/><a href=\"https:\/\/www.q-bo.net\/de\/produkt\/dachstange-00662\/\">Siehe Produkt<\/a><\/p>\n\n\n\n<p><strong>00657  <\/strong><br\/>Endkappe f\u00fcr Bettprofile<br\/><a href=\"https:\/\/www.q-bo.net\/de\/produkt\/kinderbett-ruckenseil-kit-00657\/\">Siehe Produkt<\/a><\/p>\n\n\n\n<p><strong>00661  <\/strong><br\/>Bolzen f\u00fcr Betthimmel<br\/><a href=\"https:\/\/www.q-bo.net\/de\/produkt\/bolzen-baldachin-kinderbett-00661\/\">Siehe Produkt<\/a><\/p>\n<\/div>\n<\/div>\n\n<div style=\"height:100px\" aria-hidden=\"true\" class=\"wp-block-spacer\"><\/div>\n\n<div class=\"wp-block-columns is-layout-flex wp-container-core-columns-is-layout-28f84493 wp-block-columns-is-layout-flex\">\n<div class=\"wp-block-column is-layout-flow wp-block-column-is-layout-flow\" style=\"flex-basis:66.66%\">\n<figure class=\"wp-block-image size-large\"><img loading=\"lazy\" decoding=\"async\" width=\"1024\" height=\"683\" src=\"https:\/\/www.q-bo.net\/site\/wp-content\/uploads\/2023\/02\/Mappa-Rimini_01-1024x683.jpg\" alt=\"\" class=\"wp-image-983379\" srcset=\"https:\/\/www.q-bo.net\/site\/wp-content\/uploads\/2023\/02\/Mappa-Rimini_01-1024x683.jpg 1024w, https:\/\/www.q-bo.net\/site\/wp-content\/uploads\/2023\/02\/Mappa-Rimini_01-300x200.jpg 300w, https:\/\/www.q-bo.net\/site\/wp-content\/uploads\/2023\/02\/Mappa-Rimini_01-768x512.jpg 768w, https:\/\/www.q-bo.net\/site\/wp-content\/uploads\/2023\/02\/Mappa-Rimini_01-416x277.jpg 416w, https:\/\/www.q-bo.net\/site\/wp-content\/uploads\/2023\/02\/Mappa-Rimini_01.jpg 1500w\" sizes=\"auto, (max-width: 1024px) 100vw, 1024px\" \/><\/figure>\n<\/div>\n\n\n\n<div class=\"wp-block-column is-layout-flow wp-block-column-is-layout-flow\" style=\"flex-basis:33.33%\">\n<p><strong>00613<\/strong><br\/>Arretierung der R\u00fcckenlehne des Kinderbetts (rechte Seite im Liegen) <br\/><a href=\"https:\/\/www.q-bo.net\/de\/produkt\/rimini-rckenlehnenblock-a-rechts-00613\/\">Siehe Produkt<\/a><\/p>\n\n\n\n<p><strong>00614<\/strong><br\/>Arretierung der R\u00fcckenlehne des Kinderbetts (linke Seite im Liegen) <br\/><a href=\"https:\/\/www.q-bo.net\/de\/produkt\/rimini-rckenlehnenblock-a-links-00614\/\">Siehe Produkt<\/a><\/p>\n\n\n\n<p><strong>00615  <\/strong><br\/>Endkappe f\u00fcr Bettprofile<br\/><a href=\"https:\/\/www.q-bo.net\/de\/produkt\/rimini-mtze-a-00615\/\">Siehe Produkt<\/a><\/p>\n\n\n\n<p><strong>00618<\/strong><br\/>R\u00fcckenlehnenprofilkappe <br\/><a href=\"https:\/\/www.q-bo.net\/de\/produkt\/rimini-mtze-d-00618\/\">Siehe Produkt<\/a><\/p>\n\n\n\n<p><strong>00659<\/strong><br\/>Abstandshalter f\u00fcr Kinderbettr\u00fcckenlehne<br\/><a href=\"https:\/\/www.q-bo.net\/de\/produkt\/distanzstuck-ruckenlehne-kinderbett-00659\/\">Siehe Produkt<\/a><\/p>\n<\/div>\n<\/div>\n\n<div style=\"height:100px\" aria-hidden=\"true\" class=\"wp-block-spacer\"><\/div>\n<div class=\"wp-block-image\">\n<figure class=\"aligncenter size-full\" id=\"ricambi-telo\"><img loading=\"lazy\" decoding=\"async\" width=\"1500\" height=\"500\" src=\"https:\/\/www.q-bo.net\/site\/wp-content\/uploads\/2022\/09\/Copertina-Rimini_telo.jpg\" alt=\"\" class=\"wp-image-969982\" title=\"\" srcset=\"https:\/\/www.q-bo.net\/site\/wp-content\/uploads\/2022\/09\/Copertina-Rimini_telo.jpg 1500w, https:\/\/www.q-bo.net\/site\/wp-content\/uploads\/2022\/09\/Copertina-Rimini_telo-300x100.jpg 300w, https:\/\/www.q-bo.net\/site\/wp-content\/uploads\/2022\/09\/Copertina-Rimini_telo-1024x341.jpg 1024w, https:\/\/www.q-bo.net\/site\/wp-content\/uploads\/2022\/09\/Copertina-Rimini_telo-768x256.jpg 768w, https:\/\/www.q-bo.net\/site\/wp-content\/uploads\/2022\/09\/Copertina-Rimini_telo-416x139.jpg 416w\" sizes=\"auto, (max-width: 1500px) 100vw, 1500px\" \/><\/figure>\n<\/div>\n<h3 class=\"wp-block-heading\" id=\"h-teli-lettino\"><strong>Kinderbetthandt\u00fccher<\/strong><\/h3>\n\n<p>\u2193 Ersatzbettw\u00e4sche <strong>Rimini T<\/strong> <strong><strong><a href=\"https:\/\/www.q-bo.net\/de\/produkt\/liege-rimini-t-05102\/\">05102<\/a>, <a href=\"https:\/\/www.q-bo.net\/de\/produkt\/liege-rimini-t-05103\/\">05103<\/a>, <a href=\"https:\/\/www.q-bo.net\/de\/produkt\/liege-rimini-t-05104\/\">05104<\/a><\/strong><\/strong>.<\/p>\n\n<div style=\"height:100px\" aria-hidden=\"true\" class=\"wp-block-spacer\"><\/div>\n<div data-block-name=\"woocommerce\/handpicked-products\" data-columns=\"4\" data-content-visibility=\"{&quot;image&quot;:true,&quot;title&quot;:true,&quot;price&quot;:false,&quot;rating&quot;:true,&quot;button&quot;:true}\" data-products=\"[942826,942827,1032904,1032905]\" class=\"wc-block-grid wp-block-handpicked-products wp-block-woocommerce-handpicked-products wc-block-handpicked-products has-4-columns has-multiple-rows\"><ul class=\"wc-block-grid__products\"><li class=\"wc-block-grid__product\">\n\t\t\t\t<a href=\"https:\/\/www.q-bo.net\/de\/produkt\/rimini-strandbett-bettdecke-00611\/\" class=\"wc-block-grid__product-link\">\n\t\t\t\t\t\n\t\t\t\t\t<div class=\"wc-block-grid__product-image\"><img loading=\"lazy\" decoding=\"async\" width=\"324\" height=\"324\" src=\"https:\/\/www.q-bo.net\/site\/wp-content\/uploads\/2020\/11\/00611-324x324.jpg\" class=\"attachment-woocommerce_thumbnail size-woocommerce_thumbnail\" alt=\"Rimini Strandbett Bettdecke\" srcset=\"https:\/\/www.q-bo.net\/site\/wp-content\/uploads\/2020\/11\/00611-324x324.jpg 324w, https:\/\/www.q-bo.net\/site\/wp-content\/uploads\/2020\/11\/00611-300x300.jpg 300w, https:\/\/www.q-bo.net\/site\/wp-content\/uploads\/2020\/11\/00611-1024x1024.jpg 1024w, https:\/\/www.q-bo.net\/site\/wp-content\/uploads\/2020\/11\/00611-150x150.jpg 150w, https:\/\/www.q-bo.net\/site\/wp-content\/uploads\/2020\/11\/00611-768x768.jpg 768w, https:\/\/www.q-bo.net\/site\/wp-content\/uploads\/2020\/11\/00611-416x416.jpg 416w, https:\/\/www.q-bo.net\/site\/wp-content\/uploads\/2020\/11\/00611-100x100.jpg 100w, https:\/\/www.q-bo.net\/site\/wp-content\/uploads\/2020\/11\/00611.jpg 1440w\" sizes=\"auto, (max-width: 324px) 100vw, 324px\" \/><\/div>\n\t\t\t\t\t<div class=\"wc-block-grid__product-title\">Rimini Strandbett Bettdecke<\/div>\n\t\t\t\t<\/a>\n\t\t\t\t\n\t\t\t\t\n\t\t\t\t<div class=\"wp-block-button wc-block-grid__product-add-to-cart\"><a href=\"https:\/\/www.q-bo.net\/de\/produkt\/rimini-strandbett-bettdecke-00611\/\" aria-label=\"Lese mehr \u00fcber &#8222;Rimini Strandbett Bettdecke&#8220;\" data-quantity=\"1\" data-product_id=\"942827\" data-product_sku=\"00611\" data-price=\"39.99\" rel=\"nofollow\" class=\"wp-block-button__link  add_to_cart_button\">Weiterlesen<\/a><\/div>\n\t\t\t<\/li><li class=\"wc-block-grid__product\">\n\t\t\t\t<a href=\"https:\/\/www.q-bo.net\/de\/produkt\/rimini-strandbett-bettdecke-00610\/\" class=\"wc-block-grid__product-link\">\n\t\t\t\t\t\n\t\t\t\t\t<div class=\"wc-block-grid__product-image\"><img loading=\"lazy\" decoding=\"async\" width=\"324\" height=\"324\" src=\"https:\/\/www.q-bo.net\/site\/wp-content\/uploads\/2020\/11\/00610-324x324.jpg\" class=\"attachment-woocommerce_thumbnail size-woocommerce_thumbnail\" alt=\"Rimini Strandbett Bettdecke\" srcset=\"https:\/\/www.q-bo.net\/site\/wp-content\/uploads\/2020\/11\/00610-324x324.jpg 324w, https:\/\/www.q-bo.net\/site\/wp-content\/uploads\/2020\/11\/00610-300x300.jpg 300w, https:\/\/www.q-bo.net\/site\/wp-content\/uploads\/2020\/11\/00610-1024x1024.jpg 1024w, https:\/\/www.q-bo.net\/site\/wp-content\/uploads\/2020\/11\/00610-150x150.jpg 150w, https:\/\/www.q-bo.net\/site\/wp-content\/uploads\/2020\/11\/00610-768x768.jpg 768w, https:\/\/www.q-bo.net\/site\/wp-content\/uploads\/2020\/11\/00610-416x416.jpg 416w, https:\/\/www.q-bo.net\/site\/wp-content\/uploads\/2020\/11\/00610-100x100.jpg 100w, https:\/\/www.q-bo.net\/site\/wp-content\/uploads\/2020\/11\/00610.jpg 1440w\" sizes=\"auto, (max-width: 324px) 100vw, 324px\" \/><\/div>\n\t\t\t\t\t<div class=\"wc-block-grid__product-title\">Rimini Strandbett Bettdecke<\/div>\n\t\t\t\t<\/a>\n\t\t\t\t\n\t\t\t\t\n\t\t\t\t<div class=\"wp-block-button wc-block-grid__product-add-to-cart\"><a href=\"\/de\/wp-json\/wp\/v2\/pages\/969566?add-to-cart=942826\" aria-label=\"In den Warenkorb legen: \u201eRimini Strandbett Bettdecke\u201c\" data-quantity=\"1\" data-product_id=\"942826\" data-product_sku=\"00610\" data-price=\"39.99\" rel=\"nofollow\" class=\"wp-block-button__link  add_to_cart_button ajax_add_to_cart\">In den Warenkorb<\/a><\/div>\n\t\t\t<\/li><li class=\"wc-block-grid__product\">\n\t\t\t\t<a href=\"https:\/\/www.q-bo.net\/de\/produkt\/rimini-ersatzstoff-fur-sonnenliege-00621\/\" class=\"wc-block-grid__product-link\">\n\t\t\t\t\t\n\t\t\t\t\t<div class=\"wc-block-grid__product-image\"><img loading=\"lazy\" decoding=\"async\" width=\"324\" height=\"324\" src=\"https:\/\/www.q-bo.net\/site\/wp-content\/uploads\/2023\/05\/00621-324x324.jpg\" class=\"attachment-woocommerce_thumbnail size-woocommerce_thumbnail\" alt=\"Rimini ersatzstoff fur sonnenliege\" srcset=\"https:\/\/www.q-bo.net\/site\/wp-content\/uploads\/2023\/05\/00621-324x324.jpg 324w, https:\/\/www.q-bo.net\/site\/wp-content\/uploads\/2023\/05\/00621-300x300.jpg 300w, https:\/\/www.q-bo.net\/site\/wp-content\/uploads\/2023\/05\/00621-1024x1024.jpg 1024w, https:\/\/www.q-bo.net\/site\/wp-content\/uploads\/2023\/05\/00621-150x150.jpg 150w, https:\/\/www.q-bo.net\/site\/wp-content\/uploads\/2023\/05\/00621-768x768.jpg 768w, https:\/\/www.q-bo.net\/site\/wp-content\/uploads\/2023\/05\/00621-416x416.jpg 416w, https:\/\/www.q-bo.net\/site\/wp-content\/uploads\/2023\/05\/00621-100x100.jpg 100w, https:\/\/www.q-bo.net\/site\/wp-content\/uploads\/2023\/05\/00621.jpg 1440w\" sizes=\"auto, (max-width: 324px) 100vw, 324px\" \/><\/div>\n\t\t\t\t\t<div class=\"wc-block-grid__product-title\">Rimini ersatzstoff fur sonnenliege<\/div>\n\t\t\t\t<\/a>\n\t\t\t\t\n\t\t\t\t\n\t\t\t\t<div class=\"wp-block-button wc-block-grid__product-add-to-cart\"><a href=\"https:\/\/www.q-bo.net\/de\/produkt\/rimini-ersatzstoff-fur-sonnenliege-00621\/\" aria-label=\"Lese mehr \u00fcber &#8222;Rimini ersatzstoff fur sonnenliege&#8220;\" data-quantity=\"1\" data-product_id=\"1032905\" data-product_sku=\"00621\" data-price=\"39.99\" rel=\"nofollow\" class=\"wp-block-button__link  add_to_cart_button\">Weiterlesen<\/a><\/div>\n\t\t\t<\/li><li class=\"wc-block-grid__product\">\n\t\t\t\t<a href=\"https:\/\/www.q-bo.net\/de\/produkt\/rimini-ersatzstoff-fur-sonnenliege-00620\/\" class=\"wc-block-grid__product-link\">\n\t\t\t\t\t\n\t\t\t\t\t<div class=\"wc-block-grid__product-image\"><img loading=\"lazy\" decoding=\"async\" width=\"324\" height=\"324\" src=\"https:\/\/www.q-bo.net\/site\/wp-content\/uploads\/2023\/09\/00620-1-324x324.jpg\" class=\"attachment-woocommerce_thumbnail size-woocommerce_thumbnail\" alt=\"Rimini ersatzstoff fur sonnenliege\" srcset=\"https:\/\/www.q-bo.net\/site\/wp-content\/uploads\/2023\/09\/00620-1-324x324.jpg 324w, https:\/\/www.q-bo.net\/site\/wp-content\/uploads\/2023\/09\/00620-1-300x300.jpg 300w, https:\/\/www.q-bo.net\/site\/wp-content\/uploads\/2023\/09\/00620-1-1024x1024.jpg 1024w, https:\/\/www.q-bo.net\/site\/wp-content\/uploads\/2023\/09\/00620-1-150x150.jpg 150w, https:\/\/www.q-bo.net\/site\/wp-content\/uploads\/2023\/09\/00620-1-768x768.jpg 768w, https:\/\/www.q-bo.net\/site\/wp-content\/uploads\/2023\/09\/00620-1-416x416.jpg 416w, https:\/\/www.q-bo.net\/site\/wp-content\/uploads\/2023\/09\/00620-1-100x100.jpg 100w, https:\/\/www.q-bo.net\/site\/wp-content\/uploads\/2023\/09\/00620-1.jpg 1440w\" sizes=\"auto, (max-width: 324px) 100vw, 324px\" \/><\/div>\n\t\t\t\t\t<div class=\"wc-block-grid__product-title\">Rimini ersatzstoff fur sonnenliege<\/div>\n\t\t\t\t<\/a>\n\t\t\t\t\n\t\t\t\t\n\t\t\t\t<div class=\"wp-block-button wc-block-grid__product-add-to-cart\"><a href=\"https:\/\/www.q-bo.net\/de\/produkt\/rimini-ersatzstoff-fur-sonnenliege-00620\/\" aria-label=\"Lese mehr \u00fcber &#8222;Rimini ersatzstoff fur sonnenliege&#8220;\" data-quantity=\"1\" data-product_id=\"1032904\" data-product_sku=\"00620\" data-price=\"39.99\" rel=\"nofollow\" class=\"wp-block-button__link  add_to_cart_button\">Weiterlesen<\/a><\/div>\n\t\t\t<\/li><\/ul><\/div>","protected":false},"excerpt":{"rendered":"<p>KunststoffteileKinderbetthandt\u00fccher Kunststoffteile \u2193 Ersatz-Kunststoffteile f\u00fcr Rimini T 05102, 05103, 05104 e Rimini T Maxi 05109. 00616 Endkappe f\u00fcr BaldachinarmSiehe Produkt 00617 Beinprofilkappe (F\u00fc\u00dfe)Siehe Produkt 00660 Stange, die den Stoff an der langen Seite verankertSiehe Produkt 00619Teleskopschraube Siehe Produkt 00662DachstangeSiehe Produkt 00657 Endkappe f\u00fcr BettprofileSiehe Produkt 00661 Bolzen f\u00fcr BetthimmelSiehe Produkt 00613Arretierung der R\u00fcckenlehne des Kinderbetts [&hellip;]<\/p>\n","protected":false},"author":2406,"featured_media":0,"parent":0,"menu_order":0,"comment_status":"closed","ping_status":"closed","template":"","meta":{"jetpack_post_was_ever_published":false,"footnotes":""},"class_list":["post-969566","page","type-page","status-publish","hentry"],"yoast_head":"<!-- This site is optimized with the Yoast SEO Premium plugin v27.5 (Yoast SEO v27.5) - https:\/\/yoast.com\/product\/yoast-seo-premium-wordpress\/ -->\n<title>Ersatzteile f\u00fcr Rimini Kinderbett - Q.bo<\/title>\n<meta name=\"robots\" content=\"index, follow, max-snippet:-1, max-image-preview:large, max-video-preview:-1\" \/>\n<link rel=\"canonical\" href=\"https:\/\/www.q-bo.net\/de\/ersatzteile-fuer-rimini-kinderbett\/\" \/>\n<meta property=\"og:locale\" content=\"de_DE\" \/>\n<meta property=\"og:type\" content=\"article\" \/>\n<meta property=\"og:title\" content=\"Ersatzteile f\u00fcr Rimini Kinderbett\" \/>\n<meta property=\"og:description\" content=\"KunststoffteileKinderbetthandt\u00fccher Kunststoffteile \u2193 Ersatz-Kunststoffteile f\u00fcr Rimini T 05102, 05103, 05104 e Rimini T Maxi 05109. 00616 Endkappe f\u00fcr\" \/>\n<meta property=\"og:url\" content=\"https:\/\/www.q-bo.net\/de\/ersatzteile-fuer-rimini-kinderbett\/\" \/>\n<meta property=\"og:site_name\" content=\"Q.bo\" \/>\n<meta property=\"article:modified_time\" content=\"2024-01-12T11:29:28+00:00\" \/>\n<meta property=\"og:image\" content=\"https:\/\/www.q-bo.net\/site\/wp-content\/uploads\/2022\/09\/Copertina-Rimini-1-1024x341.jpg\" \/>\n<meta name=\"twitter:card\" content=\"summary_large_image\" \/>\n<meta name=\"twitter:site\" content=\"@qbo_srl\" \/>\n<script type=\"application\/ld+json\" class=\"yoast-schema-graph\">{\"@context\":\"https:\\\/\\\/schema.org\",\"@graph\":[{\"@type\":\"WebPage\",\"@id\":\"https:\\\/\\\/www.q-bo.net\\\/de\\\/ersatzteile-fuer-rimini-kinderbett\\\/\",\"url\":\"https:\\\/\\\/www.q-bo.net\\\/de\\\/ersatzteile-fuer-rimini-kinderbett\\\/\",\"name\":\"Ersatzteile f\u00fcr Rimini Kinderbett - Q.bo\",\"isPartOf\":{\"@id\":\"https:\\\/\\\/www.q-bo.net\\\/de\\\/#website\"},\"primaryImageOfPage\":{\"@id\":\"https:\\\/\\\/www.q-bo.net\\\/de\\\/ersatzteile-fuer-rimini-kinderbett\\\/#primaryimage\"},\"image\":{\"@id\":\"https:\\\/\\\/www.q-bo.net\\\/de\\\/ersatzteile-fuer-rimini-kinderbett\\\/#primaryimage\"},\"thumbnailUrl\":\"https:\\\/\\\/www.q-bo.net\\\/site\\\/wp-content\\\/uploads\\\/2022\\\/09\\\/Copertina-Rimini-1-1024x341.jpg\",\"datePublished\":\"2022-09-05T09:04:00+00:00\",\"dateModified\":\"2024-01-12T11:29:28+00:00\",\"breadcrumb\":{\"@id\":\"https:\\\/\\\/www.q-bo.net\\\/de\\\/ersatzteile-fuer-rimini-kinderbett\\\/#breadcrumb\"},\"inLanguage\":\"de-DE\",\"potentialAction\":[{\"@type\":\"ReadAction\",\"target\":[\"https:\\\/\\\/www.q-bo.net\\\/de\\\/ersatzteile-fuer-rimini-kinderbett\\\/\"]}]},{\"@type\":\"ImageObject\",\"inLanguage\":\"de-DE\",\"@id\":\"https:\\\/\\\/www.q-bo.net\\\/de\\\/ersatzteile-fuer-rimini-kinderbett\\\/#primaryimage\",\"url\":\"https:\\\/\\\/www.q-bo.net\\\/site\\\/wp-content\\\/uploads\\\/2022\\\/09\\\/Copertina-Rimini-1-1024x341.jpg\",\"contentUrl\":\"https:\\\/\\\/www.q-bo.net\\\/site\\\/wp-content\\\/uploads\\\/2022\\\/09\\\/Copertina-Rimini-1-1024x341.jpg\"},{\"@type\":\"BreadcrumbList\",\"@id\":\"https:\\\/\\\/www.q-bo.net\\\/de\\\/ersatzteile-fuer-rimini-kinderbett\\\/#breadcrumb\",\"itemListElement\":[{\"@type\":\"ListItem\",\"position\":1,\"name\":\"Home\",\"item\":\"https:\\\/\\\/www.q-bo.net\\\/de\\\/\"},{\"@type\":\"ListItem\",\"position\":2,\"name\":\"Ersatzteile f\u00fcr Rimini Kinderbett\"}]},{\"@type\":\"WebSite\",\"@id\":\"https:\\\/\\\/www.q-bo.net\\\/de\\\/#website\",\"url\":\"https:\\\/\\\/www.q-bo.net\\\/de\\\/\",\"name\":\"Q.bo\",\"description\":\"Camping \\\/ Garten \\\/ Strand \\\/ Freizeit\",\"publisher\":{\"@id\":\"https:\\\/\\\/www.q-bo.net\\\/de\\\/#organization\"},\"potentialAction\":[{\"@type\":\"SearchAction\",\"target\":{\"@type\":\"EntryPoint\",\"urlTemplate\":\"https:\\\/\\\/www.q-bo.net\\\/de\\\/?s={search_term_string}\"},\"query-input\":{\"@type\":\"PropertyValueSpecification\",\"valueRequired\":true,\"valueName\":\"search_term_string\"}}],\"inLanguage\":\"de-DE\"},{\"@type\":\"Organization\",\"@id\":\"https:\\\/\\\/www.q-bo.net\\\/de\\\/#organization\",\"name\":\"Q.bo s.r.l.\",\"url\":\"https:\\\/\\\/www.q-bo.net\\\/de\\\/\",\"logo\":{\"@type\":\"ImageObject\",\"inLanguage\":\"de-DE\",\"@id\":\"https:\\\/\\\/www.q-bo.net\\\/de\\\/#\\\/schema\\\/logo\\\/image\\\/\",\"url\":\"https:\\\/\\\/www.q-bo.net\\\/site\\\/wp-content\\\/uploads\\\/2022\\\/01\\\/logo-qbo.png\",\"contentUrl\":\"https:\\\/\\\/www.q-bo.net\\\/site\\\/wp-content\\\/uploads\\\/2022\\\/01\\\/logo-qbo.png\",\"width\":463,\"height\":108,\"caption\":\"Q.bo s.r.l.\"},\"image\":{\"@id\":\"https:\\\/\\\/www.q-bo.net\\\/de\\\/#\\\/schema\\\/logo\\\/image\\\/\"},\"sameAs\":[\"https:\\\/\\\/x.com\\\/qbo_srl\"]}]}<\/script>\n<!-- \/ Yoast SEO Premium plugin. -->","yoast_head_json":{"title":"Ersatzteile f\u00fcr Rimini Kinderbett - Q.bo","robots":{"index":"index","follow":"follow","max-snippet":"max-snippet:-1","max-image-preview":"max-image-preview:large","max-video-preview":"max-video-preview:-1"},"canonical":"https:\/\/www.q-bo.net\/de\/ersatzteile-fuer-rimini-kinderbett\/","og_locale":"de_DE","og_type":"article","og_title":"Ersatzteile f\u00fcr Rimini Kinderbett","og_description":"KunststoffteileKinderbetthandt\u00fccher Kunststoffteile \u2193 Ersatz-Kunststoffteile f\u00fcr Rimini T 05102, 05103, 05104 e Rimini T Maxi 05109. 00616 Endkappe f\u00fcr","og_url":"https:\/\/www.q-bo.net\/de\/ersatzteile-fuer-rimini-kinderbett\/","og_site_name":"Q.bo","article_modified_time":"2024-01-12T11:29:28+00:00","og_image":[{"url":"https:\/\/www.q-bo.net\/site\/wp-content\/uploads\/2022\/09\/Copertina-Rimini-1-1024x341.jpg","type":"","width":"","height":""}],"twitter_card":"summary_large_image","twitter_site":"@qbo_srl","schema":{"@context":"https:\/\/schema.org","@graph":[{"@type":"WebPage","@id":"https:\/\/www.q-bo.net\/de\/ersatzteile-fuer-rimini-kinderbett\/","url":"https:\/\/www.q-bo.net\/de\/ersatzteile-fuer-rimini-kinderbett\/","name":"Ersatzteile f\u00fcr Rimini Kinderbett - Q.bo","isPartOf":{"@id":"https:\/\/www.q-bo.net\/de\/#website"},"primaryImageOfPage":{"@id":"https:\/\/www.q-bo.net\/de\/ersatzteile-fuer-rimini-kinderbett\/#primaryimage"},"image":{"@id":"https:\/\/www.q-bo.net\/de\/ersatzteile-fuer-rimini-kinderbett\/#primaryimage"},"thumbnailUrl":"https:\/\/www.q-bo.net\/site\/wp-content\/uploads\/2022\/09\/Copertina-Rimini-1-1024x341.jpg","datePublished":"2022-09-05T09:04:00+00:00","dateModified":"2024-01-12T11:29:28+00:00","breadcrumb":{"@id":"https:\/\/www.q-bo.net\/de\/ersatzteile-fuer-rimini-kinderbett\/#breadcrumb"},"inLanguage":"de-DE","potentialAction":[{"@type":"ReadAction","target":["https:\/\/www.q-bo.net\/de\/ersatzteile-fuer-rimini-kinderbett\/"]}]},{"@type":"ImageObject","inLanguage":"de-DE","@id":"https:\/\/www.q-bo.net\/de\/ersatzteile-fuer-rimini-kinderbett\/#primaryimage","url":"https:\/\/www.q-bo.net\/site\/wp-content\/uploads\/2022\/09\/Copertina-Rimini-1-1024x341.jpg","contentUrl":"https:\/\/www.q-bo.net\/site\/wp-content\/uploads\/2022\/09\/Copertina-Rimini-1-1024x341.jpg"},{"@type":"BreadcrumbList","@id":"https:\/\/www.q-bo.net\/de\/ersatzteile-fuer-rimini-kinderbett\/#breadcrumb","itemListElement":[{"@type":"ListItem","position":1,"name":"Home","item":"https:\/\/www.q-bo.net\/de\/"},{"@type":"ListItem","position":2,"name":"Ersatzteile f\u00fcr Rimini Kinderbett"}]},{"@type":"WebSite","@id":"https:\/\/www.q-bo.net\/de\/#website","url":"https:\/\/www.q-bo.net\/de\/","name":"Q.bo","description":"Camping \/ Garten \/ Strand \/ Freizeit","publisher":{"@id":"https:\/\/www.q-bo.net\/de\/#organization"},"potentialAction":[{"@type":"SearchAction","target":{"@type":"EntryPoint","urlTemplate":"https:\/\/www.q-bo.net\/de\/?s={search_term_string}"},"query-input":{"@type":"PropertyValueSpecification","valueRequired":true,"valueName":"search_term_string"}}],"inLanguage":"de-DE"},{"@type":"Organization","@id":"https:\/\/www.q-bo.net\/de\/#organization","name":"Q.bo s.r.l.","url":"https:\/\/www.q-bo.net\/de\/","logo":{"@type":"ImageObject","inLanguage":"de-DE","@id":"https:\/\/www.q-bo.net\/de\/#\/schema\/logo\/image\/","url":"https:\/\/www.q-bo.net\/site\/wp-content\/uploads\/2022\/01\/logo-qbo.png","contentUrl":"https:\/\/www.q-bo.net\/site\/wp-content\/uploads\/2022\/01\/logo-qbo.png","width":463,"height":108,"caption":"Q.bo s.r.l."},"image":{"@id":"https:\/\/www.q-bo.net\/de\/#\/schema\/logo\/image\/"},"sameAs":["https:\/\/x.com\/qbo_srl"]}]}},"jetpack_sharing_enabled":true,"jetpack_shortlink":"https:\/\/wp.me\/PaNnHi-44ea","_links":{"self":[{"href":"https:\/\/www.q-bo.net\/de\/wp-json\/wp\/v2\/pages\/969566","targetHints":{"allow":["GET"]}}],"collection":[{"href":"https:\/\/www.q-bo.net\/de\/wp-json\/wp\/v2\/pages"}],"about":[{"href":"https:\/\/www.q-bo.net\/de\/wp-json\/wp\/v2\/types\/page"}],"author":[{"embeddable":true,"href":"https:\/\/www.q-bo.net\/de\/wp-json\/wp\/v2\/users\/2406"}],"replies":[{"embeddable":true,"href":"https:\/\/www.q-bo.net\/de\/wp-json\/wp\/v2\/comments?post=969566"}],"version-history":[{"count":0,"href":"https:\/\/www.q-bo.net\/de\/wp-json\/wp\/v2\/pages\/969566\/revisions"}],"wp:attachment":[{"href":"https:\/\/www.q-bo.net\/de\/wp-json\/wp\/v2\/media?parent=969566"}],"curies":[{"name":"wp","href":"https:\/\/api.w.org\/{rel}","templated":true}]}}