
{"id":1115728,"date":"2025-12-18T00:00:00","date_gmt":"2025-12-17T23:00:00","guid":{"rendered":"https:\/\/www.q-bo.net\/prodotto\/hollywoodschaukel-roma-06605\/"},"modified":"2026-05-13T13:53:32","modified_gmt":"2026-05-13T11:53:32","slug":"hollywoodschaukel-roma-06605","status":"publish","type":"product","link":"https:\/\/www.q-bo.net\/de\/produkt\/hollywoodschaukel-roma-06605\/","title":{"rendered":"Hollywoodschaukel Roma"},"content":{"rendered":"<p>Hollywoodschaukel 3-Sitzer, matt pulverbeschichtete Eisenstruktur, dunkelbraun; Sitz- und Lehnkissen 8 cm stark, Bezug aus dunkel\/hell-braun gestreiftem Polyestergewebe 160 g\/m2. Dachplane aus Polyestergewebe 160 g\/m2, dunkelbraun. Ma\u00dfe 170X110X153 cm, Sitzfl\u00e4che 47 cm, Hochlehne 52 cm, Gestell-Gest\u00e4nge 38\/28\/25X1.0 mm, Dach-Gest\u00e4nge und Sitz-Tr\u00e4ger \u00d8 19\/16X0.8 mm.<\/p>\n","protected":false},"excerpt":{"rendered":"<p>Hollywoodschaukel 3-Sitzer, matt pulverbeschichtete Eisenstruktur, dunkelbraun; Sitz- und Lehnkissen 8 cm stark, Bezug aus dunkel\/hell-braun gestreiftem Polyestergewebe 160 g\/m2. Dachplane aus Polyestergewebe 160 g\/m2, dunkelbraun. Ma\u00dfe 170X110X153 cm, Sitzfl\u00e4che 47 cm, Hochlehne 52 cm, Gestell-Gest\u00e4nge 38\/28\/25X1.0 mm, Dach-Gest\u00e4nge und Sitz-Tr\u00e4ger \u00d8 19\/16X0.8 mm.<\/p>\n","protected":false},"featured_media":0,"comment_status":"open","ping_status":"open","template":"","meta":{"jetpack_publicize_message":"","jetpack_publicize_feature_enabled":true,"jetpack_social_post_already_shared":false,"jetpack_social_options":{"image_generator_settings":{"template":"highway","default_image_id":0,"font":"","enabled":false},"version":2}},"product_brand":[],"product_cat":[1635,3642],"product_tag":[],"class_list":{"0":"post-1115728","1":"product","2":"type-product","3":"status-publish","5":"product_cat-garten","6":"product_cat-hollywoodschaukeln","7":"product_shipping_class-cartone","9":"first","10":"instock","11":"taxable","12":"shipping-taxable","13":"purchasable","14":"product-type-simple"},"yoast_head":"<!-- This site is optimized with the Yoast SEO Premium plugin v27.6 (Yoast SEO v27.6) - https:\/\/yoast.com\/product\/yoast-seo-premium-wordpress\/ -->\n<title>Hollywoodschaukel Roma - Q.bo<\/title>\n<meta name=\"robots\" content=\"index, follow, max-snippet:-1, max-image-preview:large, max-video-preview:-1\" \/>\n<link rel=\"canonical\" href=\"https:\/\/www.q-bo.net\/de\/produkt\/hollywoodschaukel-roma-06605\/\" \/>\n<meta property=\"og:locale\" content=\"de_DE\" \/>\n<meta property=\"og:type\" content=\"article\" \/>\n<meta property=\"og:title\" content=\"Hollywoodschaukel Roma\" \/>\n<meta property=\"og:description\" content=\"Hollywoodschaukel 3-Sitzer, matt pulverbeschichtete Eisenstruktur, dunkelbraun; Sitz- und Lehnkissen 8 cm stark, Bezug aus dunkel\/hell-braun gestreiftem\" \/>\n<meta property=\"og:url\" content=\"https:\/\/www.q-bo.net\/de\/produkt\/hollywoodschaukel-roma-06605\/\" \/>\n<meta property=\"og:site_name\" content=\"Q.bo\" \/>\n<meta property=\"article:modified_time\" content=\"2026-05-13T11:53:32+00:00\" \/>\n<meta name=\"twitter:card\" content=\"summary_large_image\" \/>\n<meta name=\"twitter:site\" content=\"@qbo_srl\" \/>\n<script type=\"application\/ld+json\" class=\"yoast-schema-graph\">{\"@context\":\"https:\\\/\\\/schema.org\",\"@graph\":[{\"@type\":\"WebPage\",\"@id\":\"https:\\\/\\\/www.q-bo.net\\\/de\\\/produkt\\\/hollywoodschaukel-roma-06605\\\/\",\"url\":\"https:\\\/\\\/www.q-bo.net\\\/de\\\/produkt\\\/hollywoodschaukel-roma-06605\\\/\",\"name\":\"Hollywoodschaukel Roma - Q.bo\",\"isPartOf\":{\"@id\":\"https:\\\/\\\/www.q-bo.net\\\/de\\\/#website\"},\"datePublished\":\"2025-12-17T23:00:00+00:00\",\"dateModified\":\"2026-05-13T11:53:32+00:00\",\"breadcrumb\":{\"@id\":\"https:\\\/\\\/www.q-bo.net\\\/de\\\/produkt\\\/hollywoodschaukel-roma-06605\\\/#breadcrumb\"},\"inLanguage\":\"de-DE\",\"potentialAction\":[{\"@type\":\"ReadAction\",\"target\":[\"https:\\\/\\\/www.q-bo.net\\\/de\\\/produkt\\\/hollywoodschaukel-roma-06605\\\/\"]}]},{\"@type\":\"BreadcrumbList\",\"@id\":\"https:\\\/\\\/www.q-bo.net\\\/de\\\/produkt\\\/hollywoodschaukel-roma-06605\\\/#breadcrumb\",\"itemListElement\":[{\"@type\":\"ListItem\",\"position\":1,\"name\":\"Home\",\"item\":\"https:\\\/\\\/www.q-bo.net\\\/de\\\/\"},{\"@type\":\"ListItem\",\"position\":2,\"name\":\"Produkte\",\"item\":\"https:\\\/\\\/www.q-bo.net\\\/de\\\/laden\\\/\"},{\"@type\":\"ListItem\",\"position\":3,\"name\":\"Hollywoodschaukel Roma\"}]},{\"@type\":\"WebSite\",\"@id\":\"https:\\\/\\\/www.q-bo.net\\\/de\\\/#website\",\"url\":\"https:\\\/\\\/www.q-bo.net\\\/de\\\/\",\"name\":\"Q.bo\",\"description\":\"Camping \\\/ Garten \\\/ Strand \\\/ Freizeit\",\"publisher\":{\"@id\":\"https:\\\/\\\/www.q-bo.net\\\/de\\\/#organization\"},\"potentialAction\":[{\"@type\":\"SearchAction\",\"target\":{\"@type\":\"EntryPoint\",\"urlTemplate\":\"https:\\\/\\\/www.q-bo.net\\\/de\\\/?s={search_term_string}\"},\"query-input\":{\"@type\":\"PropertyValueSpecification\",\"valueRequired\":true,\"valueName\":\"search_term_string\"}}],\"inLanguage\":\"de-DE\"},{\"@type\":\"Organization\",\"@id\":\"https:\\\/\\\/www.q-bo.net\\\/de\\\/#organization\",\"name\":\"Q.bo s.r.l.\",\"url\":\"https:\\\/\\\/www.q-bo.net\\\/de\\\/\",\"logo\":{\"@type\":\"ImageObject\",\"inLanguage\":\"de-DE\",\"@id\":\"https:\\\/\\\/www.q-bo.net\\\/de\\\/#\\\/schema\\\/logo\\\/image\\\/\",\"url\":\"https:\\\/\\\/www.q-bo.net\\\/site\\\/wp-content\\\/uploads\\\/2022\\\/01\\\/logo-qbo.png\",\"contentUrl\":\"https:\\\/\\\/www.q-bo.net\\\/site\\\/wp-content\\\/uploads\\\/2022\\\/01\\\/logo-qbo.png\",\"width\":463,\"height\":108,\"caption\":\"Q.bo s.r.l.\"},\"image\":{\"@id\":\"https:\\\/\\\/www.q-bo.net\\\/de\\\/#\\\/schema\\\/logo\\\/image\\\/\"},\"sameAs\":[\"https:\\\/\\\/x.com\\\/qbo_srl\"]}]}<\/script>\n<!-- \/ Yoast SEO Premium plugin. -->","yoast_head_json":{"title":"Hollywoodschaukel Roma - Q.bo","robots":{"index":"index","follow":"follow","max-snippet":"max-snippet:-1","max-image-preview":"max-image-preview:large","max-video-preview":"max-video-preview:-1"},"canonical":"https:\/\/www.q-bo.net\/de\/produkt\/hollywoodschaukel-roma-06605\/","og_locale":"de_DE","og_type":"article","og_title":"Hollywoodschaukel Roma","og_description":"Hollywoodschaukel 3-Sitzer, matt pulverbeschichtete Eisenstruktur, dunkelbraun; Sitz- und Lehnkissen 8 cm stark, Bezug aus dunkel\/hell-braun gestreiftem","og_url":"https:\/\/www.q-bo.net\/de\/produkt\/hollywoodschaukel-roma-06605\/","og_site_name":"Q.bo","article_modified_time":"2026-05-13T11:53:32+00:00","twitter_card":"summary_large_image","twitter_site":"@qbo_srl","schema":{"@context":"https:\/\/schema.org","@graph":[{"@type":"WebPage","@id":"https:\/\/www.q-bo.net\/de\/produkt\/hollywoodschaukel-roma-06605\/","url":"https:\/\/www.q-bo.net\/de\/produkt\/hollywoodschaukel-roma-06605\/","name":"Hollywoodschaukel Roma - Q.bo","isPartOf":{"@id":"https:\/\/www.q-bo.net\/de\/#website"},"datePublished":"2025-12-17T23:00:00+00:00","dateModified":"2026-05-13T11:53:32+00:00","breadcrumb":{"@id":"https:\/\/www.q-bo.net\/de\/produkt\/hollywoodschaukel-roma-06605\/#breadcrumb"},"inLanguage":"de-DE","potentialAction":[{"@type":"ReadAction","target":["https:\/\/www.q-bo.net\/de\/produkt\/hollywoodschaukel-roma-06605\/"]}]},{"@type":"BreadcrumbList","@id":"https:\/\/www.q-bo.net\/de\/produkt\/hollywoodschaukel-roma-06605\/#breadcrumb","itemListElement":[{"@type":"ListItem","position":1,"name":"Home","item":"https:\/\/www.q-bo.net\/de\/"},{"@type":"ListItem","position":2,"name":"Produkte","item":"https:\/\/www.q-bo.net\/de\/laden\/"},{"@type":"ListItem","position":3,"name":"Hollywoodschaukel Roma"}]},{"@type":"WebSite","@id":"https:\/\/www.q-bo.net\/de\/#website","url":"https:\/\/www.q-bo.net\/de\/","name":"Q.bo","description":"Camping \/ Garten \/ Strand \/ Freizeit","publisher":{"@id":"https:\/\/www.q-bo.net\/de\/#organization"},"potentialAction":[{"@type":"SearchAction","target":{"@type":"EntryPoint","urlTemplate":"https:\/\/www.q-bo.net\/de\/?s={search_term_string}"},"query-input":{"@type":"PropertyValueSpecification","valueRequired":true,"valueName":"search_term_string"}}],"inLanguage":"de-DE"},{"@type":"Organization","@id":"https:\/\/www.q-bo.net\/de\/#organization","name":"Q.bo s.r.l.","url":"https:\/\/www.q-bo.net\/de\/","logo":{"@type":"ImageObject","inLanguage":"de-DE","@id":"https:\/\/www.q-bo.net\/de\/#\/schema\/logo\/image\/","url":"https:\/\/www.q-bo.net\/site\/wp-content\/uploads\/2022\/01\/logo-qbo.png","contentUrl":"https:\/\/www.q-bo.net\/site\/wp-content\/uploads\/2022\/01\/logo-qbo.png","width":463,"height":108,"caption":"Q.bo s.r.l."},"image":{"@id":"https:\/\/www.q-bo.net\/de\/#\/schema\/logo\/image\/"},"sameAs":["https:\/\/x.com\/qbo_srl"]}]}},"jetpack_publicize_connections":[],"jetpack_sharing_enabled":true,"_links":{"self":[{"href":"https:\/\/www.q-bo.net\/de\/wp-json\/wp\/v2\/product\/1115728","targetHints":{"allow":["GET"]}}],"collection":[{"href":"https:\/\/www.q-bo.net\/de\/wp-json\/wp\/v2\/product"}],"about":[{"href":"https:\/\/www.q-bo.net\/de\/wp-json\/wp\/v2\/types\/product"}],"replies":[{"embeddable":true,"href":"https:\/\/www.q-bo.net\/de\/wp-json\/wp\/v2\/comments?post=1115728"}],"wp:attachment":[{"href":"https:\/\/www.q-bo.net\/de\/wp-json\/wp\/v2\/media?parent=1115728"}],"wp:term":[{"taxonomy":"product_brand","embeddable":true,"href":"https:\/\/www.q-bo.net\/de\/wp-json\/wp\/v2\/product_brand?post=1115728"},{"taxonomy":"product_cat","embeddable":true,"href":"https:\/\/www.q-bo.net\/de\/wp-json\/wp\/v2\/product_cat?post=1115728"},{"taxonomy":"product_tag","embeddable":true,"href":"https:\/\/www.q-bo.net\/de\/wp-json\/wp\/v2\/product_tag?post=1115728"}],"curies":[{"name":"wp","href":"https:\/\/api.w.org\/{rel}","templated":true}]}}