
{"id":840322,"date":"2023-05-03T00:00:00","date_gmt":"2023-05-02T22:00:00","guid":{"rendered":"https:\/\/www.q-bo.net\/prodotto\/gazebo-seitenteile-05826-pvc-05875\/"},"modified":"2024-02-13T10:29:01","modified_gmt":"2024-02-13T09:29:01","slug":"pavillon-seitenteile-05826-pvc-05875","status":"publish","type":"product","link":"https:\/\/www.q-bo.net\/de\/produkt\/pavillon-seitenteile-05826-pvc-05875\/","title":{"rendered":"Pavillon Seitenteile 05826 +PVC"},"content":{"rendered":"<p>Set mit 4 wasserdichten Seitenw\u00e4nden (2 mit Fenster, 1 Rollo, 1 T\u00fcr mit Rei\u00dfverschluss), Polyestergewebe 500D g 260\/m\u00b2, beschichtet mit PVC UV30+. Die Seiten werden mit einem Metallhaken, der in der Mitte der Oberseite der Wand selbst angebracht ist, an der Abdeckplane des Pavillons befestigt. Auf der vertikalen Seite der Seiten sind Klettb\u00e4nder verteilt, die eine Befestigung (von innen) an den Beinen des Pavillons erm\u00f6glichen. Zubeh\u00f6r f\u00fcr 05826. F\u00fcr Modelle bis Baujahr 2016.<\/p>\n","protected":false},"excerpt":{"rendered":"<p>Set mit 4 wasserdichten Seitenw\u00e4nden (2 mit Fenster, 1 Rollo, 1 T\u00fcr mit Rei\u00dfverschluss), Polyestergewebe 500D g 260\/m\u00b2, beschichtet mit PVC UV30+. Die Seiten werden mit einem Metallhaken, der in der Mitte der Oberseite der Wand selbst angebracht ist, an der Abdeckplane des Pavillons befestigt. Auf der vertikalen Seite der Seiten sind Klettb\u00e4nder verteilt, die [&hellip;]<\/p>\n","protected":false},"featured_media":918079,"comment_status":"open","ping_status":"open","template":"","meta":{"jetpack_post_was_ever_published":false,"jetpack_publicize_message":"","jetpack_publicize_feature_enabled":true,"jetpack_social_post_already_shared":false,"jetpack_social_options":{"image_generator_settings":{"template":"highway","default_image_id":0,"font":"","enabled":false},"version":2}},"product_brand":[],"product_cat":[1635,3613],"product_tag":[],"class_list":{"0":"post-840322","1":"product","2":"type-product","3":"status-publish","4":"has-post-thumbnail","6":"product_cat-garten","7":"product_cat-seitenteile-automatische-pavillons-garten","8":"product_shipping_class-cartone","9":"pa_colori-weis","11":"first","12":"instock","13":"taxable","14":"shipping-taxable","15":"purchasable","16":"product-type-simple"},"yoast_head":"<!-- This site is optimized with the Yoast SEO Premium plugin v27.5 (Yoast SEO v27.5) - https:\/\/yoast.com\/product\/yoast-seo-premium-wordpress\/ -->\n<title>Pavillon Seitenteile 05826 +PVC - Q.bo<\/title>\n<meta name=\"robots\" content=\"index, follow, max-snippet:-1, max-image-preview:large, max-video-preview:-1\" \/>\n<link rel=\"canonical\" href=\"https:\/\/www.q-bo.net\/de\/produkt\/pavillon-seitenteile-05826-pvc-05875\/\" \/>\n<meta property=\"og:locale\" content=\"de_DE\" \/>\n<meta property=\"og:type\" content=\"article\" \/>\n<meta property=\"og:title\" content=\"Pavillon Seitenteile 05826 +PVC\" \/>\n<meta property=\"og:description\" content=\"Set mit 4 wasserdichten Seitenw\u00e4nden (2 mit Fenster, 1 Rollo, 1 T\u00fcr mit Rei\u00dfverschluss), Polyestergewebe 500D g 260\/m\u00b2, beschichtet mit PVC UV30+. Die\" \/>\n<meta property=\"og:url\" content=\"https:\/\/www.q-bo.net\/de\/produkt\/pavillon-seitenteile-05826-pvc-05875\/\" \/>\n<meta property=\"og:site_name\" content=\"Q.bo\" \/>\n<meta property=\"article:modified_time\" content=\"2024-02-13T09:29:01+00:00\" \/>\n<meta property=\"og:image\" content=\"https:\/\/www.q-bo.net\/site\/wp-content\/uploads\/2020\/07\/05875.jpg\" \/>\n\t<meta property=\"og:image:width\" content=\"1000\" \/>\n\t<meta property=\"og:image:height\" content=\"1000\" \/>\n\t<meta property=\"og:image:type\" content=\"image\/jpeg\" \/>\n<meta name=\"twitter:card\" content=\"summary_large_image\" \/>\n<meta name=\"twitter:site\" content=\"@qbo_srl\" \/>\n<script type=\"application\/ld+json\" class=\"yoast-schema-graph\">{\"@context\":\"https:\\\/\\\/schema.org\",\"@graph\":[{\"@type\":\"WebPage\",\"@id\":\"https:\\\/\\\/www.q-bo.net\\\/de\\\/produkt\\\/pavillon-seitenteile-05826-pvc-05875\\\/\",\"url\":\"https:\\\/\\\/www.q-bo.net\\\/de\\\/produkt\\\/pavillon-seitenteile-05826-pvc-05875\\\/\",\"name\":\"Pavillon Seitenteile 05826 +PVC - Q.bo\",\"isPartOf\":{\"@id\":\"https:\\\/\\\/www.q-bo.net\\\/de\\\/#website\"},\"primaryImageOfPage\":{\"@id\":\"https:\\\/\\\/www.q-bo.net\\\/de\\\/produkt\\\/pavillon-seitenteile-05826-pvc-05875\\\/#primaryimage\"},\"image\":{\"@id\":\"https:\\\/\\\/www.q-bo.net\\\/de\\\/produkt\\\/pavillon-seitenteile-05826-pvc-05875\\\/#primaryimage\"},\"thumbnailUrl\":\"https:\\\/\\\/www.q-bo.net\\\/site\\\/wp-content\\\/uploads\\\/2020\\\/07\\\/05875.jpg\",\"datePublished\":\"2023-05-02T22:00:00+00:00\",\"dateModified\":\"2024-02-13T09:29:01+00:00\",\"breadcrumb\":{\"@id\":\"https:\\\/\\\/www.q-bo.net\\\/de\\\/produkt\\\/pavillon-seitenteile-05826-pvc-05875\\\/#breadcrumb\"},\"inLanguage\":\"de-DE\",\"potentialAction\":[{\"@type\":\"ReadAction\",\"target\":[\"https:\\\/\\\/www.q-bo.net\\\/de\\\/produkt\\\/pavillon-seitenteile-05826-pvc-05875\\\/\"]}]},{\"@type\":\"ImageObject\",\"inLanguage\":\"de-DE\",\"@id\":\"https:\\\/\\\/www.q-bo.net\\\/de\\\/produkt\\\/pavillon-seitenteile-05826-pvc-05875\\\/#primaryimage\",\"url\":\"https:\\\/\\\/www.q-bo.net\\\/site\\\/wp-content\\\/uploads\\\/2020\\\/07\\\/05875.jpg\",\"contentUrl\":\"https:\\\/\\\/www.q-bo.net\\\/site\\\/wp-content\\\/uploads\\\/2020\\\/07\\\/05875.jpg\",\"width\":1000,\"height\":1000},{\"@type\":\"BreadcrumbList\",\"@id\":\"https:\\\/\\\/www.q-bo.net\\\/de\\\/produkt\\\/pavillon-seitenteile-05826-pvc-05875\\\/#breadcrumb\",\"itemListElement\":[{\"@type\":\"ListItem\",\"position\":1,\"name\":\"Home\",\"item\":\"https:\\\/\\\/www.q-bo.net\\\/de\\\/\"},{\"@type\":\"ListItem\",\"position\":2,\"name\":\"Produkte\",\"item\":\"https:\\\/\\\/www.q-bo.net\\\/de\\\/laden\\\/\"},{\"@type\":\"ListItem\",\"position\":3,\"name\":\"Pavillon Seitenteile 05826 +PVC\"}]},{\"@type\":\"WebSite\",\"@id\":\"https:\\\/\\\/www.q-bo.net\\\/de\\\/#website\",\"url\":\"https:\\\/\\\/www.q-bo.net\\\/de\\\/\",\"name\":\"Q.bo\",\"description\":\"Camping \\\/ Garten \\\/ Strand \\\/ Freizeit\",\"publisher\":{\"@id\":\"https:\\\/\\\/www.q-bo.net\\\/de\\\/#organization\"},\"potentialAction\":[{\"@type\":\"SearchAction\",\"target\":{\"@type\":\"EntryPoint\",\"urlTemplate\":\"https:\\\/\\\/www.q-bo.net\\\/de\\\/?s={search_term_string}\"},\"query-input\":{\"@type\":\"PropertyValueSpecification\",\"valueRequired\":true,\"valueName\":\"search_term_string\"}}],\"inLanguage\":\"de-DE\"},{\"@type\":\"Organization\",\"@id\":\"https:\\\/\\\/www.q-bo.net\\\/de\\\/#organization\",\"name\":\"Q.bo s.r.l.\",\"url\":\"https:\\\/\\\/www.q-bo.net\\\/de\\\/\",\"logo\":{\"@type\":\"ImageObject\",\"inLanguage\":\"de-DE\",\"@id\":\"https:\\\/\\\/www.q-bo.net\\\/de\\\/#\\\/schema\\\/logo\\\/image\\\/\",\"url\":\"https:\\\/\\\/www.q-bo.net\\\/site\\\/wp-content\\\/uploads\\\/2022\\\/01\\\/logo-qbo.png\",\"contentUrl\":\"https:\\\/\\\/www.q-bo.net\\\/site\\\/wp-content\\\/uploads\\\/2022\\\/01\\\/logo-qbo.png\",\"width\":463,\"height\":108,\"caption\":\"Q.bo s.r.l.\"},\"image\":{\"@id\":\"https:\\\/\\\/www.q-bo.net\\\/de\\\/#\\\/schema\\\/logo\\\/image\\\/\"},\"sameAs\":[\"https:\\\/\\\/x.com\\\/qbo_srl\"]}]}<\/script>\n<!-- \/ Yoast SEO Premium plugin. -->","yoast_head_json":{"title":"Pavillon Seitenteile 05826 +PVC - Q.bo","robots":{"index":"index","follow":"follow","max-snippet":"max-snippet:-1","max-image-preview":"max-image-preview:large","max-video-preview":"max-video-preview:-1"},"canonical":"https:\/\/www.q-bo.net\/de\/produkt\/pavillon-seitenteile-05826-pvc-05875\/","og_locale":"de_DE","og_type":"article","og_title":"Pavillon Seitenteile 05826 +PVC","og_description":"Set mit 4 wasserdichten Seitenw\u00e4nden (2 mit Fenster, 1 Rollo, 1 T\u00fcr mit Rei\u00dfverschluss), Polyestergewebe 500D g 260\/m\u00b2, beschichtet mit PVC UV30+. Die","og_url":"https:\/\/www.q-bo.net\/de\/produkt\/pavillon-seitenteile-05826-pvc-05875\/","og_site_name":"Q.bo","article_modified_time":"2024-02-13T09:29:01+00:00","og_image":[{"width":1000,"height":1000,"url":"https:\/\/www.q-bo.net\/site\/wp-content\/uploads\/2020\/07\/05875.jpg","type":"image\/jpeg"}],"twitter_card":"summary_large_image","twitter_site":"@qbo_srl","schema":{"@context":"https:\/\/schema.org","@graph":[{"@type":"WebPage","@id":"https:\/\/www.q-bo.net\/de\/produkt\/pavillon-seitenteile-05826-pvc-05875\/","url":"https:\/\/www.q-bo.net\/de\/produkt\/pavillon-seitenteile-05826-pvc-05875\/","name":"Pavillon Seitenteile 05826 +PVC - Q.bo","isPartOf":{"@id":"https:\/\/www.q-bo.net\/de\/#website"},"primaryImageOfPage":{"@id":"https:\/\/www.q-bo.net\/de\/produkt\/pavillon-seitenteile-05826-pvc-05875\/#primaryimage"},"image":{"@id":"https:\/\/www.q-bo.net\/de\/produkt\/pavillon-seitenteile-05826-pvc-05875\/#primaryimage"},"thumbnailUrl":"https:\/\/www.q-bo.net\/site\/wp-content\/uploads\/2020\/07\/05875.jpg","datePublished":"2023-05-02T22:00:00+00:00","dateModified":"2024-02-13T09:29:01+00:00","breadcrumb":{"@id":"https:\/\/www.q-bo.net\/de\/produkt\/pavillon-seitenteile-05826-pvc-05875\/#breadcrumb"},"inLanguage":"de-DE","potentialAction":[{"@type":"ReadAction","target":["https:\/\/www.q-bo.net\/de\/produkt\/pavillon-seitenteile-05826-pvc-05875\/"]}]},{"@type":"ImageObject","inLanguage":"de-DE","@id":"https:\/\/www.q-bo.net\/de\/produkt\/pavillon-seitenteile-05826-pvc-05875\/#primaryimage","url":"https:\/\/www.q-bo.net\/site\/wp-content\/uploads\/2020\/07\/05875.jpg","contentUrl":"https:\/\/www.q-bo.net\/site\/wp-content\/uploads\/2020\/07\/05875.jpg","width":1000,"height":1000},{"@type":"BreadcrumbList","@id":"https:\/\/www.q-bo.net\/de\/produkt\/pavillon-seitenteile-05826-pvc-05875\/#breadcrumb","itemListElement":[{"@type":"ListItem","position":1,"name":"Home","item":"https:\/\/www.q-bo.net\/de\/"},{"@type":"ListItem","position":2,"name":"Produkte","item":"https:\/\/www.q-bo.net\/de\/laden\/"},{"@type":"ListItem","position":3,"name":"Pavillon Seitenteile 05826 +PVC"}]},{"@type":"WebSite","@id":"https:\/\/www.q-bo.net\/de\/#website","url":"https:\/\/www.q-bo.net\/de\/","name":"Q.bo","description":"Camping \/ Garten \/ Strand \/ Freizeit","publisher":{"@id":"https:\/\/www.q-bo.net\/de\/#organization"},"potentialAction":[{"@type":"SearchAction","target":{"@type":"EntryPoint","urlTemplate":"https:\/\/www.q-bo.net\/de\/?s={search_term_string}"},"query-input":{"@type":"PropertyValueSpecification","valueRequired":true,"valueName":"search_term_string"}}],"inLanguage":"de-DE"},{"@type":"Organization","@id":"https:\/\/www.q-bo.net\/de\/#organization","name":"Q.bo s.r.l.","url":"https:\/\/www.q-bo.net\/de\/","logo":{"@type":"ImageObject","inLanguage":"de-DE","@id":"https:\/\/www.q-bo.net\/de\/#\/schema\/logo\/image\/","url":"https:\/\/www.q-bo.net\/site\/wp-content\/uploads\/2022\/01\/logo-qbo.png","contentUrl":"https:\/\/www.q-bo.net\/site\/wp-content\/uploads\/2022\/01\/logo-qbo.png","width":463,"height":108,"caption":"Q.bo s.r.l."},"image":{"@id":"https:\/\/www.q-bo.net\/de\/#\/schema\/logo\/image\/"},"sameAs":["https:\/\/x.com\/qbo_srl"]}]}},"jetpack_publicize_connections":[],"jetpack_sharing_enabled":true,"_links":{"self":[{"href":"https:\/\/www.q-bo.net\/de\/wp-json\/wp\/v2\/product\/840322","targetHints":{"allow":["GET"]}}],"collection":[{"href":"https:\/\/www.q-bo.net\/de\/wp-json\/wp\/v2\/product"}],"about":[{"href":"https:\/\/www.q-bo.net\/de\/wp-json\/wp\/v2\/types\/product"}],"replies":[{"embeddable":true,"href":"https:\/\/www.q-bo.net\/de\/wp-json\/wp\/v2\/comments?post=840322"}],"wp:featuredmedia":[{"embeddable":true,"href":"https:\/\/www.q-bo.net\/de\/wp-json\/wp\/v2\/media\/918079"}],"wp:attachment":[{"href":"https:\/\/www.q-bo.net\/de\/wp-json\/wp\/v2\/media?parent=840322"}],"wp:term":[{"taxonomy":"product_brand","embeddable":true,"href":"https:\/\/www.q-bo.net\/de\/wp-json\/wp\/v2\/product_brand?post=840322"},{"taxonomy":"product_cat","embeddable":true,"href":"https:\/\/www.q-bo.net\/de\/wp-json\/wp\/v2\/product_cat?post=840322"},{"taxonomy":"product_tag","embeddable":true,"href":"https:\/\/www.q-bo.net\/de\/wp-json\/wp\/v2\/product_tag?post=840322"}],"curies":[{"name":"wp","href":"https:\/\/api.w.org\/{rel}","templated":true}]}}