
{"id":928302,"date":"2023-05-03T00:00:00","date_gmt":"2023-05-02T22:00:00","guid":{"rendered":"https:\/\/www.q-bo.net\/prodotto\/gazebo-seitenteile-matik-2x3-05955\/"},"modified":"2026-02-17T16:18:44","modified_gmt":"2026-02-17T15:18:44","slug":"pavillon-seitenteile-matik-2x3-05955","status":"publish","type":"product","link":"https:\/\/www.q-bo.net\/de\/produkt\/pavillon-seitenteile-matik-2x3-05955\/","title":{"rendered":"Pavillon Seitenteile Matik 2X3"},"content":{"rendered":"<p>4-Seiten-Set (2 mit Fenster, 1 Rollo, 1 T\u00fcr mit Rei\u00dfverschluss) aus 300 g\/m2 Polyester mit PVC-Beschichtung, inklusive 2 Heringen und Tasche mit Griffen und Rei\u00dfverschluss. Zubeh\u00f6r f\u00fcr 05939 Matik 2X3 Pavillon. Die Seiten werden mit Kletthaken an der Pavillonabdeckung befestigt und mit Rei\u00dfverschl\u00fcssen miteinander verbunden. Auf der vertikalen Seite der Seiten sind Klettb\u00e4nder verteilt, die eine Befestigung (von innen) an den Beinen des Pavillons erm\u00f6glichen.<\/p>\n","protected":false},"excerpt":{"rendered":"<p>4-Seiten-Set (2 mit Fenster, 1 Rollo, 1 T\u00fcr mit Rei\u00dfverschluss) aus 300 g\/m2 Polyester mit PVC-Beschichtung, inklusive 2 Heringen und Tasche mit Griffen und Rei\u00dfverschluss. Zubeh\u00f6r f\u00fcr 05939 Matik 2X3 Pavillon. Die Seiten werden mit Kletthaken an der Pavillonabdeckung befestigt und mit Rei\u00dfverschl\u00fcssen miteinander verbunden. Auf der vertikalen Seite der Seiten sind Klettb\u00e4nder verteilt, die [&hellip;]<\/p>\n","protected":false},"featured_media":954850,"comment_status":"open","ping_status":"open","template":"","meta":{"jetpack_post_was_ever_published":false,"jetpack_publicize_message":"","jetpack_publicize_feature_enabled":true,"jetpack_social_post_already_shared":false,"jetpack_social_options":{"image_generator_settings":{"template":"highway","default_image_id":0,"font":"","enabled":false},"version":2}},"product_brand":[],"product_cat":[2575,4105,1635,3611,3613],"product_tag":[],"class_list":{"0":"post-928302","1":"product","2":"type-product","3":"status-publish","4":"has-post-thumbnail","6":"product_cat-armchair-spare-parts","7":"product_cat-ersatzteile","8":"product_cat-garten","9":"product_cat-seitenteile-automatische-pavillons","10":"product_cat-seitenteile-automatische-pavillons-garten","11":"product_shipping_class-cartone","13":"first","14":"instock","15":"taxable","16":"shipping-taxable","17":"purchasable","18":"product-type-simple"},"yoast_head":"<!-- This site is optimized with the Yoast SEO Premium plugin v27.5 (Yoast SEO v27.5) - https:\/\/yoast.com\/product\/yoast-seo-premium-wordpress\/ -->\n<title>Pavillon Seitenteile Matik 2X3 - Q.bo<\/title>\n<meta name=\"robots\" content=\"index, follow, max-snippet:-1, max-image-preview:large, max-video-preview:-1\" \/>\n<link rel=\"canonical\" href=\"https:\/\/www.q-bo.net\/de\/produkt\/pavillon-seitenteile-matik-2x3-05955\/\" \/>\n<meta property=\"og:locale\" content=\"de_DE\" \/>\n<meta property=\"og:type\" content=\"article\" \/>\n<meta property=\"og:title\" content=\"Pavillon Seitenteile Matik 2X3\" \/>\n<meta property=\"og:description\" content=\"4-Seiten-Set (2 mit Fenster, 1 Rollo, 1 T\u00fcr mit Rei\u00dfverschluss) aus 300 g\/m2 Polyester mit PVC-Beschichtung, inklusive 2 Heringen und Tasche mit Griffen\" \/>\n<meta property=\"og:url\" content=\"https:\/\/www.q-bo.net\/de\/produkt\/pavillon-seitenteile-matik-2x3-05955\/\" \/>\n<meta property=\"og:site_name\" content=\"Q.bo\" \/>\n<meta property=\"article:modified_time\" content=\"2026-02-17T15:18:44+00:00\" \/>\n<meta property=\"og:image\" content=\"https:\/\/www.q-bo.net\/site\/wp-content\/uploads\/2022\/04\/05955-2.jpg\" \/>\n\t<meta property=\"og:image:width\" content=\"1440\" \/>\n\t<meta property=\"og:image:height\" content=\"1440\" \/>\n\t<meta property=\"og:image:type\" content=\"image\/jpeg\" \/>\n<meta name=\"twitter:card\" content=\"summary_large_image\" \/>\n<meta name=\"twitter:site\" content=\"@qbo_srl\" \/>\n<script type=\"application\/ld+json\" class=\"yoast-schema-graph\">{\"@context\":\"https:\\\/\\\/schema.org\",\"@graph\":[{\"@type\":\"WebPage\",\"@id\":\"https:\\\/\\\/www.q-bo.net\\\/de\\\/produkt\\\/pavillon-seitenteile-matik-2x3-05955\\\/\",\"url\":\"https:\\\/\\\/www.q-bo.net\\\/de\\\/produkt\\\/pavillon-seitenteile-matik-2x3-05955\\\/\",\"name\":\"Pavillon Seitenteile Matik 2X3 - Q.bo\",\"isPartOf\":{\"@id\":\"https:\\\/\\\/www.q-bo.net\\\/de\\\/#website\"},\"primaryImageOfPage\":{\"@id\":\"https:\\\/\\\/www.q-bo.net\\\/de\\\/produkt\\\/pavillon-seitenteile-matik-2x3-05955\\\/#primaryimage\"},\"image\":{\"@id\":\"https:\\\/\\\/www.q-bo.net\\\/de\\\/produkt\\\/pavillon-seitenteile-matik-2x3-05955\\\/#primaryimage\"},\"thumbnailUrl\":\"https:\\\/\\\/www.q-bo.net\\\/site\\\/wp-content\\\/uploads\\\/2022\\\/04\\\/05955-2.jpg\",\"datePublished\":\"2023-05-02T22:00:00+00:00\",\"dateModified\":\"2026-02-17T15:18:44+00:00\",\"breadcrumb\":{\"@id\":\"https:\\\/\\\/www.q-bo.net\\\/de\\\/produkt\\\/pavillon-seitenteile-matik-2x3-05955\\\/#breadcrumb\"},\"inLanguage\":\"de-DE\",\"potentialAction\":[{\"@type\":\"ReadAction\",\"target\":[\"https:\\\/\\\/www.q-bo.net\\\/de\\\/produkt\\\/pavillon-seitenteile-matik-2x3-05955\\\/\"]}]},{\"@type\":\"ImageObject\",\"inLanguage\":\"de-DE\",\"@id\":\"https:\\\/\\\/www.q-bo.net\\\/de\\\/produkt\\\/pavillon-seitenteile-matik-2x3-05955\\\/#primaryimage\",\"url\":\"https:\\\/\\\/www.q-bo.net\\\/site\\\/wp-content\\\/uploads\\\/2022\\\/04\\\/05955-2.jpg\",\"contentUrl\":\"https:\\\/\\\/www.q-bo.net\\\/site\\\/wp-content\\\/uploads\\\/2022\\\/04\\\/05955-2.jpg\",\"width\":1440,\"height\":1440},{\"@type\":\"BreadcrumbList\",\"@id\":\"https:\\\/\\\/www.q-bo.net\\\/de\\\/produkt\\\/pavillon-seitenteile-matik-2x3-05955\\\/#breadcrumb\",\"itemListElement\":[{\"@type\":\"ListItem\",\"position\":1,\"name\":\"Home\",\"item\":\"https:\\\/\\\/www.q-bo.net\\\/de\\\/\"},{\"@type\":\"ListItem\",\"position\":2,\"name\":\"Produkte\",\"item\":\"https:\\\/\\\/www.q-bo.net\\\/de\\\/laden\\\/\"},{\"@type\":\"ListItem\",\"position\":3,\"name\":\"Pavillon Seitenteile Matik 2X3\"}]},{\"@type\":\"WebSite\",\"@id\":\"https:\\\/\\\/www.q-bo.net\\\/de\\\/#website\",\"url\":\"https:\\\/\\\/www.q-bo.net\\\/de\\\/\",\"name\":\"Q.bo\",\"description\":\"Camping \\\/ Garten \\\/ Strand \\\/ Freizeit\",\"publisher\":{\"@id\":\"https:\\\/\\\/www.q-bo.net\\\/de\\\/#organization\"},\"potentialAction\":[{\"@type\":\"SearchAction\",\"target\":{\"@type\":\"EntryPoint\",\"urlTemplate\":\"https:\\\/\\\/www.q-bo.net\\\/de\\\/?s={search_term_string}\"},\"query-input\":{\"@type\":\"PropertyValueSpecification\",\"valueRequired\":true,\"valueName\":\"search_term_string\"}}],\"inLanguage\":\"de-DE\"},{\"@type\":\"Organization\",\"@id\":\"https:\\\/\\\/www.q-bo.net\\\/de\\\/#organization\",\"name\":\"Q.bo s.r.l.\",\"url\":\"https:\\\/\\\/www.q-bo.net\\\/de\\\/\",\"logo\":{\"@type\":\"ImageObject\",\"inLanguage\":\"de-DE\",\"@id\":\"https:\\\/\\\/www.q-bo.net\\\/de\\\/#\\\/schema\\\/logo\\\/image\\\/\",\"url\":\"https:\\\/\\\/www.q-bo.net\\\/site\\\/wp-content\\\/uploads\\\/2022\\\/01\\\/logo-qbo.png\",\"contentUrl\":\"https:\\\/\\\/www.q-bo.net\\\/site\\\/wp-content\\\/uploads\\\/2022\\\/01\\\/logo-qbo.png\",\"width\":463,\"height\":108,\"caption\":\"Q.bo s.r.l.\"},\"image\":{\"@id\":\"https:\\\/\\\/www.q-bo.net\\\/de\\\/#\\\/schema\\\/logo\\\/image\\\/\"},\"sameAs\":[\"https:\\\/\\\/x.com\\\/qbo_srl\"]}]}<\/script>\n<!-- \/ Yoast SEO Premium plugin. -->","yoast_head_json":{"title":"Pavillon Seitenteile Matik 2X3 - Q.bo","robots":{"index":"index","follow":"follow","max-snippet":"max-snippet:-1","max-image-preview":"max-image-preview:large","max-video-preview":"max-video-preview:-1"},"canonical":"https:\/\/www.q-bo.net\/de\/produkt\/pavillon-seitenteile-matik-2x3-05955\/","og_locale":"de_DE","og_type":"article","og_title":"Pavillon Seitenteile Matik 2X3","og_description":"4-Seiten-Set (2 mit Fenster, 1 Rollo, 1 T\u00fcr mit Rei\u00dfverschluss) aus 300 g\/m2 Polyester mit PVC-Beschichtung, inklusive 2 Heringen und Tasche mit Griffen","og_url":"https:\/\/www.q-bo.net\/de\/produkt\/pavillon-seitenteile-matik-2x3-05955\/","og_site_name":"Q.bo","article_modified_time":"2026-02-17T15:18:44+00:00","og_image":[{"width":1440,"height":1440,"url":"https:\/\/www.q-bo.net\/site\/wp-content\/uploads\/2022\/04\/05955-2.jpg","type":"image\/jpeg"}],"twitter_card":"summary_large_image","twitter_site":"@qbo_srl","schema":{"@context":"https:\/\/schema.org","@graph":[{"@type":"WebPage","@id":"https:\/\/www.q-bo.net\/de\/produkt\/pavillon-seitenteile-matik-2x3-05955\/","url":"https:\/\/www.q-bo.net\/de\/produkt\/pavillon-seitenteile-matik-2x3-05955\/","name":"Pavillon Seitenteile Matik 2X3 - Q.bo","isPartOf":{"@id":"https:\/\/www.q-bo.net\/de\/#website"},"primaryImageOfPage":{"@id":"https:\/\/www.q-bo.net\/de\/produkt\/pavillon-seitenteile-matik-2x3-05955\/#primaryimage"},"image":{"@id":"https:\/\/www.q-bo.net\/de\/produkt\/pavillon-seitenteile-matik-2x3-05955\/#primaryimage"},"thumbnailUrl":"https:\/\/www.q-bo.net\/site\/wp-content\/uploads\/2022\/04\/05955-2.jpg","datePublished":"2023-05-02T22:00:00+00:00","dateModified":"2026-02-17T15:18:44+00:00","breadcrumb":{"@id":"https:\/\/www.q-bo.net\/de\/produkt\/pavillon-seitenteile-matik-2x3-05955\/#breadcrumb"},"inLanguage":"de-DE","potentialAction":[{"@type":"ReadAction","target":["https:\/\/www.q-bo.net\/de\/produkt\/pavillon-seitenteile-matik-2x3-05955\/"]}]},{"@type":"ImageObject","inLanguage":"de-DE","@id":"https:\/\/www.q-bo.net\/de\/produkt\/pavillon-seitenteile-matik-2x3-05955\/#primaryimage","url":"https:\/\/www.q-bo.net\/site\/wp-content\/uploads\/2022\/04\/05955-2.jpg","contentUrl":"https:\/\/www.q-bo.net\/site\/wp-content\/uploads\/2022\/04\/05955-2.jpg","width":1440,"height":1440},{"@type":"BreadcrumbList","@id":"https:\/\/www.q-bo.net\/de\/produkt\/pavillon-seitenteile-matik-2x3-05955\/#breadcrumb","itemListElement":[{"@type":"ListItem","position":1,"name":"Home","item":"https:\/\/www.q-bo.net\/de\/"},{"@type":"ListItem","position":2,"name":"Produkte","item":"https:\/\/www.q-bo.net\/de\/laden\/"},{"@type":"ListItem","position":3,"name":"Pavillon Seitenteile Matik 2X3"}]},{"@type":"WebSite","@id":"https:\/\/www.q-bo.net\/de\/#website","url":"https:\/\/www.q-bo.net\/de\/","name":"Q.bo","description":"Camping \/ Garten \/ Strand \/ Freizeit","publisher":{"@id":"https:\/\/www.q-bo.net\/de\/#organization"},"potentialAction":[{"@type":"SearchAction","target":{"@type":"EntryPoint","urlTemplate":"https:\/\/www.q-bo.net\/de\/?s={search_term_string}"},"query-input":{"@type":"PropertyValueSpecification","valueRequired":true,"valueName":"search_term_string"}}],"inLanguage":"de-DE"},{"@type":"Organization","@id":"https:\/\/www.q-bo.net\/de\/#organization","name":"Q.bo s.r.l.","url":"https:\/\/www.q-bo.net\/de\/","logo":{"@type":"ImageObject","inLanguage":"de-DE","@id":"https:\/\/www.q-bo.net\/de\/#\/schema\/logo\/image\/","url":"https:\/\/www.q-bo.net\/site\/wp-content\/uploads\/2022\/01\/logo-qbo.png","contentUrl":"https:\/\/www.q-bo.net\/site\/wp-content\/uploads\/2022\/01\/logo-qbo.png","width":463,"height":108,"caption":"Q.bo s.r.l."},"image":{"@id":"https:\/\/www.q-bo.net\/de\/#\/schema\/logo\/image\/"},"sameAs":["https:\/\/x.com\/qbo_srl"]}]}},"jetpack_publicize_connections":[],"jetpack_sharing_enabled":true,"_links":{"self":[{"href":"https:\/\/www.q-bo.net\/de\/wp-json\/wp\/v2\/product\/928302","targetHints":{"allow":["GET"]}}],"collection":[{"href":"https:\/\/www.q-bo.net\/de\/wp-json\/wp\/v2\/product"}],"about":[{"href":"https:\/\/www.q-bo.net\/de\/wp-json\/wp\/v2\/types\/product"}],"replies":[{"embeddable":true,"href":"https:\/\/www.q-bo.net\/de\/wp-json\/wp\/v2\/comments?post=928302"}],"wp:featuredmedia":[{"embeddable":true,"href":"https:\/\/www.q-bo.net\/de\/wp-json\/wp\/v2\/media\/954850"}],"wp:attachment":[{"href":"https:\/\/www.q-bo.net\/de\/wp-json\/wp\/v2\/media?parent=928302"}],"wp:term":[{"taxonomy":"product_brand","embeddable":true,"href":"https:\/\/www.q-bo.net\/de\/wp-json\/wp\/v2\/product_brand?post=928302"},{"taxonomy":"product_cat","embeddable":true,"href":"https:\/\/www.q-bo.net\/de\/wp-json\/wp\/v2\/product_cat?post=928302"},{"taxonomy":"product_tag","embeddable":true,"href":"https:\/\/www.q-bo.net\/de\/wp-json\/wp\/v2\/product_tag?post=928302"}],"curies":[{"name":"wp","href":"https:\/\/api.w.org\/{rel}","templated":true}]}}