
{"id":938375,"date":"2026-01-29T00:00:00","date_gmt":"2026-01-28T23:00:00","guid":{"rendered":"https:\/\/www.q-bo.net\/prodotto\/sandfilterpumpe-4500-18188q\/"},"modified":"2026-03-27T16:59:00","modified_gmt":"2026-03-27T15:59:00","slug":"sandfilterpumpe-4500-18188q","status":"publish","type":"product","link":"https:\/\/www.q-bo.net\/de\/produkt\/sandfilterpumpe-4500-18188q\/","title":{"rendered":"Sandfilterpumpe 4500"},"content":{"rendered":"<p>INTEX 26644 | 220-240V Sandfilterpumpe, 0,25 PS Motor. Korrosionsbest\u00e4ndiger Filtertank \u00d8 254 mm. Filterkapazit\u00e4t L 4,536 \/ h. Geeignet f\u00fcr Ultra Frame Pool 488 und Ultra Frame Rectangular 549 x 274. Ben\u00f6tigt 12 kg Quarzsand von 0,45 bis 0,55 mm. Paketgewicht kg 13,1 | SAND NICHT ENTHALTEN 18189K 18189K2<\/p>\n","protected":false},"excerpt":{"rendered":"<p>INTEX 26644 | 220-240V Sandfilterpumpe, 0,25 PS Motor. Korrosionsbest\u00e4ndiger Filtertank \u00d8 254 mm. Filterkapazit\u00e4t L 4,536 \/ h. Geeignet f\u00fcr Ultra Frame Pool 488 und Ultra Frame Rectangular 549 x 274. Ben\u00f6tigt 12 kg Quarzsand von 0,45 bis 0,55 mm. Paketgewicht kg 13,1 | SAND NICHT ENTHALTEN 18189K 18189K2<\/p>\n","protected":false},"featured_media":1098504,"comment_status":"open","ping_status":"open","template":"","meta":{"jetpack_post_was_ever_published":false,"jetpack_publicize_message":"","jetpack_publicize_feature_enabled":true,"jetpack_social_post_already_shared":false,"jetpack_social_options":{"image_generator_settings":{"template":"highway","default_image_id":0,"font":"","enabled":false},"version":2}},"product_brand":[],"product_cat":[3563,1796],"product_tag":[],"class_list":{"0":"post-938375","1":"product","2":"type-product","3":"status-publish","4":"has-post-thumbnail","6":"product_cat-sandfilterpumpen","7":"product_cat-schwimmbader","8":"product_shipping_class-cartone","10":"first","11":"instock","12":"taxable","13":"shipping-taxable","14":"purchasable","15":"product-type-simple"},"yoast_head":"<!-- This site is optimized with the Yoast SEO Premium plugin v27.4 (Yoast SEO v27.4) - https:\/\/yoast.com\/product\/yoast-seo-premium-wordpress\/ -->\n<title>Sandfilterpumpe 4500 - Q.bo<\/title>\n<meta name=\"robots\" content=\"index, follow, max-snippet:-1, max-image-preview:large, max-video-preview:-1\" \/>\n<link rel=\"canonical\" href=\"https:\/\/www.q-bo.net\/de\/produkt\/sandfilterpumpe-4500-18188q\/\" \/>\n<meta property=\"og:locale\" content=\"de_DE\" \/>\n<meta property=\"og:type\" content=\"article\" \/>\n<meta property=\"og:title\" content=\"Sandfilterpumpe 4500\" \/>\n<meta property=\"og:description\" content=\"INTEX 26644 | 220-240V Sandfilterpumpe, 0,25 PS Motor. Korrosionsbest\u00e4ndiger Filtertank \u00d8 254 mm. Filterkapazit\u00e4t L 4,536 \/ h. Geeignet f\u00fcr Ultra Frame\" \/>\n<meta property=\"og:url\" content=\"https:\/\/www.q-bo.net\/de\/produkt\/sandfilterpumpe-4500-18188q\/\" \/>\n<meta property=\"og:site_name\" content=\"Q.bo\" \/>\n<meta property=\"article:modified_time\" content=\"2026-03-27T15:59:00+00:00\" \/>\n<meta property=\"og:image\" content=\"https:\/\/www.q-bo.net\/site\/wp-content\/uploads\/2024\/08\/18188Q.jpg\" \/>\n\t<meta property=\"og:image:width\" content=\"1440\" \/>\n\t<meta property=\"og:image:height\" content=\"1440\" \/>\n\t<meta property=\"og:image:type\" content=\"image\/jpeg\" \/>\n<meta name=\"twitter:card\" content=\"summary_large_image\" \/>\n<meta name=\"twitter:site\" content=\"@qbo_srl\" \/>\n<script type=\"application\/ld+json\" class=\"yoast-schema-graph\">{\"@context\":\"https:\\\/\\\/schema.org\",\"@graph\":[{\"@type\":\"WebPage\",\"@id\":\"https:\\\/\\\/www.q-bo.net\\\/de\\\/produkt\\\/sandfilterpumpe-4500-18188q\\\/\",\"url\":\"https:\\\/\\\/www.q-bo.net\\\/de\\\/produkt\\\/sandfilterpumpe-4500-18188q\\\/\",\"name\":\"Sandfilterpumpe 4500 - Q.bo\",\"isPartOf\":{\"@id\":\"https:\\\/\\\/www.q-bo.net\\\/de\\\/#website\"},\"primaryImageOfPage\":{\"@id\":\"https:\\\/\\\/www.q-bo.net\\\/de\\\/produkt\\\/sandfilterpumpe-4500-18188q\\\/#primaryimage\"},\"image\":{\"@id\":\"https:\\\/\\\/www.q-bo.net\\\/de\\\/produkt\\\/sandfilterpumpe-4500-18188q\\\/#primaryimage\"},\"thumbnailUrl\":\"https:\\\/\\\/www.q-bo.net\\\/site\\\/wp-content\\\/uploads\\\/2024\\\/08\\\/18188Q.jpg\",\"datePublished\":\"2026-01-28T23:00:00+00:00\",\"dateModified\":\"2026-03-27T15:59:00+00:00\",\"breadcrumb\":{\"@id\":\"https:\\\/\\\/www.q-bo.net\\\/de\\\/produkt\\\/sandfilterpumpe-4500-18188q\\\/#breadcrumb\"},\"inLanguage\":\"de-DE\",\"potentialAction\":[{\"@type\":\"ReadAction\",\"target\":[\"https:\\\/\\\/www.q-bo.net\\\/de\\\/produkt\\\/sandfilterpumpe-4500-18188q\\\/\"]}]},{\"@type\":\"ImageObject\",\"inLanguage\":\"de-DE\",\"@id\":\"https:\\\/\\\/www.q-bo.net\\\/de\\\/produkt\\\/sandfilterpumpe-4500-18188q\\\/#primaryimage\",\"url\":\"https:\\\/\\\/www.q-bo.net\\\/site\\\/wp-content\\\/uploads\\\/2024\\\/08\\\/18188Q.jpg\",\"contentUrl\":\"https:\\\/\\\/www.q-bo.net\\\/site\\\/wp-content\\\/uploads\\\/2024\\\/08\\\/18188Q.jpg\",\"width\":1440,\"height\":1440},{\"@type\":\"BreadcrumbList\",\"@id\":\"https:\\\/\\\/www.q-bo.net\\\/de\\\/produkt\\\/sandfilterpumpe-4500-18188q\\\/#breadcrumb\",\"itemListElement\":[{\"@type\":\"ListItem\",\"position\":1,\"name\":\"Home\",\"item\":\"https:\\\/\\\/www.q-bo.net\\\/de\\\/\"},{\"@type\":\"ListItem\",\"position\":2,\"name\":\"Produkte\",\"item\":\"https:\\\/\\\/www.q-bo.net\\\/de\\\/laden\\\/\"},{\"@type\":\"ListItem\",\"position\":3,\"name\":\"Sandfilterpumpe 4500\"}]},{\"@type\":\"WebSite\",\"@id\":\"https:\\\/\\\/www.q-bo.net\\\/de\\\/#website\",\"url\":\"https:\\\/\\\/www.q-bo.net\\\/de\\\/\",\"name\":\"Q.bo\",\"description\":\"Camping \\\/ Garten \\\/ Strand \\\/ Freizeit\",\"publisher\":{\"@id\":\"https:\\\/\\\/www.q-bo.net\\\/de\\\/#organization\"},\"potentialAction\":[{\"@type\":\"SearchAction\",\"target\":{\"@type\":\"EntryPoint\",\"urlTemplate\":\"https:\\\/\\\/www.q-bo.net\\\/de\\\/?s={search_term_string}\"},\"query-input\":{\"@type\":\"PropertyValueSpecification\",\"valueRequired\":true,\"valueName\":\"search_term_string\"}}],\"inLanguage\":\"de-DE\"},{\"@type\":\"Organization\",\"@id\":\"https:\\\/\\\/www.q-bo.net\\\/de\\\/#organization\",\"name\":\"Q.bo s.r.l.\",\"url\":\"https:\\\/\\\/www.q-bo.net\\\/de\\\/\",\"logo\":{\"@type\":\"ImageObject\",\"inLanguage\":\"de-DE\",\"@id\":\"https:\\\/\\\/www.q-bo.net\\\/de\\\/#\\\/schema\\\/logo\\\/image\\\/\",\"url\":\"https:\\\/\\\/www.q-bo.net\\\/site\\\/wp-content\\\/uploads\\\/2022\\\/01\\\/logo-qbo.png\",\"contentUrl\":\"https:\\\/\\\/www.q-bo.net\\\/site\\\/wp-content\\\/uploads\\\/2022\\\/01\\\/logo-qbo.png\",\"width\":463,\"height\":108,\"caption\":\"Q.bo s.r.l.\"},\"image\":{\"@id\":\"https:\\\/\\\/www.q-bo.net\\\/de\\\/#\\\/schema\\\/logo\\\/image\\\/\"},\"sameAs\":[\"https:\\\/\\\/x.com\\\/qbo_srl\"]}]}<\/script>\n<!-- \/ Yoast SEO Premium plugin. -->","yoast_head_json":{"title":"Sandfilterpumpe 4500 - Q.bo","robots":{"index":"index","follow":"follow","max-snippet":"max-snippet:-1","max-image-preview":"max-image-preview:large","max-video-preview":"max-video-preview:-1"},"canonical":"https:\/\/www.q-bo.net\/de\/produkt\/sandfilterpumpe-4500-18188q\/","og_locale":"de_DE","og_type":"article","og_title":"Sandfilterpumpe 4500","og_description":"INTEX 26644 | 220-240V Sandfilterpumpe, 0,25 PS Motor. Korrosionsbest\u00e4ndiger Filtertank \u00d8 254 mm. Filterkapazit\u00e4t L 4,536 \/ h. Geeignet f\u00fcr Ultra Frame","og_url":"https:\/\/www.q-bo.net\/de\/produkt\/sandfilterpumpe-4500-18188q\/","og_site_name":"Q.bo","article_modified_time":"2026-03-27T15:59:00+00:00","og_image":[{"width":1440,"height":1440,"url":"https:\/\/www.q-bo.net\/site\/wp-content\/uploads\/2024\/08\/18188Q.jpg","type":"image\/jpeg"}],"twitter_card":"summary_large_image","twitter_site":"@qbo_srl","schema":{"@context":"https:\/\/schema.org","@graph":[{"@type":"WebPage","@id":"https:\/\/www.q-bo.net\/de\/produkt\/sandfilterpumpe-4500-18188q\/","url":"https:\/\/www.q-bo.net\/de\/produkt\/sandfilterpumpe-4500-18188q\/","name":"Sandfilterpumpe 4500 - Q.bo","isPartOf":{"@id":"https:\/\/www.q-bo.net\/de\/#website"},"primaryImageOfPage":{"@id":"https:\/\/www.q-bo.net\/de\/produkt\/sandfilterpumpe-4500-18188q\/#primaryimage"},"image":{"@id":"https:\/\/www.q-bo.net\/de\/produkt\/sandfilterpumpe-4500-18188q\/#primaryimage"},"thumbnailUrl":"https:\/\/www.q-bo.net\/site\/wp-content\/uploads\/2024\/08\/18188Q.jpg","datePublished":"2026-01-28T23:00:00+00:00","dateModified":"2026-03-27T15:59:00+00:00","breadcrumb":{"@id":"https:\/\/www.q-bo.net\/de\/produkt\/sandfilterpumpe-4500-18188q\/#breadcrumb"},"inLanguage":"de-DE","potentialAction":[{"@type":"ReadAction","target":["https:\/\/www.q-bo.net\/de\/produkt\/sandfilterpumpe-4500-18188q\/"]}]},{"@type":"ImageObject","inLanguage":"de-DE","@id":"https:\/\/www.q-bo.net\/de\/produkt\/sandfilterpumpe-4500-18188q\/#primaryimage","url":"https:\/\/www.q-bo.net\/site\/wp-content\/uploads\/2024\/08\/18188Q.jpg","contentUrl":"https:\/\/www.q-bo.net\/site\/wp-content\/uploads\/2024\/08\/18188Q.jpg","width":1440,"height":1440},{"@type":"BreadcrumbList","@id":"https:\/\/www.q-bo.net\/de\/produkt\/sandfilterpumpe-4500-18188q\/#breadcrumb","itemListElement":[{"@type":"ListItem","position":1,"name":"Home","item":"https:\/\/www.q-bo.net\/de\/"},{"@type":"ListItem","position":2,"name":"Produkte","item":"https:\/\/www.q-bo.net\/de\/laden\/"},{"@type":"ListItem","position":3,"name":"Sandfilterpumpe 4500"}]},{"@type":"WebSite","@id":"https:\/\/www.q-bo.net\/de\/#website","url":"https:\/\/www.q-bo.net\/de\/","name":"Q.bo","description":"Camping \/ Garten \/ Strand \/ Freizeit","publisher":{"@id":"https:\/\/www.q-bo.net\/de\/#organization"},"potentialAction":[{"@type":"SearchAction","target":{"@type":"EntryPoint","urlTemplate":"https:\/\/www.q-bo.net\/de\/?s={search_term_string}"},"query-input":{"@type":"PropertyValueSpecification","valueRequired":true,"valueName":"search_term_string"}}],"inLanguage":"de-DE"},{"@type":"Organization","@id":"https:\/\/www.q-bo.net\/de\/#organization","name":"Q.bo s.r.l.","url":"https:\/\/www.q-bo.net\/de\/","logo":{"@type":"ImageObject","inLanguage":"de-DE","@id":"https:\/\/www.q-bo.net\/de\/#\/schema\/logo\/image\/","url":"https:\/\/www.q-bo.net\/site\/wp-content\/uploads\/2022\/01\/logo-qbo.png","contentUrl":"https:\/\/www.q-bo.net\/site\/wp-content\/uploads\/2022\/01\/logo-qbo.png","width":463,"height":108,"caption":"Q.bo s.r.l."},"image":{"@id":"https:\/\/www.q-bo.net\/de\/#\/schema\/logo\/image\/"},"sameAs":["https:\/\/x.com\/qbo_srl"]}]}},"jetpack_publicize_connections":[],"jetpack_sharing_enabled":true,"_links":{"self":[{"href":"https:\/\/www.q-bo.net\/de\/wp-json\/wp\/v2\/product\/938375","targetHints":{"allow":["GET"]}}],"collection":[{"href":"https:\/\/www.q-bo.net\/de\/wp-json\/wp\/v2\/product"}],"about":[{"href":"https:\/\/www.q-bo.net\/de\/wp-json\/wp\/v2\/types\/product"}],"replies":[{"embeddable":true,"href":"https:\/\/www.q-bo.net\/de\/wp-json\/wp\/v2\/comments?post=938375"}],"wp:featuredmedia":[{"embeddable":true,"href":"https:\/\/www.q-bo.net\/de\/wp-json\/wp\/v2\/media\/1098504"}],"wp:attachment":[{"href":"https:\/\/www.q-bo.net\/de\/wp-json\/wp\/v2\/media?parent=938375"}],"wp:term":[{"taxonomy":"product_brand","embeddable":true,"href":"https:\/\/www.q-bo.net\/de\/wp-json\/wp\/v2\/product_brand?post=938375"},{"taxonomy":"product_cat","embeddable":true,"href":"https:\/\/www.q-bo.net\/de\/wp-json\/wp\/v2\/product_cat?post=938375"},{"taxonomy":"product_tag","embeddable":true,"href":"https:\/\/www.q-bo.net\/de\/wp-json\/wp\/v2\/product_tag?post=938375"}],"curies":[{"name":"wp","href":"https:\/\/api.w.org\/{rel}","templated":true}]}}