
{"id":939715,"date":"2025-12-15T00:00:00","date_gmt":"2025-12-14T23:00:00","guid":{"rendered":"https:\/\/www.q-bo.net\/prodotto\/ph-l20-20835\/"},"modified":"2026-02-17T16:33:02","modified_gmt":"2026-02-17T15:33:02","slug":"ph-l20-20835","status":"publish","type":"product","link":"https:\/\/www.q-bo.net\/de\/produkt\/ph-l20-20835\/","title":{"rendered":"PH- L20"},"content":{"rendered":"<p>NYTRA 1486 | Fl\u00fcssige S\u00e4ureverbindung zur Senkung des pH-Werts des Poolwassers bei einem Wert \u00fcber 7,6. Unverzichtbar f\u00fcr eine hervorragende Wasserbehandlung, um die Wirkung von Chlor zu optimieren, die Bildung von Verkrustungen zu verhindern, Tr\u00fcbungen zu beseitigen und Haut-, Augen- und Schleimhautreizungen zu vermeiden. Frei von Chloriden. 20 Liter Packung.<\/p>\n","protected":false},"excerpt":{"rendered":"<p>NYTRA 1486 | Fl\u00fcssige S\u00e4ureverbindung zur Senkung des pH-Werts des Poolwassers bei einem Wert \u00fcber 7,6. Unverzichtbar f\u00fcr eine hervorragende Wasserbehandlung, um die Wirkung von Chlor zu optimieren, die Bildung von Verkrustungen zu verhindern, Tr\u00fcbungen zu beseitigen und Haut-, Augen- und Schleimhautreizungen zu vermeiden. Frei von Chloriden. 20 Liter Packung.<\/p>\n","protected":false},"featured_media":1097828,"comment_status":"open","ping_status":"open","template":"","meta":{"jetpack_post_was_ever_published":false,"jetpack_publicize_message":"","jetpack_publicize_feature_enabled":true,"jetpack_social_post_already_shared":false,"jetpack_social_options":{"image_generator_settings":{"template":"highway","default_image_id":0,"font":"","enabled":false},"version":2}},"product_brand":[],"product_cat":[3721,3888,1796],"product_tag":[],"class_list":{"0":"post-939715","1":"product","2":"type-product","3":"status-publish","4":"has-post-thumbnail","6":"product_cat-chemische-produkte-schwimmbecken","7":"product_cat-pool-zubehor","8":"product_cat-schwimmbader","9":"product_shipping_class-cartone","11":"first","12":"instock","13":"taxable","14":"shipping-taxable","15":"purchasable","16":"product-type-simple"},"yoast_head":"<!-- This site is optimized with the Yoast SEO Premium plugin v27.5 (Yoast SEO v27.5) - https:\/\/yoast.com\/product\/yoast-seo-premium-wordpress\/ -->\n<title>PH- L20 - Q.bo<\/title>\n<meta name=\"robots\" content=\"index, follow, max-snippet:-1, max-image-preview:large, max-video-preview:-1\" \/>\n<link rel=\"canonical\" href=\"https:\/\/www.q-bo.net\/de\/produkt\/ph-l20-20835\/\" \/>\n<meta property=\"og:locale\" content=\"de_DE\" \/>\n<meta property=\"og:type\" content=\"article\" \/>\n<meta property=\"og:title\" content=\"PH- L20\" \/>\n<meta property=\"og:description\" content=\"NYTRA 1486 | Fl\u00fcssige S\u00e4ureverbindung zur Senkung des pH-Werts des Poolwassers bei einem Wert \u00fcber 7,6. Unverzichtbar f\u00fcr eine hervorragende\" \/>\n<meta property=\"og:url\" content=\"https:\/\/www.q-bo.net\/de\/produkt\/ph-l20-20835\/\" \/>\n<meta property=\"og:site_name\" content=\"Q.bo\" \/>\n<meta property=\"article:modified_time\" content=\"2026-02-17T15:33:02+00:00\" \/>\n<meta property=\"og:image\" content=\"https:\/\/www.q-bo.net\/site\/wp-content\/uploads\/2024\/08\/20835.jpg\" \/>\n\t<meta property=\"og:image:width\" content=\"1440\" \/>\n\t<meta property=\"og:image:height\" content=\"1440\" \/>\n\t<meta property=\"og:image:type\" content=\"image\/jpeg\" \/>\n<meta name=\"twitter:card\" content=\"summary_large_image\" \/>\n<meta name=\"twitter:site\" content=\"@qbo_srl\" \/>\n<script type=\"application\/ld+json\" class=\"yoast-schema-graph\">{\"@context\":\"https:\\\/\\\/schema.org\",\"@graph\":[{\"@type\":\"WebPage\",\"@id\":\"https:\\\/\\\/www.q-bo.net\\\/de\\\/produkt\\\/ph-l20-20835\\\/\",\"url\":\"https:\\\/\\\/www.q-bo.net\\\/de\\\/produkt\\\/ph-l20-20835\\\/\",\"name\":\"PH- L20 - Q.bo\",\"isPartOf\":{\"@id\":\"https:\\\/\\\/www.q-bo.net\\\/de\\\/#website\"},\"primaryImageOfPage\":{\"@id\":\"https:\\\/\\\/www.q-bo.net\\\/de\\\/produkt\\\/ph-l20-20835\\\/#primaryimage\"},\"image\":{\"@id\":\"https:\\\/\\\/www.q-bo.net\\\/de\\\/produkt\\\/ph-l20-20835\\\/#primaryimage\"},\"thumbnailUrl\":\"https:\\\/\\\/www.q-bo.net\\\/site\\\/wp-content\\\/uploads\\\/2024\\\/08\\\/20835.jpg\",\"datePublished\":\"2025-12-14T23:00:00+00:00\",\"dateModified\":\"2026-02-17T15:33:02+00:00\",\"breadcrumb\":{\"@id\":\"https:\\\/\\\/www.q-bo.net\\\/de\\\/produkt\\\/ph-l20-20835\\\/#breadcrumb\"},\"inLanguage\":\"de-DE\",\"potentialAction\":[{\"@type\":\"ReadAction\",\"target\":[\"https:\\\/\\\/www.q-bo.net\\\/de\\\/produkt\\\/ph-l20-20835\\\/\"]}]},{\"@type\":\"ImageObject\",\"inLanguage\":\"de-DE\",\"@id\":\"https:\\\/\\\/www.q-bo.net\\\/de\\\/produkt\\\/ph-l20-20835\\\/#primaryimage\",\"url\":\"https:\\\/\\\/www.q-bo.net\\\/site\\\/wp-content\\\/uploads\\\/2024\\\/08\\\/20835.jpg\",\"contentUrl\":\"https:\\\/\\\/www.q-bo.net\\\/site\\\/wp-content\\\/uploads\\\/2024\\\/08\\\/20835.jpg\",\"width\":1440,\"height\":1440},{\"@type\":\"BreadcrumbList\",\"@id\":\"https:\\\/\\\/www.q-bo.net\\\/de\\\/produkt\\\/ph-l20-20835\\\/#breadcrumb\",\"itemListElement\":[{\"@type\":\"ListItem\",\"position\":1,\"name\":\"Home\",\"item\":\"https:\\\/\\\/www.q-bo.net\\\/de\\\/\"},{\"@type\":\"ListItem\",\"position\":2,\"name\":\"Produkte\",\"item\":\"https:\\\/\\\/www.q-bo.net\\\/de\\\/laden\\\/\"},{\"@type\":\"ListItem\",\"position\":3,\"name\":\"PH- L20\"}]},{\"@type\":\"WebSite\",\"@id\":\"https:\\\/\\\/www.q-bo.net\\\/de\\\/#website\",\"url\":\"https:\\\/\\\/www.q-bo.net\\\/de\\\/\",\"name\":\"Q.bo\",\"description\":\"Camping \\\/ Garten \\\/ Strand \\\/ Freizeit\",\"publisher\":{\"@id\":\"https:\\\/\\\/www.q-bo.net\\\/de\\\/#organization\"},\"potentialAction\":[{\"@type\":\"SearchAction\",\"target\":{\"@type\":\"EntryPoint\",\"urlTemplate\":\"https:\\\/\\\/www.q-bo.net\\\/de\\\/?s={search_term_string}\"},\"query-input\":{\"@type\":\"PropertyValueSpecification\",\"valueRequired\":true,\"valueName\":\"search_term_string\"}}],\"inLanguage\":\"de-DE\"},{\"@type\":\"Organization\",\"@id\":\"https:\\\/\\\/www.q-bo.net\\\/de\\\/#organization\",\"name\":\"Q.bo s.r.l.\",\"url\":\"https:\\\/\\\/www.q-bo.net\\\/de\\\/\",\"logo\":{\"@type\":\"ImageObject\",\"inLanguage\":\"de-DE\",\"@id\":\"https:\\\/\\\/www.q-bo.net\\\/de\\\/#\\\/schema\\\/logo\\\/image\\\/\",\"url\":\"https:\\\/\\\/www.q-bo.net\\\/site\\\/wp-content\\\/uploads\\\/2022\\\/01\\\/logo-qbo.png\",\"contentUrl\":\"https:\\\/\\\/www.q-bo.net\\\/site\\\/wp-content\\\/uploads\\\/2022\\\/01\\\/logo-qbo.png\",\"width\":463,\"height\":108,\"caption\":\"Q.bo s.r.l.\"},\"image\":{\"@id\":\"https:\\\/\\\/www.q-bo.net\\\/de\\\/#\\\/schema\\\/logo\\\/image\\\/\"},\"sameAs\":[\"https:\\\/\\\/x.com\\\/qbo_srl\"]}]}<\/script>\n<!-- \/ Yoast SEO Premium plugin. -->","yoast_head_json":{"title":"PH- L20 - Q.bo","robots":{"index":"index","follow":"follow","max-snippet":"max-snippet:-1","max-image-preview":"max-image-preview:large","max-video-preview":"max-video-preview:-1"},"canonical":"https:\/\/www.q-bo.net\/de\/produkt\/ph-l20-20835\/","og_locale":"de_DE","og_type":"article","og_title":"PH- L20","og_description":"NYTRA 1486 | Fl\u00fcssige S\u00e4ureverbindung zur Senkung des pH-Werts des Poolwassers bei einem Wert \u00fcber 7,6. Unverzichtbar f\u00fcr eine hervorragende","og_url":"https:\/\/www.q-bo.net\/de\/produkt\/ph-l20-20835\/","og_site_name":"Q.bo","article_modified_time":"2026-02-17T15:33:02+00:00","og_image":[{"width":1440,"height":1440,"url":"https:\/\/www.q-bo.net\/site\/wp-content\/uploads\/2024\/08\/20835.jpg","type":"image\/jpeg"}],"twitter_card":"summary_large_image","twitter_site":"@qbo_srl","schema":{"@context":"https:\/\/schema.org","@graph":[{"@type":"WebPage","@id":"https:\/\/www.q-bo.net\/de\/produkt\/ph-l20-20835\/","url":"https:\/\/www.q-bo.net\/de\/produkt\/ph-l20-20835\/","name":"PH- L20 - Q.bo","isPartOf":{"@id":"https:\/\/www.q-bo.net\/de\/#website"},"primaryImageOfPage":{"@id":"https:\/\/www.q-bo.net\/de\/produkt\/ph-l20-20835\/#primaryimage"},"image":{"@id":"https:\/\/www.q-bo.net\/de\/produkt\/ph-l20-20835\/#primaryimage"},"thumbnailUrl":"https:\/\/www.q-bo.net\/site\/wp-content\/uploads\/2024\/08\/20835.jpg","datePublished":"2025-12-14T23:00:00+00:00","dateModified":"2026-02-17T15:33:02+00:00","breadcrumb":{"@id":"https:\/\/www.q-bo.net\/de\/produkt\/ph-l20-20835\/#breadcrumb"},"inLanguage":"de-DE","potentialAction":[{"@type":"ReadAction","target":["https:\/\/www.q-bo.net\/de\/produkt\/ph-l20-20835\/"]}]},{"@type":"ImageObject","inLanguage":"de-DE","@id":"https:\/\/www.q-bo.net\/de\/produkt\/ph-l20-20835\/#primaryimage","url":"https:\/\/www.q-bo.net\/site\/wp-content\/uploads\/2024\/08\/20835.jpg","contentUrl":"https:\/\/www.q-bo.net\/site\/wp-content\/uploads\/2024\/08\/20835.jpg","width":1440,"height":1440},{"@type":"BreadcrumbList","@id":"https:\/\/www.q-bo.net\/de\/produkt\/ph-l20-20835\/#breadcrumb","itemListElement":[{"@type":"ListItem","position":1,"name":"Home","item":"https:\/\/www.q-bo.net\/de\/"},{"@type":"ListItem","position":2,"name":"Produkte","item":"https:\/\/www.q-bo.net\/de\/laden\/"},{"@type":"ListItem","position":3,"name":"PH- L20"}]},{"@type":"WebSite","@id":"https:\/\/www.q-bo.net\/de\/#website","url":"https:\/\/www.q-bo.net\/de\/","name":"Q.bo","description":"Camping \/ Garten \/ Strand \/ Freizeit","publisher":{"@id":"https:\/\/www.q-bo.net\/de\/#organization"},"potentialAction":[{"@type":"SearchAction","target":{"@type":"EntryPoint","urlTemplate":"https:\/\/www.q-bo.net\/de\/?s={search_term_string}"},"query-input":{"@type":"PropertyValueSpecification","valueRequired":true,"valueName":"search_term_string"}}],"inLanguage":"de-DE"},{"@type":"Organization","@id":"https:\/\/www.q-bo.net\/de\/#organization","name":"Q.bo s.r.l.","url":"https:\/\/www.q-bo.net\/de\/","logo":{"@type":"ImageObject","inLanguage":"de-DE","@id":"https:\/\/www.q-bo.net\/de\/#\/schema\/logo\/image\/","url":"https:\/\/www.q-bo.net\/site\/wp-content\/uploads\/2022\/01\/logo-qbo.png","contentUrl":"https:\/\/www.q-bo.net\/site\/wp-content\/uploads\/2022\/01\/logo-qbo.png","width":463,"height":108,"caption":"Q.bo s.r.l."},"image":{"@id":"https:\/\/www.q-bo.net\/de\/#\/schema\/logo\/image\/"},"sameAs":["https:\/\/x.com\/qbo_srl"]}]}},"jetpack_publicize_connections":[],"jetpack_sharing_enabled":true,"_links":{"self":[{"href":"https:\/\/www.q-bo.net\/de\/wp-json\/wp\/v2\/product\/939715","targetHints":{"allow":["GET"]}}],"collection":[{"href":"https:\/\/www.q-bo.net\/de\/wp-json\/wp\/v2\/product"}],"about":[{"href":"https:\/\/www.q-bo.net\/de\/wp-json\/wp\/v2\/types\/product"}],"replies":[{"embeddable":true,"href":"https:\/\/www.q-bo.net\/de\/wp-json\/wp\/v2\/comments?post=939715"}],"wp:featuredmedia":[{"embeddable":true,"href":"https:\/\/www.q-bo.net\/de\/wp-json\/wp\/v2\/media\/1097828"}],"wp:attachment":[{"href":"https:\/\/www.q-bo.net\/de\/wp-json\/wp\/v2\/media?parent=939715"}],"wp:term":[{"taxonomy":"product_brand","embeddable":true,"href":"https:\/\/www.q-bo.net\/de\/wp-json\/wp\/v2\/product_brand?post=939715"},{"taxonomy":"product_cat","embeddable":true,"href":"https:\/\/www.q-bo.net\/de\/wp-json\/wp\/v2\/product_cat?post=939715"},{"taxonomy":"product_tag","embeddable":true,"href":"https:\/\/www.q-bo.net\/de\/wp-json\/wp\/v2\/product_tag?post=939715"}],"curies":[{"name":"wp","href":"https:\/\/api.w.org\/{rel}","templated":true}]}}