
{"id":947940,"date":"2025-11-24T00:00:00","date_gmt":"2025-11-23T23:00:00","guid":{"rendered":"https:\/\/www.q-bo.net\/prodotto\/flssiger-feuerstarter-02500\/"},"modified":"2026-03-27T15:30:07","modified_gmt":"2026-03-27T14:30:07","slug":"flssiger-feuerstarter-02500","status":"publish","type":"product","link":"https:\/\/www.q-bo.net\/de\/produkt\/flssiger-feuerstarter-02500\/","title":{"rendered":"Fl&#xFC;ssiger Feuerstarter"},"content":{"rendered":"<p>Fl\u00fcssiger Feueranz\u00fcnder f\u00fcr Holzkohle. Streuen Sie den fl\u00fcssigen Anz\u00fcnder gleichm\u00e4\u00dfig \u00fcber die Holzkohle und lassen Sie ihn einziehen. Benutzen Sie es nicht bei bereits angez\u00fcndetem Feuer. Bevor Sie mit dem Garen von Speisen beginnen, stellen Sie sicher, dass die Anz\u00fcndfl\u00fcssigkeit vollst\u00e4ndig verdampft ist. Au\u00dferhalb der Reichweite von Kindern aufbewahren. Nicht einnehmen, da dies zu schweren und m\u00f6glicherweise lebensgef\u00e4hrlichen Verletzungen f\u00fchren kann. Gefahrenhinweise, (H304), (EUH066), (P301+P310), (P331), (P102), (P405). DIN-zertifiziertes Produkt (Regi Nr. 5Z017 &#8211; DIN EN 1860-3:2003-12). Kohlenwasserstoffe, C11-C14, n-Alkane, Isoalkane, zyklische Verbindungen, <2 % Aromaten, EG-Nr. 926-141-6. 1-Liter-Flasche.\n<\/p>\n","protected":false},"excerpt":{"rendered":"<p>Fl\u00fcssiger Feueranz\u00fcnder f\u00fcr Holzkohle. Streuen Sie den fl\u00fcssigen Anz\u00fcnder gleichm\u00e4\u00dfig \u00fcber die Holzkohle und lassen Sie ihn einziehen. Benutzen Sie es nicht bei bereits angez\u00fcndetem Feuer. Bevor Sie mit dem Garen von Speisen beginnen, stellen Sie sicher, dass die Anz\u00fcndfl\u00fcssigkeit vollst\u00e4ndig verdampft ist. Au\u00dferhalb der Reichweite von Kindern aufbewahren. Nicht einnehmen, da dies zu schweren [&hellip;]<\/p>\n","protected":false},"featured_media":974865,"comment_status":"open","ping_status":"open","template":"","meta":{"jetpack_post_was_ever_published":false,"jetpack_publicize_message":"","jetpack_publicize_feature_enabled":true,"jetpack_social_post_already_shared":false,"jetpack_social_options":{"image_generator_settings":{"template":"highway","default_image_id":0,"font":"","enabled":false},"version":2}},"product_brand":[],"product_cat":[3578,281,3572],"product_tag":[],"class_list":{"0":"post-947940","1":"product","2":"type-product","3":"status-publish","4":"has-post-thumbnail","6":"product_cat-feueranzuender","7":"product_cat-grill","8":"product_cat-grillzubehor-de","9":"product_shipping_class-cartone","11":"first","12":"instock","13":"taxable","14":"shipping-taxable","15":"purchasable","16":"product-type-simple"},"yoast_head":"<!-- This site is optimized with the Yoast SEO Premium plugin v27.5 (Yoast SEO v27.5) - https:\/\/yoast.com\/product\/yoast-seo-premium-wordpress\/ -->\n<title>Fl&#xFC;ssiger Feuerstarter - Q.bo<\/title>\n<meta name=\"robots\" content=\"index, follow, max-snippet:-1, max-image-preview:large, max-video-preview:-1\" \/>\n<link rel=\"canonical\" href=\"https:\/\/www.q-bo.net\/de\/produkt\/flssiger-feuerstarter-02500\/\" \/>\n<meta property=\"og:locale\" content=\"de_DE\" \/>\n<meta property=\"og:type\" content=\"article\" \/>\n<meta property=\"og:title\" content=\"Fl&#xFC;ssiger Feuerstarter\" \/>\n<meta property=\"og:description\" content=\"Fl\u00fcssiger Feueranz\u00fcnder f\u00fcr Holzkohle. Streuen Sie den fl\u00fcssigen Anz\u00fcnder gleichm\u00e4\u00dfig \u00fcber die Holzkohle und lassen Sie ihn einziehen. Benutzen Sie es\" \/>\n<meta property=\"og:url\" content=\"https:\/\/www.q-bo.net\/de\/produkt\/flssiger-feuerstarter-02500\/\" \/>\n<meta property=\"og:site_name\" content=\"Q.bo\" \/>\n<meta property=\"article:modified_time\" content=\"2026-03-27T14:30:07+00:00\" \/>\n<meta property=\"og:image\" content=\"https:\/\/www.q-bo.net\/site\/wp-content\/uploads\/2022\/11\/02500.jpg\" \/>\n\t<meta property=\"og:image:width\" content=\"1440\" \/>\n\t<meta property=\"og:image:height\" content=\"1440\" \/>\n\t<meta property=\"og:image:type\" content=\"image\/jpeg\" \/>\n<meta name=\"twitter:card\" content=\"summary_large_image\" \/>\n<meta name=\"twitter:site\" content=\"@qbo_srl\" \/>\n<meta name=\"twitter:label1\" content=\"Est. reading time\" \/>\n\t<meta name=\"twitter:data1\" content=\"1 minute\" \/>\n<script type=\"application\/ld+json\" class=\"yoast-schema-graph\">{\"@context\":\"https:\\\/\\\/schema.org\",\"@graph\":[{\"@type\":\"WebPage\",\"@id\":\"https:\\\/\\\/www.q-bo.net\\\/de\\\/produkt\\\/flssiger-feuerstarter-02500\\\/\",\"url\":\"https:\\\/\\\/www.q-bo.net\\\/de\\\/produkt\\\/flssiger-feuerstarter-02500\\\/\",\"name\":\"Fl&#xFC;ssiger Feuerstarter - Q.bo\",\"isPartOf\":{\"@id\":\"https:\\\/\\\/www.q-bo.net\\\/de\\\/#website\"},\"primaryImageOfPage\":{\"@id\":\"https:\\\/\\\/www.q-bo.net\\\/de\\\/produkt\\\/flssiger-feuerstarter-02500\\\/#primaryimage\"},\"image\":{\"@id\":\"https:\\\/\\\/www.q-bo.net\\\/de\\\/produkt\\\/flssiger-feuerstarter-02500\\\/#primaryimage\"},\"thumbnailUrl\":\"https:\\\/\\\/www.q-bo.net\\\/site\\\/wp-content\\\/uploads\\\/2022\\\/11\\\/02500.jpg\",\"datePublished\":\"2025-11-23T23:00:00+00:00\",\"dateModified\":\"2026-03-27T14:30:07+00:00\",\"breadcrumb\":{\"@id\":\"https:\\\/\\\/www.q-bo.net\\\/de\\\/produkt\\\/flssiger-feuerstarter-02500\\\/#breadcrumb\"},\"inLanguage\":\"de-DE\",\"potentialAction\":[{\"@type\":\"ReadAction\",\"target\":[\"https:\\\/\\\/www.q-bo.net\\\/de\\\/produkt\\\/flssiger-feuerstarter-02500\\\/\"]}]},{\"@type\":\"ImageObject\",\"inLanguage\":\"de-DE\",\"@id\":\"https:\\\/\\\/www.q-bo.net\\\/de\\\/produkt\\\/flssiger-feuerstarter-02500\\\/#primaryimage\",\"url\":\"https:\\\/\\\/www.q-bo.net\\\/site\\\/wp-content\\\/uploads\\\/2022\\\/11\\\/02500.jpg\",\"contentUrl\":\"https:\\\/\\\/www.q-bo.net\\\/site\\\/wp-content\\\/uploads\\\/2022\\\/11\\\/02500.jpg\",\"width\":1440,\"height\":1440},{\"@type\":\"BreadcrumbList\",\"@id\":\"https:\\\/\\\/www.q-bo.net\\\/de\\\/produkt\\\/flssiger-feuerstarter-02500\\\/#breadcrumb\",\"itemListElement\":[{\"@type\":\"ListItem\",\"position\":1,\"name\":\"Home\",\"item\":\"https:\\\/\\\/www.q-bo.net\\\/de\\\/\"},{\"@type\":\"ListItem\",\"position\":2,\"name\":\"Produkte\",\"item\":\"https:\\\/\\\/www.q-bo.net\\\/de\\\/laden\\\/\"},{\"@type\":\"ListItem\",\"position\":3,\"name\":\"Fl&#xFC;ssiger Feuerstarter\"}]},{\"@type\":\"WebSite\",\"@id\":\"https:\\\/\\\/www.q-bo.net\\\/de\\\/#website\",\"url\":\"https:\\\/\\\/www.q-bo.net\\\/de\\\/\",\"name\":\"Q.bo\",\"description\":\"Camping \\\/ Garten \\\/ Strand \\\/ Freizeit\",\"publisher\":{\"@id\":\"https:\\\/\\\/www.q-bo.net\\\/de\\\/#organization\"},\"potentialAction\":[{\"@type\":\"SearchAction\",\"target\":{\"@type\":\"EntryPoint\",\"urlTemplate\":\"https:\\\/\\\/www.q-bo.net\\\/de\\\/?s={search_term_string}\"},\"query-input\":{\"@type\":\"PropertyValueSpecification\",\"valueRequired\":true,\"valueName\":\"search_term_string\"}}],\"inLanguage\":\"de-DE\"},{\"@type\":\"Organization\",\"@id\":\"https:\\\/\\\/www.q-bo.net\\\/de\\\/#organization\",\"name\":\"Q.bo s.r.l.\",\"url\":\"https:\\\/\\\/www.q-bo.net\\\/de\\\/\",\"logo\":{\"@type\":\"ImageObject\",\"inLanguage\":\"de-DE\",\"@id\":\"https:\\\/\\\/www.q-bo.net\\\/de\\\/#\\\/schema\\\/logo\\\/image\\\/\",\"url\":\"https:\\\/\\\/www.q-bo.net\\\/site\\\/wp-content\\\/uploads\\\/2022\\\/01\\\/logo-qbo.png\",\"contentUrl\":\"https:\\\/\\\/www.q-bo.net\\\/site\\\/wp-content\\\/uploads\\\/2022\\\/01\\\/logo-qbo.png\",\"width\":463,\"height\":108,\"caption\":\"Q.bo s.r.l.\"},\"image\":{\"@id\":\"https:\\\/\\\/www.q-bo.net\\\/de\\\/#\\\/schema\\\/logo\\\/image\\\/\"},\"sameAs\":[\"https:\\\/\\\/x.com\\\/qbo_srl\"]}]}<\/script>\n<!-- \/ Yoast SEO Premium plugin. -->","yoast_head_json":{"title":"Fl&#xFC;ssiger Feuerstarter - Q.bo","robots":{"index":"index","follow":"follow","max-snippet":"max-snippet:-1","max-image-preview":"max-image-preview:large","max-video-preview":"max-video-preview:-1"},"canonical":"https:\/\/www.q-bo.net\/de\/produkt\/flssiger-feuerstarter-02500\/","og_locale":"de_DE","og_type":"article","og_title":"Fl&#xFC;ssiger Feuerstarter","og_description":"Fl\u00fcssiger Feueranz\u00fcnder f\u00fcr Holzkohle. Streuen Sie den fl\u00fcssigen Anz\u00fcnder gleichm\u00e4\u00dfig \u00fcber die Holzkohle und lassen Sie ihn einziehen. Benutzen Sie es","og_url":"https:\/\/www.q-bo.net\/de\/produkt\/flssiger-feuerstarter-02500\/","og_site_name":"Q.bo","article_modified_time":"2026-03-27T14:30:07+00:00","og_image":[{"width":1440,"height":1440,"url":"https:\/\/www.q-bo.net\/site\/wp-content\/uploads\/2022\/11\/02500.jpg","type":"image\/jpeg"}],"twitter_card":"summary_large_image","twitter_site":"@qbo_srl","twitter_misc":{"Est. reading time":"1 minute"},"schema":{"@context":"https:\/\/schema.org","@graph":[{"@type":"WebPage","@id":"https:\/\/www.q-bo.net\/de\/produkt\/flssiger-feuerstarter-02500\/","url":"https:\/\/www.q-bo.net\/de\/produkt\/flssiger-feuerstarter-02500\/","name":"Fl&#xFC;ssiger Feuerstarter - Q.bo","isPartOf":{"@id":"https:\/\/www.q-bo.net\/de\/#website"},"primaryImageOfPage":{"@id":"https:\/\/www.q-bo.net\/de\/produkt\/flssiger-feuerstarter-02500\/#primaryimage"},"image":{"@id":"https:\/\/www.q-bo.net\/de\/produkt\/flssiger-feuerstarter-02500\/#primaryimage"},"thumbnailUrl":"https:\/\/www.q-bo.net\/site\/wp-content\/uploads\/2022\/11\/02500.jpg","datePublished":"2025-11-23T23:00:00+00:00","dateModified":"2026-03-27T14:30:07+00:00","breadcrumb":{"@id":"https:\/\/www.q-bo.net\/de\/produkt\/flssiger-feuerstarter-02500\/#breadcrumb"},"inLanguage":"de-DE","potentialAction":[{"@type":"ReadAction","target":["https:\/\/www.q-bo.net\/de\/produkt\/flssiger-feuerstarter-02500\/"]}]},{"@type":"ImageObject","inLanguage":"de-DE","@id":"https:\/\/www.q-bo.net\/de\/produkt\/flssiger-feuerstarter-02500\/#primaryimage","url":"https:\/\/www.q-bo.net\/site\/wp-content\/uploads\/2022\/11\/02500.jpg","contentUrl":"https:\/\/www.q-bo.net\/site\/wp-content\/uploads\/2022\/11\/02500.jpg","width":1440,"height":1440},{"@type":"BreadcrumbList","@id":"https:\/\/www.q-bo.net\/de\/produkt\/flssiger-feuerstarter-02500\/#breadcrumb","itemListElement":[{"@type":"ListItem","position":1,"name":"Home","item":"https:\/\/www.q-bo.net\/de\/"},{"@type":"ListItem","position":2,"name":"Produkte","item":"https:\/\/www.q-bo.net\/de\/laden\/"},{"@type":"ListItem","position":3,"name":"Fl&#xFC;ssiger Feuerstarter"}]},{"@type":"WebSite","@id":"https:\/\/www.q-bo.net\/de\/#website","url":"https:\/\/www.q-bo.net\/de\/","name":"Q.bo","description":"Camping \/ Garten \/ Strand \/ Freizeit","publisher":{"@id":"https:\/\/www.q-bo.net\/de\/#organization"},"potentialAction":[{"@type":"SearchAction","target":{"@type":"EntryPoint","urlTemplate":"https:\/\/www.q-bo.net\/de\/?s={search_term_string}"},"query-input":{"@type":"PropertyValueSpecification","valueRequired":true,"valueName":"search_term_string"}}],"inLanguage":"de-DE"},{"@type":"Organization","@id":"https:\/\/www.q-bo.net\/de\/#organization","name":"Q.bo s.r.l.","url":"https:\/\/www.q-bo.net\/de\/","logo":{"@type":"ImageObject","inLanguage":"de-DE","@id":"https:\/\/www.q-bo.net\/de\/#\/schema\/logo\/image\/","url":"https:\/\/www.q-bo.net\/site\/wp-content\/uploads\/2022\/01\/logo-qbo.png","contentUrl":"https:\/\/www.q-bo.net\/site\/wp-content\/uploads\/2022\/01\/logo-qbo.png","width":463,"height":108,"caption":"Q.bo s.r.l."},"image":{"@id":"https:\/\/www.q-bo.net\/de\/#\/schema\/logo\/image\/"},"sameAs":["https:\/\/x.com\/qbo_srl"]}]}},"jetpack_publicize_connections":[],"jetpack_sharing_enabled":true,"_links":{"self":[{"href":"https:\/\/www.q-bo.net\/de\/wp-json\/wp\/v2\/product\/947940","targetHints":{"allow":["GET"]}}],"collection":[{"href":"https:\/\/www.q-bo.net\/de\/wp-json\/wp\/v2\/product"}],"about":[{"href":"https:\/\/www.q-bo.net\/de\/wp-json\/wp\/v2\/types\/product"}],"replies":[{"embeddable":true,"href":"https:\/\/www.q-bo.net\/de\/wp-json\/wp\/v2\/comments?post=947940"}],"wp:featuredmedia":[{"embeddable":true,"href":"https:\/\/www.q-bo.net\/de\/wp-json\/wp\/v2\/media\/974865"}],"wp:attachment":[{"href":"https:\/\/www.q-bo.net\/de\/wp-json\/wp\/v2\/media?parent=947940"}],"wp:term":[{"taxonomy":"product_brand","embeddable":true,"href":"https:\/\/www.q-bo.net\/de\/wp-json\/wp\/v2\/product_brand?post=947940"},{"taxonomy":"product_cat","embeddable":true,"href":"https:\/\/www.q-bo.net\/de\/wp-json\/wp\/v2\/product_cat?post=947940"},{"taxonomy":"product_tag","embeddable":true,"href":"https:\/\/www.q-bo.net\/de\/wp-json\/wp\/v2\/product_tag?post=947940"}],"curies":[{"name":"wp","href":"https:\/\/api.w.org\/{rel}","templated":true}]}}