
{"id":948421,"date":"2026-04-09T00:00:00","date_gmt":"2026-04-08T22:00:00","guid":{"rendered":"https:\/\/www.q-bo.net\/prodotto\/iglu-4-deluxe-zelt-25007\/"},"modified":"2026-04-09T09:55:07","modified_gmt":"2026-04-09T07:55:07","slug":"iglu-4-deluxe-zelt-25007","status":"publish","type":"product","link":"https:\/\/www.q-bo.net\/de\/produkt\/iglu-4-deluxe-zelt-25007\/","title":{"rendered":"Iglu 4 Deluxe Zelt"},"content":{"rendered":"<p>Campingzelt f\u00fcr 4 Personen. Dach 190T Polyester beschichtet mit w\u00e4rmeisolierendem aluminisiertem Polyurethan (PU), 2000 mm Wassers\u00e4ule, zus\u00e4tzlichen Ankern, Aussteifung, winddichte Rollwand. W\u00e4rmegeklebte N\u00e4hte im \u00dcberdach. Veranda mit Kristallfenstern. Innen 190T Polyester atmungsaktiv, mit den Stangen mit Hakensystem f\u00fcr schnelle Montage verbunden, Aufbewahrungstaschen. Abnehmbarer Teiler. Zwei Polyestert\u00fcren mit zwei Moskitonetzen. Polyethylenboden (PE) g185 \/ m\u00b2, mit Erdboden auf der Veranda. Glasfaserstangen \u00d8 11 mm zwei Hauptb\u00f6gen, \u00d8 9,5 mm Verandabogen. Veranda-Metallstangen, Metallstifte 19 x \u00d8 4 mm, Spurstangen aus Nylon \u00d8 3,5 mm und Koffer mit Rei\u00dfverschluss und Griffen (63 x \u00d8 18 cm). Abmessungen cm 475 (100 + 205 + 75 + 100) x 230. Innenh\u00f6he cm 180. Gewicht kg 9.<\/p>\n","protected":false},"excerpt":{"rendered":"<p>Campingzelt f\u00fcr 4 Personen. Dach 190T Polyester beschichtet mit w\u00e4rmeisolierendem aluminisiertem Polyurethan (PU), 2000 mm Wassers\u00e4ule, zus\u00e4tzlichen Ankern, Aussteifung, winddichte Rollwand. W\u00e4rmegeklebte N\u00e4hte im \u00dcberdach. Veranda mit Kristallfenstern. Innen 190T Polyester atmungsaktiv, mit den Stangen mit Hakensystem f\u00fcr schnelle Montage verbunden, Aufbewahrungstaschen. Abnehmbarer Teiler. Zwei Polyestert\u00fcren mit zwei Moskitonetzen. Polyethylenboden (PE) g185 \/ m\u00b2, mit [&hellip;]<\/p>\n","protected":false},"featured_media":1114634,"comment_status":"open","ping_status":"open","template":"","meta":{"jetpack_post_was_ever_published":false,"jetpack_publicize_message":"","jetpack_publicize_feature_enabled":true,"jetpack_social_post_already_shared":false,"jetpack_social_options":{"image_generator_settings":{"template":"highway","default_image_id":0,"font":"","enabled":false},"version":2}},"product_brand":[],"product_cat":[592,3671],"product_tag":[],"class_list":{"0":"post-948421","1":"product","2":"type-product","3":"status-publish","4":"has-post-thumbnail","6":"product_cat-camping-de","7":"product_cat-zelte","8":"product_shipping_class-cartone","10":"first","11":"instock","12":"taxable","13":"shipping-taxable","14":"purchasable","15":"product-type-simple"},"yoast_head":"<!-- This site is optimized with the Yoast SEO Premium plugin v27.5 (Yoast SEO v27.5) - https:\/\/yoast.com\/product\/yoast-seo-premium-wordpress\/ -->\n<title>Iglu 4 Deluxe Zelt - Q.bo<\/title>\n<meta name=\"robots\" content=\"index, follow, max-snippet:-1, max-image-preview:large, max-video-preview:-1\" \/>\n<link rel=\"canonical\" href=\"https:\/\/www.q-bo.net\/de\/produkt\/iglu-4-deluxe-zelt-25007\/\" \/>\n<meta property=\"og:locale\" content=\"de_DE\" \/>\n<meta property=\"og:type\" content=\"article\" \/>\n<meta property=\"og:title\" content=\"Iglu 4 Deluxe Zelt\" \/>\n<meta property=\"og:description\" content=\"Campingzelt f\u00fcr 4 Personen. Dach 190T Polyester beschichtet mit w\u00e4rmeisolierendem aluminisiertem Polyurethan (PU), 2000 mm Wassers\u00e4ule, zus\u00e4tzlichen\" \/>\n<meta property=\"og:url\" content=\"https:\/\/www.q-bo.net\/de\/produkt\/iglu-4-deluxe-zelt-25007\/\" \/>\n<meta property=\"og:site_name\" content=\"Q.bo\" \/>\n<meta property=\"article:modified_time\" content=\"2026-04-09T07:55:07+00:00\" \/>\n<meta property=\"og:image\" content=\"https:\/\/www.q-bo.net\/site\/wp-content\/uploads\/2026\/04\/25007.jpg\" \/>\n\t<meta property=\"og:image:width\" content=\"1440\" \/>\n\t<meta property=\"og:image:height\" content=\"1440\" \/>\n\t<meta property=\"og:image:type\" content=\"image\/jpeg\" \/>\n<meta name=\"twitter:card\" content=\"summary_large_image\" \/>\n<meta name=\"twitter:site\" content=\"@qbo_srl\" \/>\n<script type=\"application\/ld+json\" class=\"yoast-schema-graph\">{\"@context\":\"https:\\\/\\\/schema.org\",\"@graph\":[{\"@type\":\"WebPage\",\"@id\":\"https:\\\/\\\/www.q-bo.net\\\/de\\\/produkt\\\/iglu-4-deluxe-zelt-25007\\\/\",\"url\":\"https:\\\/\\\/www.q-bo.net\\\/de\\\/produkt\\\/iglu-4-deluxe-zelt-25007\\\/\",\"name\":\"Iglu 4 Deluxe Zelt - Q.bo\",\"isPartOf\":{\"@id\":\"https:\\\/\\\/www.q-bo.net\\\/de\\\/#website\"},\"primaryImageOfPage\":{\"@id\":\"https:\\\/\\\/www.q-bo.net\\\/de\\\/produkt\\\/iglu-4-deluxe-zelt-25007\\\/#primaryimage\"},\"image\":{\"@id\":\"https:\\\/\\\/www.q-bo.net\\\/de\\\/produkt\\\/iglu-4-deluxe-zelt-25007\\\/#primaryimage\"},\"thumbnailUrl\":\"https:\\\/\\\/www.q-bo.net\\\/site\\\/wp-content\\\/uploads\\\/2026\\\/04\\\/25007.jpg\",\"datePublished\":\"2026-04-08T22:00:00+00:00\",\"dateModified\":\"2026-04-09T07:55:07+00:00\",\"breadcrumb\":{\"@id\":\"https:\\\/\\\/www.q-bo.net\\\/de\\\/produkt\\\/iglu-4-deluxe-zelt-25007\\\/#breadcrumb\"},\"inLanguage\":\"de-DE\",\"potentialAction\":[{\"@type\":\"ReadAction\",\"target\":[\"https:\\\/\\\/www.q-bo.net\\\/de\\\/produkt\\\/iglu-4-deluxe-zelt-25007\\\/\"]}]},{\"@type\":\"ImageObject\",\"inLanguage\":\"de-DE\",\"@id\":\"https:\\\/\\\/www.q-bo.net\\\/de\\\/produkt\\\/iglu-4-deluxe-zelt-25007\\\/#primaryimage\",\"url\":\"https:\\\/\\\/www.q-bo.net\\\/site\\\/wp-content\\\/uploads\\\/2026\\\/04\\\/25007.jpg\",\"contentUrl\":\"https:\\\/\\\/www.q-bo.net\\\/site\\\/wp-content\\\/uploads\\\/2026\\\/04\\\/25007.jpg\",\"width\":1440,\"height\":1440},{\"@type\":\"BreadcrumbList\",\"@id\":\"https:\\\/\\\/www.q-bo.net\\\/de\\\/produkt\\\/iglu-4-deluxe-zelt-25007\\\/#breadcrumb\",\"itemListElement\":[{\"@type\":\"ListItem\",\"position\":1,\"name\":\"Home\",\"item\":\"https:\\\/\\\/www.q-bo.net\\\/de\\\/\"},{\"@type\":\"ListItem\",\"position\":2,\"name\":\"Produkte\",\"item\":\"https:\\\/\\\/www.q-bo.net\\\/de\\\/laden\\\/\"},{\"@type\":\"ListItem\",\"position\":3,\"name\":\"Iglu 4 Deluxe Zelt\"}]},{\"@type\":\"WebSite\",\"@id\":\"https:\\\/\\\/www.q-bo.net\\\/de\\\/#website\",\"url\":\"https:\\\/\\\/www.q-bo.net\\\/de\\\/\",\"name\":\"Q.bo\",\"description\":\"Camping \\\/ Garten \\\/ Strand \\\/ Freizeit\",\"publisher\":{\"@id\":\"https:\\\/\\\/www.q-bo.net\\\/de\\\/#organization\"},\"potentialAction\":[{\"@type\":\"SearchAction\",\"target\":{\"@type\":\"EntryPoint\",\"urlTemplate\":\"https:\\\/\\\/www.q-bo.net\\\/de\\\/?s={search_term_string}\"},\"query-input\":{\"@type\":\"PropertyValueSpecification\",\"valueRequired\":true,\"valueName\":\"search_term_string\"}}],\"inLanguage\":\"de-DE\"},{\"@type\":\"Organization\",\"@id\":\"https:\\\/\\\/www.q-bo.net\\\/de\\\/#organization\",\"name\":\"Q.bo s.r.l.\",\"url\":\"https:\\\/\\\/www.q-bo.net\\\/de\\\/\",\"logo\":{\"@type\":\"ImageObject\",\"inLanguage\":\"de-DE\",\"@id\":\"https:\\\/\\\/www.q-bo.net\\\/de\\\/#\\\/schema\\\/logo\\\/image\\\/\",\"url\":\"https:\\\/\\\/www.q-bo.net\\\/site\\\/wp-content\\\/uploads\\\/2022\\\/01\\\/logo-qbo.png\",\"contentUrl\":\"https:\\\/\\\/www.q-bo.net\\\/site\\\/wp-content\\\/uploads\\\/2022\\\/01\\\/logo-qbo.png\",\"width\":463,\"height\":108,\"caption\":\"Q.bo s.r.l.\"},\"image\":{\"@id\":\"https:\\\/\\\/www.q-bo.net\\\/de\\\/#\\\/schema\\\/logo\\\/image\\\/\"},\"sameAs\":[\"https:\\\/\\\/x.com\\\/qbo_srl\"]}]}<\/script>\n<!-- \/ Yoast SEO Premium plugin. -->","yoast_head_json":{"title":"Iglu 4 Deluxe Zelt - Q.bo","robots":{"index":"index","follow":"follow","max-snippet":"max-snippet:-1","max-image-preview":"max-image-preview:large","max-video-preview":"max-video-preview:-1"},"canonical":"https:\/\/www.q-bo.net\/de\/produkt\/iglu-4-deluxe-zelt-25007\/","og_locale":"de_DE","og_type":"article","og_title":"Iglu 4 Deluxe Zelt","og_description":"Campingzelt f\u00fcr 4 Personen. Dach 190T Polyester beschichtet mit w\u00e4rmeisolierendem aluminisiertem Polyurethan (PU), 2000 mm Wassers\u00e4ule, zus\u00e4tzlichen","og_url":"https:\/\/www.q-bo.net\/de\/produkt\/iglu-4-deluxe-zelt-25007\/","og_site_name":"Q.bo","article_modified_time":"2026-04-09T07:55:07+00:00","og_image":[{"width":1440,"height":1440,"url":"https:\/\/www.q-bo.net\/site\/wp-content\/uploads\/2026\/04\/25007.jpg","type":"image\/jpeg"}],"twitter_card":"summary_large_image","twitter_site":"@qbo_srl","schema":{"@context":"https:\/\/schema.org","@graph":[{"@type":"WebPage","@id":"https:\/\/www.q-bo.net\/de\/produkt\/iglu-4-deluxe-zelt-25007\/","url":"https:\/\/www.q-bo.net\/de\/produkt\/iglu-4-deluxe-zelt-25007\/","name":"Iglu 4 Deluxe Zelt - Q.bo","isPartOf":{"@id":"https:\/\/www.q-bo.net\/de\/#website"},"primaryImageOfPage":{"@id":"https:\/\/www.q-bo.net\/de\/produkt\/iglu-4-deluxe-zelt-25007\/#primaryimage"},"image":{"@id":"https:\/\/www.q-bo.net\/de\/produkt\/iglu-4-deluxe-zelt-25007\/#primaryimage"},"thumbnailUrl":"https:\/\/www.q-bo.net\/site\/wp-content\/uploads\/2026\/04\/25007.jpg","datePublished":"2026-04-08T22:00:00+00:00","dateModified":"2026-04-09T07:55:07+00:00","breadcrumb":{"@id":"https:\/\/www.q-bo.net\/de\/produkt\/iglu-4-deluxe-zelt-25007\/#breadcrumb"},"inLanguage":"de-DE","potentialAction":[{"@type":"ReadAction","target":["https:\/\/www.q-bo.net\/de\/produkt\/iglu-4-deluxe-zelt-25007\/"]}]},{"@type":"ImageObject","inLanguage":"de-DE","@id":"https:\/\/www.q-bo.net\/de\/produkt\/iglu-4-deluxe-zelt-25007\/#primaryimage","url":"https:\/\/www.q-bo.net\/site\/wp-content\/uploads\/2026\/04\/25007.jpg","contentUrl":"https:\/\/www.q-bo.net\/site\/wp-content\/uploads\/2026\/04\/25007.jpg","width":1440,"height":1440},{"@type":"BreadcrumbList","@id":"https:\/\/www.q-bo.net\/de\/produkt\/iglu-4-deluxe-zelt-25007\/#breadcrumb","itemListElement":[{"@type":"ListItem","position":1,"name":"Home","item":"https:\/\/www.q-bo.net\/de\/"},{"@type":"ListItem","position":2,"name":"Produkte","item":"https:\/\/www.q-bo.net\/de\/laden\/"},{"@type":"ListItem","position":3,"name":"Iglu 4 Deluxe Zelt"}]},{"@type":"WebSite","@id":"https:\/\/www.q-bo.net\/de\/#website","url":"https:\/\/www.q-bo.net\/de\/","name":"Q.bo","description":"Camping \/ Garten \/ Strand \/ Freizeit","publisher":{"@id":"https:\/\/www.q-bo.net\/de\/#organization"},"potentialAction":[{"@type":"SearchAction","target":{"@type":"EntryPoint","urlTemplate":"https:\/\/www.q-bo.net\/de\/?s={search_term_string}"},"query-input":{"@type":"PropertyValueSpecification","valueRequired":true,"valueName":"search_term_string"}}],"inLanguage":"de-DE"},{"@type":"Organization","@id":"https:\/\/www.q-bo.net\/de\/#organization","name":"Q.bo s.r.l.","url":"https:\/\/www.q-bo.net\/de\/","logo":{"@type":"ImageObject","inLanguage":"de-DE","@id":"https:\/\/www.q-bo.net\/de\/#\/schema\/logo\/image\/","url":"https:\/\/www.q-bo.net\/site\/wp-content\/uploads\/2022\/01\/logo-qbo.png","contentUrl":"https:\/\/www.q-bo.net\/site\/wp-content\/uploads\/2022\/01\/logo-qbo.png","width":463,"height":108,"caption":"Q.bo s.r.l."},"image":{"@id":"https:\/\/www.q-bo.net\/de\/#\/schema\/logo\/image\/"},"sameAs":["https:\/\/x.com\/qbo_srl"]}]}},"jetpack_publicize_connections":[],"jetpack_sharing_enabled":true,"_links":{"self":[{"href":"https:\/\/www.q-bo.net\/de\/wp-json\/wp\/v2\/product\/948421","targetHints":{"allow":["GET"]}}],"collection":[{"href":"https:\/\/www.q-bo.net\/de\/wp-json\/wp\/v2\/product"}],"about":[{"href":"https:\/\/www.q-bo.net\/de\/wp-json\/wp\/v2\/types\/product"}],"replies":[{"embeddable":true,"href":"https:\/\/www.q-bo.net\/de\/wp-json\/wp\/v2\/comments?post=948421"}],"wp:featuredmedia":[{"embeddable":true,"href":"https:\/\/www.q-bo.net\/de\/wp-json\/wp\/v2\/media\/1114634"}],"wp:attachment":[{"href":"https:\/\/www.q-bo.net\/de\/wp-json\/wp\/v2\/media?parent=948421"}],"wp:term":[{"taxonomy":"product_brand","embeddable":true,"href":"https:\/\/www.q-bo.net\/de\/wp-json\/wp\/v2\/product_brand?post=948421"},{"taxonomy":"product_cat","embeddable":true,"href":"https:\/\/www.q-bo.net\/de\/wp-json\/wp\/v2\/product_cat?post=948421"},{"taxonomy":"product_tag","embeddable":true,"href":"https:\/\/www.q-bo.net\/de\/wp-json\/wp\/v2\/product_tag?post=948421"}],"curies":[{"name":"wp","href":"https:\/\/api.w.org\/{rel}","templated":true}]}}