
{"id":987445,"date":"2023-05-03T00:00:00","date_gmt":"2023-05-02T22:00:00","guid":{"rendered":"https:\/\/www.q-bo.net\/prodotto\/naehte-impraegnieren\/"},"modified":"2026-03-27T16:29:03","modified_gmt":"2026-03-27T15:29:03","slug":"nhte-imprgnieren-11920","status":"publish","type":"product","link":"https:\/\/www.q-bo.net\/de\/produkt\/nhte-imprgnieren-11920\/","title":{"rendered":"N&#xE4;hte Impr&#xE4;gnieren"},"content":{"rendered":"<p>Impr\u00e4gniermittel auf Wasserbasis f\u00fcr N\u00e4hte. Einfach aufzutragen, dringt ein und bedeckt N\u00e4hte gleichm\u00e4\u00dfig. Geeignet f\u00fcr Campingzelte, Rucks\u00e4cke, Taschen, Trekkingschuhe, Regenjacken. 2 fl.oz (59 ml) Flasche.<\/p>\n<p>ANWEISUNGEN<br \/>\nReinigen Sie die Oberfl\u00e4che sorgf\u00e4ltig, um Schmutz- und\/oder Fettr\u00fcckst\u00e4nde zu entfernen, und lassen Sie sie dann trocknen. Tragen Sie das Produkt von der Stoffinnenseite auf die Naht auf. Streichen Sie mit dem Applikator langsam \u00fcber die N\u00e4hte, w\u00e4hrend Sie einen gleichm\u00e4\u00dfigen Druck aus\u00fcben. Verteilen Sie die Fl\u00fcssigkeit \u00fcber alle L\u00f6cher in der Naht und in die N\u00e4hte des Stoffes. Trocknen lassen und bei Bedarf eine zweite Schicht auftragen. Warten Sie 24 Stunden, bevor Sie es verwenden.<\/p>\n<p>DIESES PRODUKT IST NICHT ENTZ\u00dcNDLICH.<br \/>\nENTH\u00c4LT KEIN TOLUOL.<br \/>\nAN EINEM SICHEREN ORT AUSSERHALB DER REICHWEITE VON KINDERN AUFBEWAHREN.<\/p>\n","protected":false},"excerpt":{"rendered":"<p>Impr\u00e4gniermittel auf Wasserbasis f\u00fcr N\u00e4hte. Einfach aufzutragen, dringt ein und bedeckt N\u00e4hte gleichm\u00e4\u00dfig. Geeignet f\u00fcr Campingzelte, Rucks\u00e4cke, Taschen, Trekkingschuhe, Regenjacken. 2 fl.oz (59 ml) Flasche. ANWEISUNGEN Reinigen Sie die Oberfl\u00e4che sorgf\u00e4ltig, um Schmutz- und\/oder Fettr\u00fcckst\u00e4nde zu entfernen, und lassen Sie sie dann trocknen. Tragen Sie das Produkt von der Stoffinnenseite auf die Naht auf. Streichen [&hellip;]<\/p>\n","protected":false},"featured_media":1092114,"comment_status":"open","ping_status":"open","template":"","meta":{"jetpack_post_was_ever_published":false,"jetpack_publicize_message":"","jetpack_publicize_feature_enabled":true,"jetpack_social_post_already_shared":false,"jetpack_social_options":{"image_generator_settings":{"template":"highway","default_image_id":0,"font":"","enabled":false},"version":2}},"product_brand":[],"product_cat":[592,3673,3675],"product_tag":[],"class_list":{"0":"post-987445","1":"product","2":"type-product","3":"status-publish","4":"has-post-thumbnail","6":"product_cat-camping-de","7":"product_cat-campingzubehor","8":"product_cat-zelte-campingzubehor","9":"product_shipping_class-cartone","11":"first","12":"instock","13":"taxable","14":"shipping-taxable","15":"purchasable","16":"product-type-simple"},"yoast_head":"<!-- This site is optimized with the Yoast SEO Premium plugin v27.5 (Yoast SEO v27.5) - https:\/\/yoast.com\/product\/yoast-seo-premium-wordpress\/ -->\n<title>N&#xE4;hte Impr&#xE4;gnieren - Q.bo<\/title>\n<meta name=\"robots\" content=\"index, follow, max-snippet:-1, max-image-preview:large, max-video-preview:-1\" \/>\n<link rel=\"canonical\" href=\"https:\/\/www.q-bo.net\/de\/produkt\/nhte-imprgnieren-11920\/\" \/>\n<meta property=\"og:locale\" content=\"de_DE\" \/>\n<meta property=\"og:type\" content=\"article\" \/>\n<meta property=\"og:title\" content=\"N&#xE4;hte Impr&#xE4;gnieren\" \/>\n<meta property=\"og:description\" content=\"Impr\u00e4gniermittel auf Wasserbasis f\u00fcr N\u00e4hte. Einfach aufzutragen, dringt ein und bedeckt N\u00e4hte gleichm\u00e4\u00dfig. Geeignet f\u00fcr Campingzelte, Rucks\u00e4cke, Taschen,\" \/>\n<meta property=\"og:url\" content=\"https:\/\/www.q-bo.net\/de\/produkt\/nhte-imprgnieren-11920\/\" \/>\n<meta property=\"og:site_name\" content=\"Q.bo\" \/>\n<meta property=\"article:modified_time\" content=\"2026-03-27T15:29:03+00:00\" \/>\n<meta property=\"og:image\" content=\"https:\/\/www.q-bo.net\/site\/wp-content\/uploads\/2024\/08\/11920.jpg\" \/>\n\t<meta property=\"og:image:width\" content=\"1440\" \/>\n\t<meta property=\"og:image:height\" content=\"1440\" \/>\n\t<meta property=\"og:image:type\" content=\"image\/jpeg\" \/>\n<meta name=\"twitter:card\" content=\"summary_large_image\" \/>\n<meta name=\"twitter:site\" content=\"@qbo_srl\" \/>\n<meta name=\"twitter:label1\" content=\"Est. reading time\" \/>\n\t<meta name=\"twitter:data1\" content=\"1 minute\" \/>\n<script type=\"application\/ld+json\" class=\"yoast-schema-graph\">{\"@context\":\"https:\\\/\\\/schema.org\",\"@graph\":[{\"@type\":\"WebPage\",\"@id\":\"https:\\\/\\\/www.q-bo.net\\\/de\\\/produkt\\\/nhte-imprgnieren-11920\\\/\",\"url\":\"https:\\\/\\\/www.q-bo.net\\\/de\\\/produkt\\\/nhte-imprgnieren-11920\\\/\",\"name\":\"N&#xE4;hte Impr&#xE4;gnieren - Q.bo\",\"isPartOf\":{\"@id\":\"https:\\\/\\\/www.q-bo.net\\\/de\\\/#website\"},\"primaryImageOfPage\":{\"@id\":\"https:\\\/\\\/www.q-bo.net\\\/de\\\/produkt\\\/nhte-imprgnieren-11920\\\/#primaryimage\"},\"image\":{\"@id\":\"https:\\\/\\\/www.q-bo.net\\\/de\\\/produkt\\\/nhte-imprgnieren-11920\\\/#primaryimage\"},\"thumbnailUrl\":\"https:\\\/\\\/www.q-bo.net\\\/site\\\/wp-content\\\/uploads\\\/2024\\\/08\\\/11920.jpg\",\"datePublished\":\"2023-05-02T22:00:00+00:00\",\"dateModified\":\"2026-03-27T15:29:03+00:00\",\"breadcrumb\":{\"@id\":\"https:\\\/\\\/www.q-bo.net\\\/de\\\/produkt\\\/nhte-imprgnieren-11920\\\/#breadcrumb\"},\"inLanguage\":\"de-DE\",\"potentialAction\":[{\"@type\":\"ReadAction\",\"target\":[\"https:\\\/\\\/www.q-bo.net\\\/de\\\/produkt\\\/nhte-imprgnieren-11920\\\/\"]}]},{\"@type\":\"ImageObject\",\"inLanguage\":\"de-DE\",\"@id\":\"https:\\\/\\\/www.q-bo.net\\\/de\\\/produkt\\\/nhte-imprgnieren-11920\\\/#primaryimage\",\"url\":\"https:\\\/\\\/www.q-bo.net\\\/site\\\/wp-content\\\/uploads\\\/2024\\\/08\\\/11920.jpg\",\"contentUrl\":\"https:\\\/\\\/www.q-bo.net\\\/site\\\/wp-content\\\/uploads\\\/2024\\\/08\\\/11920.jpg\",\"width\":1440,\"height\":1440},{\"@type\":\"BreadcrumbList\",\"@id\":\"https:\\\/\\\/www.q-bo.net\\\/de\\\/produkt\\\/nhte-imprgnieren-11920\\\/#breadcrumb\",\"itemListElement\":[{\"@type\":\"ListItem\",\"position\":1,\"name\":\"Home\",\"item\":\"https:\\\/\\\/www.q-bo.net\\\/de\\\/\"},{\"@type\":\"ListItem\",\"position\":2,\"name\":\"Produkte\",\"item\":\"https:\\\/\\\/www.q-bo.net\\\/de\\\/laden\\\/\"},{\"@type\":\"ListItem\",\"position\":3,\"name\":\"N&#xE4;hte Impr&#xE4;gnieren\"}]},{\"@type\":\"WebSite\",\"@id\":\"https:\\\/\\\/www.q-bo.net\\\/de\\\/#website\",\"url\":\"https:\\\/\\\/www.q-bo.net\\\/de\\\/\",\"name\":\"Q.bo\",\"description\":\"Camping \\\/ Garten \\\/ Strand \\\/ Freizeit\",\"publisher\":{\"@id\":\"https:\\\/\\\/www.q-bo.net\\\/de\\\/#organization\"},\"potentialAction\":[{\"@type\":\"SearchAction\",\"target\":{\"@type\":\"EntryPoint\",\"urlTemplate\":\"https:\\\/\\\/www.q-bo.net\\\/de\\\/?s={search_term_string}\"},\"query-input\":{\"@type\":\"PropertyValueSpecification\",\"valueRequired\":true,\"valueName\":\"search_term_string\"}}],\"inLanguage\":\"de-DE\"},{\"@type\":\"Organization\",\"@id\":\"https:\\\/\\\/www.q-bo.net\\\/de\\\/#organization\",\"name\":\"Q.bo s.r.l.\",\"url\":\"https:\\\/\\\/www.q-bo.net\\\/de\\\/\",\"logo\":{\"@type\":\"ImageObject\",\"inLanguage\":\"de-DE\",\"@id\":\"https:\\\/\\\/www.q-bo.net\\\/de\\\/#\\\/schema\\\/logo\\\/image\\\/\",\"url\":\"https:\\\/\\\/www.q-bo.net\\\/site\\\/wp-content\\\/uploads\\\/2022\\\/01\\\/logo-qbo.png\",\"contentUrl\":\"https:\\\/\\\/www.q-bo.net\\\/site\\\/wp-content\\\/uploads\\\/2022\\\/01\\\/logo-qbo.png\",\"width\":463,\"height\":108,\"caption\":\"Q.bo s.r.l.\"},\"image\":{\"@id\":\"https:\\\/\\\/www.q-bo.net\\\/de\\\/#\\\/schema\\\/logo\\\/image\\\/\"},\"sameAs\":[\"https:\\\/\\\/x.com\\\/qbo_srl\"]}]}<\/script>\n<!-- \/ Yoast SEO Premium plugin. -->","yoast_head_json":{"title":"N&#xE4;hte Impr&#xE4;gnieren - Q.bo","robots":{"index":"index","follow":"follow","max-snippet":"max-snippet:-1","max-image-preview":"max-image-preview:large","max-video-preview":"max-video-preview:-1"},"canonical":"https:\/\/www.q-bo.net\/de\/produkt\/nhte-imprgnieren-11920\/","og_locale":"de_DE","og_type":"article","og_title":"N&#xE4;hte Impr&#xE4;gnieren","og_description":"Impr\u00e4gniermittel auf Wasserbasis f\u00fcr N\u00e4hte. Einfach aufzutragen, dringt ein und bedeckt N\u00e4hte gleichm\u00e4\u00dfig. Geeignet f\u00fcr Campingzelte, Rucks\u00e4cke, Taschen,","og_url":"https:\/\/www.q-bo.net\/de\/produkt\/nhte-imprgnieren-11920\/","og_site_name":"Q.bo","article_modified_time":"2026-03-27T15:29:03+00:00","og_image":[{"width":1440,"height":1440,"url":"https:\/\/www.q-bo.net\/site\/wp-content\/uploads\/2024\/08\/11920.jpg","type":"image\/jpeg"}],"twitter_card":"summary_large_image","twitter_site":"@qbo_srl","twitter_misc":{"Est. reading time":"1 minute"},"schema":{"@context":"https:\/\/schema.org","@graph":[{"@type":"WebPage","@id":"https:\/\/www.q-bo.net\/de\/produkt\/nhte-imprgnieren-11920\/","url":"https:\/\/www.q-bo.net\/de\/produkt\/nhte-imprgnieren-11920\/","name":"N&#xE4;hte Impr&#xE4;gnieren - Q.bo","isPartOf":{"@id":"https:\/\/www.q-bo.net\/de\/#website"},"primaryImageOfPage":{"@id":"https:\/\/www.q-bo.net\/de\/produkt\/nhte-imprgnieren-11920\/#primaryimage"},"image":{"@id":"https:\/\/www.q-bo.net\/de\/produkt\/nhte-imprgnieren-11920\/#primaryimage"},"thumbnailUrl":"https:\/\/www.q-bo.net\/site\/wp-content\/uploads\/2024\/08\/11920.jpg","datePublished":"2023-05-02T22:00:00+00:00","dateModified":"2026-03-27T15:29:03+00:00","breadcrumb":{"@id":"https:\/\/www.q-bo.net\/de\/produkt\/nhte-imprgnieren-11920\/#breadcrumb"},"inLanguage":"de-DE","potentialAction":[{"@type":"ReadAction","target":["https:\/\/www.q-bo.net\/de\/produkt\/nhte-imprgnieren-11920\/"]}]},{"@type":"ImageObject","inLanguage":"de-DE","@id":"https:\/\/www.q-bo.net\/de\/produkt\/nhte-imprgnieren-11920\/#primaryimage","url":"https:\/\/www.q-bo.net\/site\/wp-content\/uploads\/2024\/08\/11920.jpg","contentUrl":"https:\/\/www.q-bo.net\/site\/wp-content\/uploads\/2024\/08\/11920.jpg","width":1440,"height":1440},{"@type":"BreadcrumbList","@id":"https:\/\/www.q-bo.net\/de\/produkt\/nhte-imprgnieren-11920\/#breadcrumb","itemListElement":[{"@type":"ListItem","position":1,"name":"Home","item":"https:\/\/www.q-bo.net\/de\/"},{"@type":"ListItem","position":2,"name":"Produkte","item":"https:\/\/www.q-bo.net\/de\/laden\/"},{"@type":"ListItem","position":3,"name":"N&#xE4;hte Impr&#xE4;gnieren"}]},{"@type":"WebSite","@id":"https:\/\/www.q-bo.net\/de\/#website","url":"https:\/\/www.q-bo.net\/de\/","name":"Q.bo","description":"Camping \/ Garten \/ Strand \/ Freizeit","publisher":{"@id":"https:\/\/www.q-bo.net\/de\/#organization"},"potentialAction":[{"@type":"SearchAction","target":{"@type":"EntryPoint","urlTemplate":"https:\/\/www.q-bo.net\/de\/?s={search_term_string}"},"query-input":{"@type":"PropertyValueSpecification","valueRequired":true,"valueName":"search_term_string"}}],"inLanguage":"de-DE"},{"@type":"Organization","@id":"https:\/\/www.q-bo.net\/de\/#organization","name":"Q.bo s.r.l.","url":"https:\/\/www.q-bo.net\/de\/","logo":{"@type":"ImageObject","inLanguage":"de-DE","@id":"https:\/\/www.q-bo.net\/de\/#\/schema\/logo\/image\/","url":"https:\/\/www.q-bo.net\/site\/wp-content\/uploads\/2022\/01\/logo-qbo.png","contentUrl":"https:\/\/www.q-bo.net\/site\/wp-content\/uploads\/2022\/01\/logo-qbo.png","width":463,"height":108,"caption":"Q.bo s.r.l."},"image":{"@id":"https:\/\/www.q-bo.net\/de\/#\/schema\/logo\/image\/"},"sameAs":["https:\/\/x.com\/qbo_srl"]}]}},"jetpack_publicize_connections":[],"jetpack_sharing_enabled":true,"_links":{"self":[{"href":"https:\/\/www.q-bo.net\/de\/wp-json\/wp\/v2\/product\/987445","targetHints":{"allow":["GET"]}}],"collection":[{"href":"https:\/\/www.q-bo.net\/de\/wp-json\/wp\/v2\/product"}],"about":[{"href":"https:\/\/www.q-bo.net\/de\/wp-json\/wp\/v2\/types\/product"}],"replies":[{"embeddable":true,"href":"https:\/\/www.q-bo.net\/de\/wp-json\/wp\/v2\/comments?post=987445"}],"wp:featuredmedia":[{"embeddable":true,"href":"https:\/\/www.q-bo.net\/de\/wp-json\/wp\/v2\/media\/1092114"}],"wp:attachment":[{"href":"https:\/\/www.q-bo.net\/de\/wp-json\/wp\/v2\/media?parent=987445"}],"wp:term":[{"taxonomy":"product_brand","embeddable":true,"href":"https:\/\/www.q-bo.net\/de\/wp-json\/wp\/v2\/product_brand?post=987445"},{"taxonomy":"product_cat","embeddable":true,"href":"https:\/\/www.q-bo.net\/de\/wp-json\/wp\/v2\/product_cat?post=987445"},{"taxonomy":"product_tag","embeddable":true,"href":"https:\/\/www.q-bo.net\/de\/wp-json\/wp\/v2\/product_tag?post=987445"}],"curies":[{"name":"wp","href":"https:\/\/api.w.org\/{rel}","templated":true}]}}