
{"id":26638,"date":"2026-03-20T00:00:00","date_gmt":"2026-03-19T23:00:00","guid":{"rendered":"https:\/\/www.q-bo.net\/prodotto\/round-61-barbecue-02063-2\/"},"modified":"2026-04-10T15:24:07","modified_gmt":"2026-04-10T13:24:07","slug":"round-61-barbecue-02063","status":"publish","type":"product","link":"https:\/\/www.q-bo.net\/en\/product\/round-61-barbecue-02063\/","title":{"rendered":"Round 61 Barbecue"},"content":{"rendered":"<p>Charcoal barbecue with wheels, thermometer, oil collector and lower shelf. Steel structure, bowl and oven with porcelain enamel finish, chromed steel cooking grill, galvanized charcoal grill, lid handle in bakelite, grill handle in steel, overall dimensions \u00d8 cm 61 X 58 X h 86, bowl \u00d8 cm 56.5 X 0.6 , cooking grill \u00d8 cm 54 X mm 3.2 X 2.8 (height from the ground 70 cm), charcoal grill \u00d8 48 cm X mm 3.2 X 2.8<\/p>\n","protected":false},"excerpt":{"rendered":"<p>Charcoal barbecue with wheels, thermometer, oil collector and lower shelf. Steel structure, bowl and oven with porcelain enamel finish, chromed steel cooking grill, galvanized charcoal grill, lid handle in bakelite, grill handle in steel, overall dimensions \u00d8 cm 61 X 58 X h 86, bowl \u00d8 cm 56.5 X 0.6 , cooking grill \u00d8 cm [&hellip;]<\/p>\n","protected":false},"featured_media":1113966,"comment_status":"open","ping_status":"open","template":"","meta":{"jetpack_post_was_ever_published":false,"jetpack_publicize_message":"","jetpack_publicize_feature_enabled":true,"jetpack_social_post_already_shared":false,"jetpack_social_options":{"image_generator_settings":{"template":"highway","default_image_id":0,"font":"","enabled":false},"version":2}},"product_brand":[],"product_cat":[277,3374],"product_tag":[],"class_list":{"0":"post-26638","1":"product","2":"type-product","3":"status-publish","4":"has-post-thumbnail","6":"product_cat-bbq","7":"product_cat-charcoal-barbecues","8":"product_shipping_class-spedizione-gratuita","9":"pa_colori-black","11":"first","12":"instock","13":"taxable","14":"shipping-taxable","15":"purchasable","16":"product-type-simple"},"yoast_head":"<!-- This site is optimized with the Yoast SEO Premium plugin v27.5 (Yoast SEO v27.5) - https:\/\/yoast.com\/product\/yoast-seo-premium-wordpress\/ -->\n<title>Round 61 Barbecue - Q.bo<\/title>\n<meta name=\"robots\" content=\"index, follow, max-snippet:-1, max-image-preview:large, max-video-preview:-1\" \/>\n<link rel=\"canonical\" href=\"https:\/\/www.q-bo.net\/en\/product\/round-61-barbecue-02063\/\" \/>\n<meta property=\"og:locale\" content=\"en_US\" \/>\n<meta property=\"og:type\" content=\"article\" \/>\n<meta property=\"og:title\" content=\"Round 61 Barbecue\" \/>\n<meta property=\"og:description\" content=\"Charcoal barbecue with wheels, thermometer, oil collector and lower shelf. Steel structure, bowl and oven with porcelain enamel finish, chromed steel\" \/>\n<meta property=\"og:url\" content=\"https:\/\/www.q-bo.net\/en\/product\/round-61-barbecue-02063\/\" \/>\n<meta property=\"og:site_name\" content=\"Q.bo\" \/>\n<meta property=\"article:modified_time\" content=\"2026-04-10T13:24:07+00:00\" \/>\n<meta property=\"og:image\" content=\"https:\/\/www.q-bo.net\/site\/wp-content\/uploads\/2026\/03\/02063.jpg\" \/>\n\t<meta property=\"og:image:width\" content=\"1440\" \/>\n\t<meta property=\"og:image:height\" content=\"1440\" \/>\n\t<meta property=\"og:image:type\" content=\"image\/jpeg\" \/>\n<meta name=\"twitter:card\" content=\"summary_large_image\" \/>\n<meta name=\"twitter:site\" content=\"@qbo_srl\" \/>\n<script type=\"application\/ld+json\" class=\"yoast-schema-graph\">{\"@context\":\"https:\\\/\\\/schema.org\",\"@graph\":[{\"@type\":\"WebPage\",\"@id\":\"https:\\\/\\\/www.q-bo.net\\\/en\\\/product\\\/round-61-barbecue-02063\\\/\",\"url\":\"https:\\\/\\\/www.q-bo.net\\\/en\\\/product\\\/round-61-barbecue-02063\\\/\",\"name\":\"Round 61 Barbecue - Q.bo\",\"isPartOf\":{\"@id\":\"https:\\\/\\\/www.q-bo.net\\\/en\\\/#website\"},\"primaryImageOfPage\":{\"@id\":\"https:\\\/\\\/www.q-bo.net\\\/en\\\/product\\\/round-61-barbecue-02063\\\/#primaryimage\"},\"image\":{\"@id\":\"https:\\\/\\\/www.q-bo.net\\\/en\\\/product\\\/round-61-barbecue-02063\\\/#primaryimage\"},\"thumbnailUrl\":\"https:\\\/\\\/www.q-bo.net\\\/site\\\/wp-content\\\/uploads\\\/2026\\\/03\\\/02063.jpg\",\"datePublished\":\"2026-03-19T23:00:00+00:00\",\"dateModified\":\"2026-04-10T13:24:07+00:00\",\"breadcrumb\":{\"@id\":\"https:\\\/\\\/www.q-bo.net\\\/en\\\/product\\\/round-61-barbecue-02063\\\/#breadcrumb\"},\"inLanguage\":\"en-US\",\"potentialAction\":[{\"@type\":\"ReadAction\",\"target\":[\"https:\\\/\\\/www.q-bo.net\\\/en\\\/product\\\/round-61-barbecue-02063\\\/\"]}]},{\"@type\":\"ImageObject\",\"inLanguage\":\"en-US\",\"@id\":\"https:\\\/\\\/www.q-bo.net\\\/en\\\/product\\\/round-61-barbecue-02063\\\/#primaryimage\",\"url\":\"https:\\\/\\\/www.q-bo.net\\\/site\\\/wp-content\\\/uploads\\\/2026\\\/03\\\/02063.jpg\",\"contentUrl\":\"https:\\\/\\\/www.q-bo.net\\\/site\\\/wp-content\\\/uploads\\\/2026\\\/03\\\/02063.jpg\",\"width\":1440,\"height\":1440},{\"@type\":\"BreadcrumbList\",\"@id\":\"https:\\\/\\\/www.q-bo.net\\\/en\\\/product\\\/round-61-barbecue-02063\\\/#breadcrumb\",\"itemListElement\":[{\"@type\":\"ListItem\",\"position\":1,\"name\":\"Home\",\"item\":\"https:\\\/\\\/www.q-bo.net\\\/en\\\/\"},{\"@type\":\"ListItem\",\"position\":2,\"name\":\"Products\",\"item\":\"https:\\\/\\\/www.q-bo.net\\\/en\\\/shop\\\/\"},{\"@type\":\"ListItem\",\"position\":3,\"name\":\"Round 61 Barbecue\"}]},{\"@type\":\"WebSite\",\"@id\":\"https:\\\/\\\/www.q-bo.net\\\/en\\\/#website\",\"url\":\"https:\\\/\\\/www.q-bo.net\\\/en\\\/\",\"name\":\"Q.bo\",\"description\":\"Camping \\\/ Garden \\\/ Beach \\\/ Leisure\",\"publisher\":{\"@id\":\"https:\\\/\\\/www.q-bo.net\\\/en\\\/#organization\"},\"potentialAction\":[{\"@type\":\"SearchAction\",\"target\":{\"@type\":\"EntryPoint\",\"urlTemplate\":\"https:\\\/\\\/www.q-bo.net\\\/en\\\/?s={search_term_string}\"},\"query-input\":{\"@type\":\"PropertyValueSpecification\",\"valueRequired\":true,\"valueName\":\"search_term_string\"}}],\"inLanguage\":\"en-US\"},{\"@type\":\"Organization\",\"@id\":\"https:\\\/\\\/www.q-bo.net\\\/en\\\/#organization\",\"name\":\"Q.bo s.r.l.\",\"url\":\"https:\\\/\\\/www.q-bo.net\\\/en\\\/\",\"logo\":{\"@type\":\"ImageObject\",\"inLanguage\":\"en-US\",\"@id\":\"https:\\\/\\\/www.q-bo.net\\\/en\\\/#\\\/schema\\\/logo\\\/image\\\/\",\"url\":\"https:\\\/\\\/www.q-bo.net\\\/site\\\/wp-content\\\/uploads\\\/2022\\\/01\\\/logo-qbo.png\",\"contentUrl\":\"https:\\\/\\\/www.q-bo.net\\\/site\\\/wp-content\\\/uploads\\\/2022\\\/01\\\/logo-qbo.png\",\"width\":463,\"height\":108,\"caption\":\"Q.bo s.r.l.\"},\"image\":{\"@id\":\"https:\\\/\\\/www.q-bo.net\\\/en\\\/#\\\/schema\\\/logo\\\/image\\\/\"},\"sameAs\":[\"https:\\\/\\\/x.com\\\/qbo_srl\"]}]}<\/script>\n<!-- \/ Yoast SEO Premium plugin. -->","yoast_head_json":{"title":"Round 61 Barbecue - Q.bo","robots":{"index":"index","follow":"follow","max-snippet":"max-snippet:-1","max-image-preview":"max-image-preview:large","max-video-preview":"max-video-preview:-1"},"canonical":"https:\/\/www.q-bo.net\/en\/product\/round-61-barbecue-02063\/","og_locale":"en_US","og_type":"article","og_title":"Round 61 Barbecue","og_description":"Charcoal barbecue with wheels, thermometer, oil collector and lower shelf. Steel structure, bowl and oven with porcelain enamel finish, chromed steel","og_url":"https:\/\/www.q-bo.net\/en\/product\/round-61-barbecue-02063\/","og_site_name":"Q.bo","article_modified_time":"2026-04-10T13:24:07+00:00","og_image":[{"width":1440,"height":1440,"url":"https:\/\/www.q-bo.net\/site\/wp-content\/uploads\/2026\/03\/02063.jpg","type":"image\/jpeg"}],"twitter_card":"summary_large_image","twitter_site":"@qbo_srl","schema":{"@context":"https:\/\/schema.org","@graph":[{"@type":"WebPage","@id":"https:\/\/www.q-bo.net\/en\/product\/round-61-barbecue-02063\/","url":"https:\/\/www.q-bo.net\/en\/product\/round-61-barbecue-02063\/","name":"Round 61 Barbecue - Q.bo","isPartOf":{"@id":"https:\/\/www.q-bo.net\/en\/#website"},"primaryImageOfPage":{"@id":"https:\/\/www.q-bo.net\/en\/product\/round-61-barbecue-02063\/#primaryimage"},"image":{"@id":"https:\/\/www.q-bo.net\/en\/product\/round-61-barbecue-02063\/#primaryimage"},"thumbnailUrl":"https:\/\/www.q-bo.net\/site\/wp-content\/uploads\/2026\/03\/02063.jpg","datePublished":"2026-03-19T23:00:00+00:00","dateModified":"2026-04-10T13:24:07+00:00","breadcrumb":{"@id":"https:\/\/www.q-bo.net\/en\/product\/round-61-barbecue-02063\/#breadcrumb"},"inLanguage":"en-US","potentialAction":[{"@type":"ReadAction","target":["https:\/\/www.q-bo.net\/en\/product\/round-61-barbecue-02063\/"]}]},{"@type":"ImageObject","inLanguage":"en-US","@id":"https:\/\/www.q-bo.net\/en\/product\/round-61-barbecue-02063\/#primaryimage","url":"https:\/\/www.q-bo.net\/site\/wp-content\/uploads\/2026\/03\/02063.jpg","contentUrl":"https:\/\/www.q-bo.net\/site\/wp-content\/uploads\/2026\/03\/02063.jpg","width":1440,"height":1440},{"@type":"BreadcrumbList","@id":"https:\/\/www.q-bo.net\/en\/product\/round-61-barbecue-02063\/#breadcrumb","itemListElement":[{"@type":"ListItem","position":1,"name":"Home","item":"https:\/\/www.q-bo.net\/en\/"},{"@type":"ListItem","position":2,"name":"Products","item":"https:\/\/www.q-bo.net\/en\/shop\/"},{"@type":"ListItem","position":3,"name":"Round 61 Barbecue"}]},{"@type":"WebSite","@id":"https:\/\/www.q-bo.net\/en\/#website","url":"https:\/\/www.q-bo.net\/en\/","name":"Q.bo","description":"Camping \/ Garden \/ Beach \/ Leisure","publisher":{"@id":"https:\/\/www.q-bo.net\/en\/#organization"},"potentialAction":[{"@type":"SearchAction","target":{"@type":"EntryPoint","urlTemplate":"https:\/\/www.q-bo.net\/en\/?s={search_term_string}"},"query-input":{"@type":"PropertyValueSpecification","valueRequired":true,"valueName":"search_term_string"}}],"inLanguage":"en-US"},{"@type":"Organization","@id":"https:\/\/www.q-bo.net\/en\/#organization","name":"Q.bo s.r.l.","url":"https:\/\/www.q-bo.net\/en\/","logo":{"@type":"ImageObject","inLanguage":"en-US","@id":"https:\/\/www.q-bo.net\/en\/#\/schema\/logo\/image\/","url":"https:\/\/www.q-bo.net\/site\/wp-content\/uploads\/2022\/01\/logo-qbo.png","contentUrl":"https:\/\/www.q-bo.net\/site\/wp-content\/uploads\/2022\/01\/logo-qbo.png","width":463,"height":108,"caption":"Q.bo s.r.l."},"image":{"@id":"https:\/\/www.q-bo.net\/en\/#\/schema\/logo\/image\/"},"sameAs":["https:\/\/x.com\/qbo_srl"]}]}},"jetpack_publicize_connections":[],"jetpack_sharing_enabled":true,"_links":{"self":[{"href":"https:\/\/www.q-bo.net\/en\/wp-json\/wp\/v2\/product\/26638","targetHints":{"allow":["GET"]}}],"collection":[{"href":"https:\/\/www.q-bo.net\/en\/wp-json\/wp\/v2\/product"}],"about":[{"href":"https:\/\/www.q-bo.net\/en\/wp-json\/wp\/v2\/types\/product"}],"replies":[{"embeddable":true,"href":"https:\/\/www.q-bo.net\/en\/wp-json\/wp\/v2\/comments?post=26638"}],"wp:featuredmedia":[{"embeddable":true,"href":"https:\/\/www.q-bo.net\/en\/wp-json\/wp\/v2\/media\/1113966"}],"wp:attachment":[{"href":"https:\/\/www.q-bo.net\/en\/wp-json\/wp\/v2\/media?parent=26638"}],"wp:term":[{"taxonomy":"product_brand","embeddable":true,"href":"https:\/\/www.q-bo.net\/en\/wp-json\/wp\/v2\/product_brand?post=26638"},{"taxonomy":"product_cat","embeddable":true,"href":"https:\/\/www.q-bo.net\/en\/wp-json\/wp\/v2\/product_cat?post=26638"},{"taxonomy":"product_tag","embeddable":true,"href":"https:\/\/www.q-bo.net\/en\/wp-json\/wp\/v2\/product_tag?post=26638"}],"curies":[{"name":"wp","href":"https:\/\/api.w.org\/{rel}","templated":true}]}}