
{"id":810239,"date":"2025-12-11T00:00:00","date_gmt":"2025-12-10T23:00:00","guid":{"rendered":"https:\/\/www.q-bo.net\/prodotto\/star-220-beach-umbrella-04075\/"},"modified":"2026-03-27T15:32:33","modified_gmt":"2026-03-27T14:32:33","slug":"star-220-beach-umbrella-04075","status":"publish","type":"product","link":"https:\/\/www.q-bo.net\/en\/product\/star-220-beach-umbrella-04075\/","title":{"rendered":"Star 220 Beach Umbrella"},"content":{"rendered":"<p>Beach umbrella \u00d8 cm 220 with tilt, upper ventilation and carrying bag, steel pole in white powder coating \u00d8 mm 32 with drill tip, 10 ribs in fiberglass \u00d8 mm 5.0, polyester fabric 300D 120 g\/m\u00b2 with inner silver coating (polyurethane and silver powder, UPF50+ sun protection) inside. Including bag with shoulder strap. Packed in Display Box.<\/p>\n","protected":false},"excerpt":{"rendered":"<p>Beach umbrella \u00d8 cm 220 with tilt, upper ventilation and carrying bag, steel pole in white powder coating \u00d8 mm 32 with drill tip, 10 ribs in fiberglass \u00d8 mm 5.0, polyester fabric 300D 120 g\/m\u00b2 with inner silver coating (polyurethane and silver powder, UPF50+ sun protection) inside. Including bag with shoulder strap. Packed in [&hellip;]<\/p>\n","protected":false},"featured_media":1109663,"comment_status":"open","ping_status":"open","template":"","meta":{"jetpack_post_was_ever_published":false,"jetpack_publicize_message":"","jetpack_publicize_feature_enabled":true,"jetpack_social_post_already_shared":false,"jetpack_social_options":{"image_generator_settings":{"template":"highway","default_image_id":0,"font":"","enabled":false},"version":2}},"product_brand":[],"product_cat":[377,3386],"product_tag":[],"class_list":{"0":"post-810239","1":"product","2":"type-product","3":"status-publish","4":"has-post-thumbnail","6":"product_cat-beach","7":"product_cat-beach-umbrellas-beach","8":"product_shipping_class-cartone","9":"pa_colori-blue-light-blue-yellow-orange-fuchsia","10":"pa_colori-yellow-green-light-blue-blue","12":"first","13":"instock","14":"taxable","15":"shipping-taxable","16":"purchasable","17":"product-type-variable","18":"has-default-attributes"},"yoast_head":"<!-- This site is optimized with the Yoast SEO Premium plugin v27.5 (Yoast SEO v27.5) - https:\/\/yoast.com\/product\/yoast-seo-premium-wordpress\/ -->\n<title>Star 220 Beach Umbrella - Q.bo<\/title>\n<meta name=\"robots\" content=\"index, follow, max-snippet:-1, max-image-preview:large, max-video-preview:-1\" \/>\n<link rel=\"canonical\" href=\"https:\/\/www.q-bo.net\/en\/product\/star-220-beach-umbrella-04075\/\" \/>\n<meta property=\"og:locale\" content=\"en_US\" \/>\n<meta property=\"og:type\" content=\"article\" \/>\n<meta property=\"og:title\" content=\"Star 220 Beach Umbrella\" \/>\n<meta property=\"og:description\" content=\"Beach umbrella \u00d8 cm 220 with tilt, upper ventilation and carrying bag, steel pole in white powder coating \u00d8 mm 32 with drill tip, 10 ribs in fiberglass \u00d8\" \/>\n<meta property=\"og:url\" content=\"https:\/\/www.q-bo.net\/en\/product\/star-220-beach-umbrella-04075\/\" \/>\n<meta property=\"og:site_name\" content=\"Q.bo\" \/>\n<meta property=\"article:modified_time\" content=\"2026-03-27T14:32:33+00:00\" \/>\n<meta property=\"og:image\" content=\"https:\/\/www.q-bo.net\/site\/wp-content\/uploads\/2026\/02\/04075.jpg\" \/>\n\t<meta property=\"og:image:width\" content=\"1440\" \/>\n\t<meta property=\"og:image:height\" content=\"1440\" \/>\n\t<meta property=\"og:image:type\" content=\"image\/jpeg\" \/>\n<meta name=\"twitter:card\" content=\"summary_large_image\" \/>\n<meta name=\"twitter:site\" content=\"@qbo_srl\" \/>\n<script type=\"application\/ld+json\" class=\"yoast-schema-graph\">{\"@context\":\"https:\\\/\\\/schema.org\",\"@graph\":[{\"@type\":\"WebPage\",\"@id\":\"https:\\\/\\\/www.q-bo.net\\\/en\\\/product\\\/star-220-beach-umbrella-04075\\\/\",\"url\":\"https:\\\/\\\/www.q-bo.net\\\/en\\\/product\\\/star-220-beach-umbrella-04075\\\/\",\"name\":\"Star 220 Beach Umbrella - Q.bo\",\"isPartOf\":{\"@id\":\"https:\\\/\\\/www.q-bo.net\\\/en\\\/#website\"},\"primaryImageOfPage\":{\"@id\":\"https:\\\/\\\/www.q-bo.net\\\/en\\\/product\\\/star-220-beach-umbrella-04075\\\/#primaryimage\"},\"image\":{\"@id\":\"https:\\\/\\\/www.q-bo.net\\\/en\\\/product\\\/star-220-beach-umbrella-04075\\\/#primaryimage\"},\"thumbnailUrl\":\"https:\\\/\\\/www.q-bo.net\\\/site\\\/wp-content\\\/uploads\\\/2026\\\/02\\\/04075.jpg\",\"datePublished\":\"2025-12-10T23:00:00+00:00\",\"dateModified\":\"2026-03-27T14:32:33+00:00\",\"breadcrumb\":{\"@id\":\"https:\\\/\\\/www.q-bo.net\\\/en\\\/product\\\/star-220-beach-umbrella-04075\\\/#breadcrumb\"},\"inLanguage\":\"en-US\",\"potentialAction\":[{\"@type\":\"ReadAction\",\"target\":[\"https:\\\/\\\/www.q-bo.net\\\/en\\\/product\\\/star-220-beach-umbrella-04075\\\/\"]}]},{\"@type\":\"ImageObject\",\"inLanguage\":\"en-US\",\"@id\":\"https:\\\/\\\/www.q-bo.net\\\/en\\\/product\\\/star-220-beach-umbrella-04075\\\/#primaryimage\",\"url\":\"https:\\\/\\\/www.q-bo.net\\\/site\\\/wp-content\\\/uploads\\\/2026\\\/02\\\/04075.jpg\",\"contentUrl\":\"https:\\\/\\\/www.q-bo.net\\\/site\\\/wp-content\\\/uploads\\\/2026\\\/02\\\/04075.jpg\",\"width\":1440,\"height\":1440},{\"@type\":\"BreadcrumbList\",\"@id\":\"https:\\\/\\\/www.q-bo.net\\\/en\\\/product\\\/star-220-beach-umbrella-04075\\\/#breadcrumb\",\"itemListElement\":[{\"@type\":\"ListItem\",\"position\":1,\"name\":\"Home\",\"item\":\"https:\\\/\\\/www.q-bo.net\\\/en\\\/\"},{\"@type\":\"ListItem\",\"position\":2,\"name\":\"Products\",\"item\":\"https:\\\/\\\/www.q-bo.net\\\/en\\\/shop\\\/\"},{\"@type\":\"ListItem\",\"position\":3,\"name\":\"Star 220 Beach Umbrella\"}]},{\"@type\":\"WebSite\",\"@id\":\"https:\\\/\\\/www.q-bo.net\\\/en\\\/#website\",\"url\":\"https:\\\/\\\/www.q-bo.net\\\/en\\\/\",\"name\":\"Q.bo\",\"description\":\"Camping \\\/ Garden \\\/ Beach \\\/ Leisure\",\"publisher\":{\"@id\":\"https:\\\/\\\/www.q-bo.net\\\/en\\\/#organization\"},\"potentialAction\":[{\"@type\":\"SearchAction\",\"target\":{\"@type\":\"EntryPoint\",\"urlTemplate\":\"https:\\\/\\\/www.q-bo.net\\\/en\\\/?s={search_term_string}\"},\"query-input\":{\"@type\":\"PropertyValueSpecification\",\"valueRequired\":true,\"valueName\":\"search_term_string\"}}],\"inLanguage\":\"en-US\"},{\"@type\":\"Organization\",\"@id\":\"https:\\\/\\\/www.q-bo.net\\\/en\\\/#organization\",\"name\":\"Q.bo s.r.l.\",\"url\":\"https:\\\/\\\/www.q-bo.net\\\/en\\\/\",\"logo\":{\"@type\":\"ImageObject\",\"inLanguage\":\"en-US\",\"@id\":\"https:\\\/\\\/www.q-bo.net\\\/en\\\/#\\\/schema\\\/logo\\\/image\\\/\",\"url\":\"https:\\\/\\\/www.q-bo.net\\\/site\\\/wp-content\\\/uploads\\\/2022\\\/01\\\/logo-qbo.png\",\"contentUrl\":\"https:\\\/\\\/www.q-bo.net\\\/site\\\/wp-content\\\/uploads\\\/2022\\\/01\\\/logo-qbo.png\",\"width\":463,\"height\":108,\"caption\":\"Q.bo s.r.l.\"},\"image\":{\"@id\":\"https:\\\/\\\/www.q-bo.net\\\/en\\\/#\\\/schema\\\/logo\\\/image\\\/\"},\"sameAs\":[\"https:\\\/\\\/x.com\\\/qbo_srl\"]}]}<\/script>\n<!-- \/ Yoast SEO Premium plugin. -->","yoast_head_json":{"title":"Star 220 Beach Umbrella - Q.bo","robots":{"index":"index","follow":"follow","max-snippet":"max-snippet:-1","max-image-preview":"max-image-preview:large","max-video-preview":"max-video-preview:-1"},"canonical":"https:\/\/www.q-bo.net\/en\/product\/star-220-beach-umbrella-04075\/","og_locale":"en_US","og_type":"article","og_title":"Star 220 Beach Umbrella","og_description":"Beach umbrella \u00d8 cm 220 with tilt, upper ventilation and carrying bag, steel pole in white powder coating \u00d8 mm 32 with drill tip, 10 ribs in fiberglass \u00d8","og_url":"https:\/\/www.q-bo.net\/en\/product\/star-220-beach-umbrella-04075\/","og_site_name":"Q.bo","article_modified_time":"2026-03-27T14:32:33+00:00","og_image":[{"width":1440,"height":1440,"url":"https:\/\/www.q-bo.net\/site\/wp-content\/uploads\/2026\/02\/04075.jpg","type":"image\/jpeg"}],"twitter_card":"summary_large_image","twitter_site":"@qbo_srl","schema":{"@context":"https:\/\/schema.org","@graph":[{"@type":"WebPage","@id":"https:\/\/www.q-bo.net\/en\/product\/star-220-beach-umbrella-04075\/","url":"https:\/\/www.q-bo.net\/en\/product\/star-220-beach-umbrella-04075\/","name":"Star 220 Beach Umbrella - Q.bo","isPartOf":{"@id":"https:\/\/www.q-bo.net\/en\/#website"},"primaryImageOfPage":{"@id":"https:\/\/www.q-bo.net\/en\/product\/star-220-beach-umbrella-04075\/#primaryimage"},"image":{"@id":"https:\/\/www.q-bo.net\/en\/product\/star-220-beach-umbrella-04075\/#primaryimage"},"thumbnailUrl":"https:\/\/www.q-bo.net\/site\/wp-content\/uploads\/2026\/02\/04075.jpg","datePublished":"2025-12-10T23:00:00+00:00","dateModified":"2026-03-27T14:32:33+00:00","breadcrumb":{"@id":"https:\/\/www.q-bo.net\/en\/product\/star-220-beach-umbrella-04075\/#breadcrumb"},"inLanguage":"en-US","potentialAction":[{"@type":"ReadAction","target":["https:\/\/www.q-bo.net\/en\/product\/star-220-beach-umbrella-04075\/"]}]},{"@type":"ImageObject","inLanguage":"en-US","@id":"https:\/\/www.q-bo.net\/en\/product\/star-220-beach-umbrella-04075\/#primaryimage","url":"https:\/\/www.q-bo.net\/site\/wp-content\/uploads\/2026\/02\/04075.jpg","contentUrl":"https:\/\/www.q-bo.net\/site\/wp-content\/uploads\/2026\/02\/04075.jpg","width":1440,"height":1440},{"@type":"BreadcrumbList","@id":"https:\/\/www.q-bo.net\/en\/product\/star-220-beach-umbrella-04075\/#breadcrumb","itemListElement":[{"@type":"ListItem","position":1,"name":"Home","item":"https:\/\/www.q-bo.net\/en\/"},{"@type":"ListItem","position":2,"name":"Products","item":"https:\/\/www.q-bo.net\/en\/shop\/"},{"@type":"ListItem","position":3,"name":"Star 220 Beach Umbrella"}]},{"@type":"WebSite","@id":"https:\/\/www.q-bo.net\/en\/#website","url":"https:\/\/www.q-bo.net\/en\/","name":"Q.bo","description":"Camping \/ Garden \/ Beach \/ Leisure","publisher":{"@id":"https:\/\/www.q-bo.net\/en\/#organization"},"potentialAction":[{"@type":"SearchAction","target":{"@type":"EntryPoint","urlTemplate":"https:\/\/www.q-bo.net\/en\/?s={search_term_string}"},"query-input":{"@type":"PropertyValueSpecification","valueRequired":true,"valueName":"search_term_string"}}],"inLanguage":"en-US"},{"@type":"Organization","@id":"https:\/\/www.q-bo.net\/en\/#organization","name":"Q.bo s.r.l.","url":"https:\/\/www.q-bo.net\/en\/","logo":{"@type":"ImageObject","inLanguage":"en-US","@id":"https:\/\/www.q-bo.net\/en\/#\/schema\/logo\/image\/","url":"https:\/\/www.q-bo.net\/site\/wp-content\/uploads\/2022\/01\/logo-qbo.png","contentUrl":"https:\/\/www.q-bo.net\/site\/wp-content\/uploads\/2022\/01\/logo-qbo.png","width":463,"height":108,"caption":"Q.bo s.r.l."},"image":{"@id":"https:\/\/www.q-bo.net\/en\/#\/schema\/logo\/image\/"},"sameAs":["https:\/\/x.com\/qbo_srl"]}]}},"jetpack_publicize_connections":[],"jetpack_sharing_enabled":true,"_links":{"self":[{"href":"https:\/\/www.q-bo.net\/en\/wp-json\/wp\/v2\/product\/810239","targetHints":{"allow":["GET"]}}],"collection":[{"href":"https:\/\/www.q-bo.net\/en\/wp-json\/wp\/v2\/product"}],"about":[{"href":"https:\/\/www.q-bo.net\/en\/wp-json\/wp\/v2\/types\/product"}],"replies":[{"embeddable":true,"href":"https:\/\/www.q-bo.net\/en\/wp-json\/wp\/v2\/comments?post=810239"}],"wp:featuredmedia":[{"embeddable":true,"href":"https:\/\/www.q-bo.net\/en\/wp-json\/wp\/v2\/media\/1109663"}],"wp:attachment":[{"href":"https:\/\/www.q-bo.net\/en\/wp-json\/wp\/v2\/media?parent=810239"}],"wp:term":[{"taxonomy":"product_brand","embeddable":true,"href":"https:\/\/www.q-bo.net\/en\/wp-json\/wp\/v2\/product_brand?post=810239"},{"taxonomy":"product_cat","embeddable":true,"href":"https:\/\/www.q-bo.net\/en\/wp-json\/wp\/v2\/product_cat?post=810239"},{"taxonomy":"product_tag","embeddable":true,"href":"https:\/\/www.q-bo.net\/en\/wp-json\/wp\/v2\/product_tag?post=810239"}],"curies":[{"name":"wp","href":"https:\/\/api.w.org\/{rel}","templated":true}]}}