
{"id":948403,"date":"2026-04-09T00:00:00","date_gmt":"2026-04-08T22:00:00","guid":{"rendered":"https:\/\/www.q-bo.net\/prodotto\/igloo-4-deluxe-tent-25007\/"},"modified":"2026-04-09T09:54:26","modified_gmt":"2026-04-09T07:54:26","slug":"igloo-4-deluxe-tent-25007","status":"publish","type":"product","link":"https:\/\/www.q-bo.net\/en\/product\/igloo-4-deluxe-tent-25007\/","title":{"rendered":"Igloo 4 Deluxe Tent"},"content":{"rendered":"<p>4 person camping tent. Roof 190T polyester coated with thermal insulating aluminised polyurethane (PU), 2000 mm water column, additional anchors, bracing, windproof roll-up wall. Heat-taped seams in the over-roof. Veranda with kristal windows. Interior 190T polyester breathable, connected to the poles with hook system for quick assembly, storage pockets. Removable divider. Two polyester doors with two mosquito nets. Polyethylene floor (PE) g185\/m\u00b2, with porch ground flooring. Fiberglass poles \u00d8 11 mm two main arches, \u00d8 9.5 mm veranda arch. Metal veranda poles, metal pins 19 X \u00d8 4 mm, nylon tie rods \u00d8 3.5 mm and case with zipper and handles (63 X \u00d8 18 cm). Dimensions cm 475 (100 + 205 + 75 + 100) X 230. Internal height cm 180. Weight kg 9.<\/p>\n","protected":false},"excerpt":{"rendered":"<p>4 person camping tent. Roof 190T polyester coated with thermal insulating aluminised polyurethane (PU), 2000 mm water column, additional anchors, bracing, windproof roll-up wall. Heat-taped seams in the over-roof. Veranda with kristal windows. Interior 190T polyester breathable, connected to the poles with hook system for quick assembly, storage pockets. Removable divider. Two polyester doors with [&hellip;]<\/p>\n","protected":false},"featured_media":1114634,"comment_status":"open","ping_status":"open","template":"","meta":{"jetpack_post_was_ever_published":false,"jetpack_publicize_message":"","jetpack_publicize_feature_enabled":true,"jetpack_social_post_already_shared":false,"jetpack_social_options":{"image_generator_settings":{"template":"highway","default_image_id":0,"font":"","enabled":false},"version":2}},"product_brand":[],"product_cat":[389,3473],"product_tag":[],"class_list":{"0":"post-948403","1":"product","2":"type-product","3":"status-publish","4":"has-post-thumbnail","6":"product_cat-camping","7":"product_cat-tents","8":"product_shipping_class-cartone","10":"first","11":"instock","12":"taxable","13":"shipping-taxable","14":"purchasable","15":"product-type-simple"},"yoast_head":"<!-- This site is optimized with the Yoast SEO Premium plugin v27.5 (Yoast SEO v27.5) - https:\/\/yoast.com\/product\/yoast-seo-premium-wordpress\/ -->\n<title>Igloo 4 Deluxe Tent - Q.bo<\/title>\n<meta name=\"robots\" content=\"index, follow, max-snippet:-1, max-image-preview:large, max-video-preview:-1\" \/>\n<link rel=\"canonical\" href=\"https:\/\/www.q-bo.net\/en\/product\/igloo-4-deluxe-tent-25007\/\" \/>\n<meta property=\"og:locale\" content=\"en_US\" \/>\n<meta property=\"og:type\" content=\"article\" \/>\n<meta property=\"og:title\" content=\"Igloo 4 Deluxe Tent\" \/>\n<meta property=\"og:description\" content=\"4 person camping tent. Roof 190T polyester coated with thermal insulating aluminised polyurethane (PU), 2000 mm water column, additional anchors, bracing,\" \/>\n<meta property=\"og:url\" content=\"https:\/\/www.q-bo.net\/en\/product\/igloo-4-deluxe-tent-25007\/\" \/>\n<meta property=\"og:site_name\" content=\"Q.bo\" \/>\n<meta property=\"article:modified_time\" content=\"2026-04-09T07:54:26+00:00\" \/>\n<meta property=\"og:image\" content=\"https:\/\/www.q-bo.net\/site\/wp-content\/uploads\/2026\/04\/25007.jpg\" \/>\n\t<meta property=\"og:image:width\" content=\"1440\" \/>\n\t<meta property=\"og:image:height\" content=\"1440\" \/>\n\t<meta property=\"og:image:type\" content=\"image\/jpeg\" \/>\n<meta name=\"twitter:card\" content=\"summary_large_image\" \/>\n<meta name=\"twitter:site\" content=\"@qbo_srl\" \/>\n<meta name=\"twitter:label1\" content=\"Est. reading time\" \/>\n\t<meta name=\"twitter:data1\" content=\"1 minute\" \/>\n<script type=\"application\/ld+json\" class=\"yoast-schema-graph\">{\"@context\":\"https:\\\/\\\/schema.org\",\"@graph\":[{\"@type\":\"WebPage\",\"@id\":\"https:\\\/\\\/www.q-bo.net\\\/en\\\/product\\\/igloo-4-deluxe-tent-25007\\\/\",\"url\":\"https:\\\/\\\/www.q-bo.net\\\/en\\\/product\\\/igloo-4-deluxe-tent-25007\\\/\",\"name\":\"Igloo 4 Deluxe Tent - Q.bo\",\"isPartOf\":{\"@id\":\"https:\\\/\\\/www.q-bo.net\\\/en\\\/#website\"},\"primaryImageOfPage\":{\"@id\":\"https:\\\/\\\/www.q-bo.net\\\/en\\\/product\\\/igloo-4-deluxe-tent-25007\\\/#primaryimage\"},\"image\":{\"@id\":\"https:\\\/\\\/www.q-bo.net\\\/en\\\/product\\\/igloo-4-deluxe-tent-25007\\\/#primaryimage\"},\"thumbnailUrl\":\"https:\\\/\\\/www.q-bo.net\\\/site\\\/wp-content\\\/uploads\\\/2026\\\/04\\\/25007.jpg\",\"datePublished\":\"2026-04-08T22:00:00+00:00\",\"dateModified\":\"2026-04-09T07:54:26+00:00\",\"breadcrumb\":{\"@id\":\"https:\\\/\\\/www.q-bo.net\\\/en\\\/product\\\/igloo-4-deluxe-tent-25007\\\/#breadcrumb\"},\"inLanguage\":\"en-US\",\"potentialAction\":[{\"@type\":\"ReadAction\",\"target\":[\"https:\\\/\\\/www.q-bo.net\\\/en\\\/product\\\/igloo-4-deluxe-tent-25007\\\/\"]}]},{\"@type\":\"ImageObject\",\"inLanguage\":\"en-US\",\"@id\":\"https:\\\/\\\/www.q-bo.net\\\/en\\\/product\\\/igloo-4-deluxe-tent-25007\\\/#primaryimage\",\"url\":\"https:\\\/\\\/www.q-bo.net\\\/site\\\/wp-content\\\/uploads\\\/2026\\\/04\\\/25007.jpg\",\"contentUrl\":\"https:\\\/\\\/www.q-bo.net\\\/site\\\/wp-content\\\/uploads\\\/2026\\\/04\\\/25007.jpg\",\"width\":1440,\"height\":1440},{\"@type\":\"BreadcrumbList\",\"@id\":\"https:\\\/\\\/www.q-bo.net\\\/en\\\/product\\\/igloo-4-deluxe-tent-25007\\\/#breadcrumb\",\"itemListElement\":[{\"@type\":\"ListItem\",\"position\":1,\"name\":\"Home\",\"item\":\"https:\\\/\\\/www.q-bo.net\\\/en\\\/\"},{\"@type\":\"ListItem\",\"position\":2,\"name\":\"Products\",\"item\":\"https:\\\/\\\/www.q-bo.net\\\/en\\\/shop\\\/\"},{\"@type\":\"ListItem\",\"position\":3,\"name\":\"Igloo 4 Deluxe Tent\"}]},{\"@type\":\"WebSite\",\"@id\":\"https:\\\/\\\/www.q-bo.net\\\/en\\\/#website\",\"url\":\"https:\\\/\\\/www.q-bo.net\\\/en\\\/\",\"name\":\"Q.bo\",\"description\":\"Camping \\\/ Garden \\\/ Beach \\\/ Leisure\",\"publisher\":{\"@id\":\"https:\\\/\\\/www.q-bo.net\\\/en\\\/#organization\"},\"potentialAction\":[{\"@type\":\"SearchAction\",\"target\":{\"@type\":\"EntryPoint\",\"urlTemplate\":\"https:\\\/\\\/www.q-bo.net\\\/en\\\/?s={search_term_string}\"},\"query-input\":{\"@type\":\"PropertyValueSpecification\",\"valueRequired\":true,\"valueName\":\"search_term_string\"}}],\"inLanguage\":\"en-US\"},{\"@type\":\"Organization\",\"@id\":\"https:\\\/\\\/www.q-bo.net\\\/en\\\/#organization\",\"name\":\"Q.bo s.r.l.\",\"url\":\"https:\\\/\\\/www.q-bo.net\\\/en\\\/\",\"logo\":{\"@type\":\"ImageObject\",\"inLanguage\":\"en-US\",\"@id\":\"https:\\\/\\\/www.q-bo.net\\\/en\\\/#\\\/schema\\\/logo\\\/image\\\/\",\"url\":\"https:\\\/\\\/www.q-bo.net\\\/site\\\/wp-content\\\/uploads\\\/2022\\\/01\\\/logo-qbo.png\",\"contentUrl\":\"https:\\\/\\\/www.q-bo.net\\\/site\\\/wp-content\\\/uploads\\\/2022\\\/01\\\/logo-qbo.png\",\"width\":463,\"height\":108,\"caption\":\"Q.bo s.r.l.\"},\"image\":{\"@id\":\"https:\\\/\\\/www.q-bo.net\\\/en\\\/#\\\/schema\\\/logo\\\/image\\\/\"},\"sameAs\":[\"https:\\\/\\\/x.com\\\/qbo_srl\"]}]}<\/script>\n<!-- \/ Yoast SEO Premium plugin. -->","yoast_head_json":{"title":"Igloo 4 Deluxe Tent - Q.bo","robots":{"index":"index","follow":"follow","max-snippet":"max-snippet:-1","max-image-preview":"max-image-preview:large","max-video-preview":"max-video-preview:-1"},"canonical":"https:\/\/www.q-bo.net\/en\/product\/igloo-4-deluxe-tent-25007\/","og_locale":"en_US","og_type":"article","og_title":"Igloo 4 Deluxe Tent","og_description":"4 person camping tent. Roof 190T polyester coated with thermal insulating aluminised polyurethane (PU), 2000 mm water column, additional anchors, bracing,","og_url":"https:\/\/www.q-bo.net\/en\/product\/igloo-4-deluxe-tent-25007\/","og_site_name":"Q.bo","article_modified_time":"2026-04-09T07:54:26+00:00","og_image":[{"width":1440,"height":1440,"url":"https:\/\/www.q-bo.net\/site\/wp-content\/uploads\/2026\/04\/25007.jpg","type":"image\/jpeg"}],"twitter_card":"summary_large_image","twitter_site":"@qbo_srl","twitter_misc":{"Est. reading time":"1 minute"},"schema":{"@context":"https:\/\/schema.org","@graph":[{"@type":"WebPage","@id":"https:\/\/www.q-bo.net\/en\/product\/igloo-4-deluxe-tent-25007\/","url":"https:\/\/www.q-bo.net\/en\/product\/igloo-4-deluxe-tent-25007\/","name":"Igloo 4 Deluxe Tent - Q.bo","isPartOf":{"@id":"https:\/\/www.q-bo.net\/en\/#website"},"primaryImageOfPage":{"@id":"https:\/\/www.q-bo.net\/en\/product\/igloo-4-deluxe-tent-25007\/#primaryimage"},"image":{"@id":"https:\/\/www.q-bo.net\/en\/product\/igloo-4-deluxe-tent-25007\/#primaryimage"},"thumbnailUrl":"https:\/\/www.q-bo.net\/site\/wp-content\/uploads\/2026\/04\/25007.jpg","datePublished":"2026-04-08T22:00:00+00:00","dateModified":"2026-04-09T07:54:26+00:00","breadcrumb":{"@id":"https:\/\/www.q-bo.net\/en\/product\/igloo-4-deluxe-tent-25007\/#breadcrumb"},"inLanguage":"en-US","potentialAction":[{"@type":"ReadAction","target":["https:\/\/www.q-bo.net\/en\/product\/igloo-4-deluxe-tent-25007\/"]}]},{"@type":"ImageObject","inLanguage":"en-US","@id":"https:\/\/www.q-bo.net\/en\/product\/igloo-4-deluxe-tent-25007\/#primaryimage","url":"https:\/\/www.q-bo.net\/site\/wp-content\/uploads\/2026\/04\/25007.jpg","contentUrl":"https:\/\/www.q-bo.net\/site\/wp-content\/uploads\/2026\/04\/25007.jpg","width":1440,"height":1440},{"@type":"BreadcrumbList","@id":"https:\/\/www.q-bo.net\/en\/product\/igloo-4-deluxe-tent-25007\/#breadcrumb","itemListElement":[{"@type":"ListItem","position":1,"name":"Home","item":"https:\/\/www.q-bo.net\/en\/"},{"@type":"ListItem","position":2,"name":"Products","item":"https:\/\/www.q-bo.net\/en\/shop\/"},{"@type":"ListItem","position":3,"name":"Igloo 4 Deluxe Tent"}]},{"@type":"WebSite","@id":"https:\/\/www.q-bo.net\/en\/#website","url":"https:\/\/www.q-bo.net\/en\/","name":"Q.bo","description":"Camping \/ Garden \/ Beach \/ Leisure","publisher":{"@id":"https:\/\/www.q-bo.net\/en\/#organization"},"potentialAction":[{"@type":"SearchAction","target":{"@type":"EntryPoint","urlTemplate":"https:\/\/www.q-bo.net\/en\/?s={search_term_string}"},"query-input":{"@type":"PropertyValueSpecification","valueRequired":true,"valueName":"search_term_string"}}],"inLanguage":"en-US"},{"@type":"Organization","@id":"https:\/\/www.q-bo.net\/en\/#organization","name":"Q.bo s.r.l.","url":"https:\/\/www.q-bo.net\/en\/","logo":{"@type":"ImageObject","inLanguage":"en-US","@id":"https:\/\/www.q-bo.net\/en\/#\/schema\/logo\/image\/","url":"https:\/\/www.q-bo.net\/site\/wp-content\/uploads\/2022\/01\/logo-qbo.png","contentUrl":"https:\/\/www.q-bo.net\/site\/wp-content\/uploads\/2022\/01\/logo-qbo.png","width":463,"height":108,"caption":"Q.bo s.r.l."},"image":{"@id":"https:\/\/www.q-bo.net\/en\/#\/schema\/logo\/image\/"},"sameAs":["https:\/\/x.com\/qbo_srl"]}]}},"jetpack_publicize_connections":[],"jetpack_sharing_enabled":true,"_links":{"self":[{"href":"https:\/\/www.q-bo.net\/en\/wp-json\/wp\/v2\/product\/948403","targetHints":{"allow":["GET"]}}],"collection":[{"href":"https:\/\/www.q-bo.net\/en\/wp-json\/wp\/v2\/product"}],"about":[{"href":"https:\/\/www.q-bo.net\/en\/wp-json\/wp\/v2\/types\/product"}],"replies":[{"embeddable":true,"href":"https:\/\/www.q-bo.net\/en\/wp-json\/wp\/v2\/comments?post=948403"}],"wp:featuredmedia":[{"embeddable":true,"href":"https:\/\/www.q-bo.net\/en\/wp-json\/wp\/v2\/media\/1114634"}],"wp:attachment":[{"href":"https:\/\/www.q-bo.net\/en\/wp-json\/wp\/v2\/media?parent=948403"}],"wp:term":[{"taxonomy":"product_brand","embeddable":true,"href":"https:\/\/www.q-bo.net\/en\/wp-json\/wp\/v2\/product_brand?post=948403"},{"taxonomy":"product_cat","embeddable":true,"href":"https:\/\/www.q-bo.net\/en\/wp-json\/wp\/v2\/product_cat?post=948403"},{"taxonomy":"product_tag","embeddable":true,"href":"https:\/\/www.q-bo.net\/en\/wp-json\/wp\/v2\/product_tag?post=948403"}],"curies":[{"name":"wp","href":"https:\/\/api.w.org\/{rel}","templated":true}]}}